{"id":18805,"date":"2021-10-09T04:16:52","date_gmt":"2021-10-08T21:16:52","guid":{"rendered":"https:\/\/mouldking.store\/?post_type=product&#038;p=18805"},"modified":"2025-12-25T09:28:01","modified_gmt":"2025-12-25T02:28:01","slug":"moc-10219-millennium-falcon-vertical-display-stand","status":"publish","type":"product","link":"https:\/\/mouldking.store\/es\/shop\/moc-10219-millennium-falcon-vertical-display-stand\/","title":{"rendered":"MOC 10219 Soporte de exhibici\u00f3n vertical del Halc\u00f3n Milenario"},"content":{"rendered":"<p>0<\/p>","protected":false},"excerpt":{"rendered":"<p>\u2022 Con 407 piezas \u2022 Ladrillos de la m\u00e1s alta calidad<\/p>\n<p>Esta fant\u00e1stica exhibici\u00f3n hecha de LEPINWORLD es una excelente manera de mostrar su juego de ladrillos Millennium Falcon: 75192, Lepin&#039;s Millennium Falcon 05132 y MOC 10179<\/p>\n<h4>ESPECIFICACIONES DEL ART\u00cdCULO<\/h4>\n<ul>\u2022 407 piezas hechas de ladrillos de pl\u00e1stico ABS 100% de alta calidad, seguros para los ni\u00f1os, mucho tiempo para jugar, 100% compatible con otras marcas de ladrillos como Le .go<\/ul>\n<ul>\u2022 Diagramas de instrucciones f\u00e1ciles de seguir con gu\u00eda ladrillo a ladrillo: se env\u00eda un archivo pdf por correo electr\u00f3nico.<\/ul>\n<ul>\u2022 El soporte es de color gris claro y se combinar\u00e1 con el fondo cuando muestre su LEGO Millennium Falcon.<\/ul>\n<ul>\u2022 Nuestro soporte de exhibici\u00f3n vertical es compatible con 100% con muchas variaciones diferentes de Millennium Falcons, que incluyen: UCS Millennium Falcon 75192, Lepin&#039;s Millennium Falcon 05132 y MOC 10179.<\/ul>\n<ul>\u2022 Las dimensiones completas del soporte se pueden ver en la imagen a continuaci\u00f3n.<\/ul>\n<p><img decoding=\"async\" src=\"https:\/\/us03-imgcdn.ymcart.com\/44618\/2019\/04\/27\/3\/e\/3ed5d8150b7e8e0e.jpg\" alt=\"\" \/><\/p>\n<h4>INSTRUCCIONES DE CONSTRUCCI\u00d3N MOC<\/h4>\n<p>Las instrucciones para todos nuestros MOC SET se enviar\u00e1n despu\u00e9s de recibir su pedido por correo electr\u00f3nico o Livechat Facebook. P\u00f3ngase en contacto con nosotros para ello.<\/p>\n<h4>FECHA DE ENV\u00cdO<\/h4>\n<p>Los conjuntos MOC necesitan 10-12 d\u00edas para prepararse y; <span style=\"color: red\"><strong>ser\u00e1 enviado dentro de 15 d\u00edas<\/strong><\/span><\/p>\n<h4>PARTES FALTANTES<\/h4>\n<p>Se verifica la calidad de todas las piezas antes del env\u00edo, por lo que si encuentra piezas faltantes o da\u00f1adas, no se preocupe. P\u00f3ngase en contacto con nosotros y se los enviaremos sin cargo, o le ofreceremos un peque\u00f1o reembolso para que compre en otros lugares.<\/p>","protected":false},"featured_media":18839,"comment_status":"open","ping_status":"closed","template":"","meta":{"_acf_changed":false},"product_cat":[415],"product_tag":[],"class_list":["product","first","instock","featured","shipping-taxable","purchasable","product-type-simple"],"acf":[],"_links":{"self":[{"href":"https:\/\/mouldking.store\/es\/wp-json\/wp\/v2\/product\/18805","targetHints":{"allow":["GET"]}}],"collection":[{"href":"https:\/\/mouldking.store\/es\/wp-json\/wp\/v2\/product"}],"about":[{"href":"https:\/\/mouldking.store\/es\/wp-json\/wp\/v2\/types\/product"}],"replies":[{"embeddable":true,"href":"https:\/\/mouldking.store\/es\/wp-json\/wp\/v2\/comments?post=18805"}],"wp:featuredmedia":[{"embeddable":true,"href":"https:\/\/mouldking.store\/es\/wp-json\/wp\/v2\/media\/18839"}],"wp:attachment":[{"href":"https:\/\/mouldking.store\/es\/wp-json\/wp\/v2\/media?parent=18805"}],"wp:term":[{"taxonomy":"product_cat","embeddable":true,"href":"https:\/\/mouldking.store\/es\/wp-json\/wp\/v2\/product_cat?post=18805"},{"taxonomy":"product_tag","embeddable":true,"href":"https:\/\/mouldking.store\/es\/wp-json\/wp\/v2\/product_tag?post=18805"}],"curies":[{"name":"wp","href":"https:\/\/api.w.org\/{rel}","templated":true}]}}