{"id":19528,"date":"2021-10-09T04:34:56","date_gmt":"2021-10-08T21:34:56","guid":{"rendered":"https:\/\/mouldking.store\/shop\/moc-41271-black-ferrari-f12-super-car-by-loxlego-moc-factory\/"},"modified":"2025-12-25T09:27:24","modified_gmt":"2025-12-25T02:27:24","slug":"moc-41271-black-ferrari-f12-super-car-by-loxlego-moc-factory","status":"publish","type":"product","link":"https:\/\/mouldking.store\/es\/shop\/moc-41271-black-ferrari-f12-super-car-by-loxlego-moc-factory\/","title":{"rendered":"MOC 41271 Supercoche Ferrari F12 negro de Loxlego MOC FACTORY"},"content":{"rendered":"<p>MOC 41271 Ferrari F12 Black Super Car by Loxlego\u00a0 \u00a0is based\u00a0 on Ferrari F12 and design of Loxlego .\u00a0 It&#8217;s an awesome Brick set MOC 41271 Ferrari F12 Black Super Car by Loxlego , produced by MOC FACTORY<\/p>\n<p><img fetchpriority=\"high\" decoding=\"async\" class=\"size-full wp-image-188070\" src=\"https:\/\/pay.lpwstore.com\/wp-content\/uploads\/2020\/05\/CEC-Ferrari-F12-0.jpg\" alt=\"-\" width=\"1024\" height=\"628\" title=\"-\"><\/p>\n<p><img decoding=\"async\" class=\"wp-image-187988 size-large\" src=\"https:\/\/pay.lpwstore.com\/wp-content\/uploads\/2020\/05\/MOC-FACTORY-MOC-41271-Ferrari-F12-Red-Super-Car-by-Loxlego-25-1024x1024.jpg\" alt=\"-\" width=\"1020\" height=\"1020\" title=\"-\"><\/p>\n<p>The F12 is a traditionalist Ferrari at heart, with its naturally aspirated V12 engine in the nose and just two seats<br \/>\nMatt Saunders | Road test editor<br \/>\nOvershadowed or not, though, the Ferrari F12 Berlinetta is a landmark in its own right, and having been to Italy to sample it, witnessed it disdainfully dismiss the equivalent Lamborghini in a comparison test and seen it come painfully close to scooping our 2013 Best Driver\u2019s Car title, it\u2019s time to get well and truly under this car\u2019s ingeniously sculpted aluminium skin.Although Ferrari has been making front-engined V12 grand touring sports cars for the road for almost six decades, the car to which the new F12 owes its biggest debt is probably the 275 GTB of 1964.<\/p>\n<ul>\n<li>+ 3158\u00a0 pieces made from high-quality 100% ABS plastic bricks, safe for children, long time to play, 100% compatible with other brick brands<\/li>\n<li><span style=\"font-size: 14.4px\">Easy-to-build with manual instruction of MOC 41271 Ferrari F12 Black Super Car by Loxlego MOC FACTORY <\/span><span style=\"font-size: 14.4px;color: #555555\">con gu\u00eda ladrillo a ladrillo e im\u00e1genes de alta calidad<\/span><\/li>\n<li><span style=\"font-size: 14.4px\">Full dimensions of MOC 41271 Ferrari F12 Black Super Car by Loxlego MOC FACTORY:<\/span><\/li>\n<\/ul>\n<blockquote>\n<p>MOC Number: 41271<\/p>\n<\/blockquote>\n<blockquote>\n<p>Name: MOC 41271 Ferrari F12 Black Super Car by Loxlego MOC FACTORY<\/p>\n<\/blockquote>\n<blockquote>\n<p>Designed by: Loxlego<\/p>\n<\/blockquote>\n<blockquote>\n<p>Designed Year 2020<\/p>\n<\/blockquote>\n<blockquote>\n<p>Number of part: 3158 parts<\/p>\n<\/blockquote>\n<blockquote>\n<p>Category: Technic &gt; Model<\/p>\n<\/blockquote>\n<h4><strong>ENTREGA Y DEVOLUCI\u00d3N<\/strong><\/h4>\n<p>We guarantee for MOC 41271 Ferrari F12 Black Super Car by Loxlego MOC FACTORY<\/p>\n<ul>\n<li>Reembolso completo si no recibe su pedido<\/li>\n<li>Proporcionar gratis para piezas faltantes o libro Manual<\/li>\n<li>El cliente no pagar\u00e1 m\u00e1s por impuestos y aranceles aduaneros. (Si tiene que pagar, le reembolsaremos)<\/li>\n<li>El env\u00edo internacional es bastante complicado, nos esforzamos por procesar todo su problema. Pero, si su pedido tiene alg\u00fan problema, cont\u00e1ctenos por correo electr\u00f3nico.<\/li>\n<li><span data-text-color=\"alert\"><strong>Cancelar orden:<\/strong><\/span> Si necesita cancelar el pedido, debe comunicarse con nosotros a trav\u00e9s del correo electr\u00f3nico contact@pay.lpwstore.com lo antes posible. No podemos detener el pedido hasta 48 horas.<\/li>\n<\/ul>\n<h4><strong>PARTES FALTANTES<\/strong><\/h4>\n<p>All parts of MOC 41271 Ferrari F12 Black Super Car by Loxlego MOC FACTORY \u00a0are quality checked before shipping, so if you find some missing or damaged parts, don&#8217;t worry. Please contact us and we will send them to you without any fees, or we will offer a small refund for you to buy in other places.<\/p>\n<h4><strong>PAQUETE<\/strong><\/h4>\n<p>MOC 41271 Ferrari F12 Black Super Car by Loxlego MOC FACTORY new in sealed Bag with Bubble Safty Packing (No original box, original box is too big and easy to be broken during shipping, and this will save cost for you. We promise to pack the blocks well.<\/p>\n<div class=\"mceTemp\"><\/div>\n<figure id=\"attachment_188049\" aria-describedby=\"caption-attachment-188049\" style=\"width: 1020px\" class=\"wp-caption alignnone\"><img decoding=\"async\" class=\"size-large wp-image-188049\" src=\"https:\/\/pay.lpwstore.com\/wp-content\/uploads\/2020\/05\/MOC-41271-Ferrari-F12-Black-Super-Car-by-Loxlego-MOC-FACTORY-1-1024x576.jpg\" alt=\"-\" width=\"1020\" height=\"574\" title=\"-\"><figcaption id=\"caption-attachment-188049\" class=\"wp-caption-text\">MOC 41271 Ferrari F12 Black Super Car by Loxlego MOC FACTORY<\/figcaption><\/figure>\n<figure id=\"attachment_188051\" aria-describedby=\"caption-attachment-188051\" style=\"width: 1020px\" class=\"wp-caption alignnone\"><img loading=\"lazy\" decoding=\"async\" class=\"size-large wp-image-188051\" src=\"https:\/\/pay.lpwstore.com\/wp-content\/uploads\/2020\/05\/MOC-41271-Ferrari-F12-Black-Super-Car-by-Loxlego-MOC-FACTORY-3-1024x576.jpg\" alt=\"-\" width=\"1020\" height=\"574\" title=\"-\"><figcaption id=\"caption-attachment-188051\" class=\"wp-caption-text\">MOC 41271 Ferrari F12 Black Super Car by Loxlego MOC FACTORY<\/figcaption><\/figure>\n<figure id=\"attachment_188052\" aria-describedby=\"caption-attachment-188052\" style=\"width: 1020px\" class=\"wp-caption alignnone\"><img loading=\"lazy\" decoding=\"async\" class=\"size-large wp-image-188052\" src=\"https:\/\/pay.lpwstore.com\/wp-content\/uploads\/2020\/05\/MOC-41271-Ferrari-F12-Black-Super-Car-by-Loxlego-MOC-FACTORY-4-1024x576.jpg\" alt=\"-\" width=\"1020\" height=\"574\" title=\"-\"><figcaption id=\"caption-attachment-188052\" class=\"wp-caption-text\">MOC 41271 Ferrari F12 Black Super Car by Loxlego MOC FACTORY<\/figcaption><\/figure>\n<figure id=\"attachment_188053\" aria-describedby=\"caption-attachment-188053\" style=\"width: 1020px\" class=\"wp-caption alignnone\"><img loading=\"lazy\" decoding=\"async\" class=\"size-large wp-image-188053\" src=\"https:\/\/pay.lpwstore.com\/wp-content\/uploads\/2020\/05\/MOC-41271-Ferrari-F12-Black-Super-Car-by-Loxlego-MOC-FACTORY-5-1024x576.jpg\" alt=\"-\" width=\"1020\" height=\"574\" title=\"-\"><figcaption id=\"caption-attachment-188053\" class=\"wp-caption-text\">MOC 41271 Ferrari F12 Black Super Car by Loxlego MOC FACTORY<\/figcaption><\/figure>\n<figure id=\"attachment_188054\" aria-describedby=\"caption-attachment-188054\" style=\"width: 1020px\" class=\"wp-caption alignnone\"><img loading=\"lazy\" decoding=\"async\" class=\"size-large wp-image-188054\" src=\"https:\/\/pay.lpwstore.com\/wp-content\/uploads\/2020\/05\/MOC-41271-Ferrari-F12-Black-Super-Car-by-Loxlego-MOC-FACTORY-6-1024x576.jpg\" alt=\"-\" width=\"1020\" height=\"574\" title=\"-\"><figcaption id=\"caption-attachment-188054\" class=\"wp-caption-text\">MOC 41271 Ferrari F12 Black Super Car by Loxlego MOC FACTORY<\/figcaption><\/figure>\n<figure id=\"attachment_188055\" aria-describedby=\"caption-attachment-188055\" style=\"width: 1020px\" class=\"wp-caption alignnone\"><img loading=\"lazy\" decoding=\"async\" class=\"size-large wp-image-188055\" src=\"https:\/\/pay.lpwstore.com\/wp-content\/uploads\/2020\/05\/MOC-41271-Ferrari-F12-Black-Super-Car-by-Loxlego-MOC-FACTORY-7-1024x576.jpg\" alt=\"-\" width=\"1020\" height=\"574\" title=\"-\"><figcaption id=\"caption-attachment-188055\" class=\"wp-caption-text\">MOC 41271 Ferrari F12 Black Super Car by Loxlego MOC FACTORY<\/figcaption><\/figure>\n<figure id=\"attachment_188056\" aria-describedby=\"caption-attachment-188056\" style=\"width: 1020px\" class=\"wp-caption alignnone\"><img loading=\"lazy\" decoding=\"async\" class=\"size-large wp-image-188056\" src=\"https:\/\/pay.lpwstore.com\/wp-content\/uploads\/2020\/05\/MOC-41271-Ferrari-F12-Black-Super-Car-by-Loxlego-MOC-FACTORY-8-1024x576.jpg\" alt=\"-\" width=\"1020\" height=\"574\" title=\"-\"><figcaption id=\"caption-attachment-188056\" class=\"wp-caption-text\">MOC 41271 Ferrari F12 Black Super Car by Loxlego MOC FACTORY<\/figcaption><\/figure>\n<figure id=\"attachment_188058\" aria-describedby=\"caption-attachment-188058\" style=\"width: 1020px\" class=\"wp-caption alignnone\"><img loading=\"lazy\" decoding=\"async\" class=\"size-large wp-image-188058\" src=\"https:\/\/pay.lpwstore.com\/wp-content\/uploads\/2020\/05\/MOC-41271-Ferrari-F12-Black-Super-Car-by-Loxlego-MOC-FACTORY-10-1024x576.jpg\" alt=\"-\" width=\"1020\" height=\"574\" title=\"-\"><figcaption id=\"caption-attachment-188058\" class=\"wp-caption-text\">MOC 41271 Ferrari F12 Black Super Car by Loxlego MOC FACTORY<\/figcaption><\/figure>\n<figure id=\"attachment_188059\" aria-describedby=\"caption-attachment-188059\" style=\"width: 1020px\" class=\"wp-caption alignnone\"><img loading=\"lazy\" decoding=\"async\" class=\"size-large wp-image-188059\" src=\"https:\/\/pay.lpwstore.com\/wp-content\/uploads\/2020\/05\/MOC-41271-Ferrari-F12-Black-Super-Car-by-Loxlego-MOC-FACTORY-11-1024x576.jpg\" alt=\"-\" width=\"1020\" height=\"574\" title=\"-\"><figcaption id=\"caption-attachment-188059\" class=\"wp-caption-text\">MOC 41271 Ferrari F12 Black Super Car by Loxlego MOC FACTORY<\/figcaption><\/figure>\n<figure id=\"attachment_188060\" aria-describedby=\"caption-attachment-188060\" style=\"width: 1020px\" class=\"wp-caption alignnone\"><img loading=\"lazy\" decoding=\"async\" class=\"size-large wp-image-188060\" src=\"https:\/\/pay.lpwstore.com\/wp-content\/uploads\/2020\/05\/MOC-41271-Ferrari-F12-Black-Super-Car-by-Loxlego-MOC-FACTORY-12-1024x576.jpg\" alt=\"-\" width=\"1020\" height=\"574\" title=\"-\"><figcaption id=\"caption-attachment-188060\" class=\"wp-caption-text\">MOC 41271 Ferrari F12 Black Super Car by Loxlego MOC FACTORY<\/figcaption><\/figure>\n<figure id=\"attachment_188061\" aria-describedby=\"caption-attachment-188061\" style=\"width: 1020px\" class=\"wp-caption alignnone\"><img loading=\"lazy\" decoding=\"async\" class=\"size-large wp-image-188061\" src=\"https:\/\/pay.lpwstore.com\/wp-content\/uploads\/2020\/05\/MOC-41271-Ferrari-F12-Black-Super-Car-by-Loxlego-MOC-FACTORY-13-1024x576.jpg\" alt=\"-\" width=\"1020\" height=\"574\" title=\"-\"><figcaption id=\"caption-attachment-188061\" class=\"wp-caption-text\">MOC 41271 Ferrari F12 Black Super Car by Loxlego MOC FACTORY<\/figcaption><\/figure>\n<figure id=\"attachment_188062\" aria-describedby=\"caption-attachment-188062\" style=\"width: 1020px\" class=\"wp-caption alignnone\"><img loading=\"lazy\" decoding=\"async\" class=\"size-large wp-image-188062\" src=\"https:\/\/pay.lpwstore.com\/wp-content\/uploads\/2020\/05\/MOC-41271-Ferrari-F12-Black-Super-Car-by-Loxlego-MOC-FACTORY-14-1024x576.jpg\" alt=\"-\" width=\"1020\" height=\"574\" title=\"-\"><figcaption id=\"caption-attachment-188062\" class=\"wp-caption-text\">MOC 41271 Ferrari F12 Black Super Car by Loxlego MOC FACTORY<\/figcaption><\/figure>\n<figure id=\"attachment_188063\" aria-describedby=\"caption-attachment-188063\" style=\"width: 1020px\" class=\"wp-caption alignnone\"><img loading=\"lazy\" decoding=\"async\" class=\"size-large wp-image-188063\" src=\"https:\/\/pay.lpwstore.com\/wp-content\/uploads\/2020\/05\/MOC-41271-Ferrari-F12-Black-Super-Car-by-Loxlego-MOC-FACTORY-15-1024x576.jpg\" alt=\"-\" width=\"1020\" height=\"574\" title=\"-\"><figcaption id=\"caption-attachment-188063\" class=\"wp-caption-text\">MOC 41271 Ferrari F12 Black Super Car by Loxlego MOC FACTORY<\/figcaption><\/figure>\n<figure id=\"attachment_188064\" aria-describedby=\"caption-attachment-188064\" style=\"width: 1020px\" class=\"wp-caption alignnone\"><img loading=\"lazy\" decoding=\"async\" class=\"size-large wp-image-188064\" src=\"https:\/\/pay.lpwstore.com\/wp-content\/uploads\/2020\/05\/MOC-41271-Ferrari-F12-Black-Super-Car-by-Loxlego-MOC-FACTORY-16-1024x576.jpg\" alt=\"-\" width=\"1020\" height=\"574\" title=\"-\"><figcaption id=\"caption-attachment-188064\" class=\"wp-caption-text\">MOC 41271 Ferrari F12 Black Super Car by Loxlego MOC FACTORY<\/figcaption><\/figure>\n<figure id=\"attachment_188065\" aria-describedby=\"caption-attachment-188065\" style=\"width: 1020px\" class=\"wp-caption alignnone\"><img loading=\"lazy\" decoding=\"async\" class=\"size-large wp-image-188065\" src=\"https:\/\/pay.lpwstore.com\/wp-content\/uploads\/2020\/05\/MOC-41271-Ferrari-F12-Black-Super-Car-by-Loxlego-MOC-FACTORY-17-1024x576.jpg\" alt=\"-\" width=\"1020\" height=\"574\" title=\"-\"><figcaption id=\"caption-attachment-188065\" class=\"wp-caption-text\">MOC 41271 Ferrari F12 Black Super Car by Loxlego MOC FACTORY<\/figcaption><\/figure>\n<figure id=\"attachment_188066\" aria-describedby=\"caption-attachment-188066\" style=\"width: 1020px\" class=\"wp-caption alignnone\"><img loading=\"lazy\" decoding=\"async\" class=\"size-large wp-image-188066\" src=\"https:\/\/pay.lpwstore.com\/wp-content\/uploads\/2020\/05\/MOC-41271-Ferrari-F12-Black-Super-Car-by-Loxlego-MOC-FACTORY-18-1024x576.jpg\" alt=\"-\" width=\"1020\" height=\"574\" title=\"-\"><figcaption id=\"caption-attachment-188066\" class=\"wp-caption-text\">MOC 41271 Ferrari F12 Black Super Car by Loxlego MOC FACTORY<\/figcaption><\/figure>\n<figure id=\"attachment_188067\" aria-describedby=\"caption-attachment-188067\" style=\"width: 1020px\" class=\"wp-caption alignnone\"><img loading=\"lazy\" decoding=\"async\" class=\"size-large wp-image-188067\" src=\"https:\/\/pay.lpwstore.com\/wp-content\/uploads\/2020\/05\/MOC-41271-Ferrari-F12-Black-Super-Car-by-Loxlego-MOC-FACTORY-19-1024x576.jpg\" alt=\"-\" width=\"1020\" height=\"574\" title=\"-\"><figcaption id=\"caption-attachment-188067\" class=\"wp-caption-text\">MOC 41271 Ferrari F12 Black Super Car by Loxlego MOC FACTORY<\/figcaption><\/figure>\n<figure id=\"attachment_188068\" aria-describedby=\"caption-attachment-188068\" style=\"width: 1020px\" class=\"wp-caption alignnone\"><img loading=\"lazy\" decoding=\"async\" class=\"size-large wp-image-188068\" src=\"https:\/\/pay.lpwstore.com\/wp-content\/uploads\/2020\/05\/MOC-41271-Ferrari-F12-Black-Super-Car-by-Loxlego-MOC-FACTORY-20-1024x576.jpg\" alt=\"-\" width=\"1020\" height=\"574\" title=\"-\"><figcaption id=\"caption-attachment-188068\" class=\"wp-caption-text\">MOC 41271 Ferrari F12 Black Super Car by Loxlego MOC FACTORY<\/figcaption><\/figure>\n<figure id=\"attachment_188069\" aria-describedby=\"caption-attachment-188069\" style=\"width: 1020px\" class=\"wp-caption alignnone\"><img loading=\"lazy\" decoding=\"async\" class=\"size-large wp-image-188069\" src=\"https:\/\/pay.lpwstore.com\/wp-content\/uploads\/2020\/05\/MOC-41271-Ferrari-F12-Black-Super-Car-by-Loxlego-MOC-FACTORY-21-1024x576.jpg\" alt=\"-\" width=\"1020\" height=\"574\" title=\"-\"><figcaption id=\"caption-attachment-188069\" class=\"wp-caption-text\">MOC 41271 Ferrari F12 Black Super Car by Loxlego MOC FACTORY<\/figcaption><\/figure>\n<div class=\"mceTemp\"><\/div>","protected":false},"excerpt":{"rendered":"<h3><strong>MOC 41271 Ferrari F12 Black Super Car by Loxlego MOC FACTORY<\/strong><\/h3>\n<h3><span data-text-color=\"alert\"><strong>NO Motor\/Led kit version (Motor cost 40$)<\/strong><\/span><\/h3>\n<ul>\n<li>Cantidad de ladrillos: <strong>3158+ <\/strong>piezas<\/li>\n<li>Servicio: piezas de repuesto gratuitas<\/li>\n<li>Aviso: <span style=\"text-decoration: underline\" data-text-color=\"alert\"><strong>Sin caja original<\/strong><\/span>,Utilice una bolsa de burbujas o una caja de cart\u00f3n en blanco.<\/li>\n<li>No <span data-text-color=\"alert\"><strong>Book Manual<\/strong><\/span>, Only pdf version<\/li>\n<\/ul>","protected":false},"featured_media":19507,"comment_status":"open","ping_status":"closed","template":"","meta":{"_acf_changed":false},"product_cat":[364],"product_tag":[],"class_list":["product","first","outofstock","shipping-taxable","purchasable","product-type-simple"],"acf":[],"_links":{"self":[{"href":"https:\/\/mouldking.store\/es\/wp-json\/wp\/v2\/product\/19528","targetHints":{"allow":["GET"]}}],"collection":[{"href":"https:\/\/mouldking.store\/es\/wp-json\/wp\/v2\/product"}],"about":[{"href":"https:\/\/mouldking.store\/es\/wp-json\/wp\/v2\/types\/product"}],"replies":[{"embeddable":true,"href":"https:\/\/mouldking.store\/es\/wp-json\/wp\/v2\/comments?post=19528"}],"wp:featuredmedia":[{"embeddable":true,"href":"https:\/\/mouldking.store\/es\/wp-json\/wp\/v2\/media\/19507"}],"wp:attachment":[{"href":"https:\/\/mouldking.store\/es\/wp-json\/wp\/v2\/media?parent=19528"}],"wp:term":[{"taxonomy":"product_cat","embeddable":true,"href":"https:\/\/mouldking.store\/es\/wp-json\/wp\/v2\/product_cat?post=19528"},{"taxonomy":"product_tag","embeddable":true,"href":"https:\/\/mouldking.store\/es\/wp-json\/wp\/v2\/product_tag?post=19528"}],"curies":[{"name":"wp","href":"https:\/\/api.w.org\/{rel}","templated":true}]}}