{"id":19536,"date":"2021-10-09T04:35:07","date_gmt":"2021-10-09T04:35:07","guid":{"rendered":"https:\/\/mouldking.store\/shop\/moc-21541-mass-effect-3-normandy-sr-2-by-elijahlittle-moc-factory\/"},"modified":"2025-12-25T09:27:24","modified_gmt":"2025-12-25T02:27:24","slug":"moc-21541-mass-effect-3-normandy-sr-2-by-elijahlittle-moc-factory","status":"publish","type":"product","link":"https:\/\/mouldking.store\/es\/shop\/moc-21541-mass-effect-3-normandy-sr-2-by-elijahlittle-moc-factory\/","title":{"rendered":"MOC 21541 Mass Effect 3 Normand\u00eda SR 2 por ElijahLittle MOC FACTORY"},"content":{"rendered":"<p><strong>DETALLE DEL PRODUCTO<\/strong><\/p>\n<p>MOC 21541 Mass Effect 3 Normandy SR 2 de ElijahLittle MOC FACTORY se basa en Normandy SR 2 en Mass Effect 3 Game. Es un impresionante juego de ladrillos MOC 21541 Mass Effect 3 Normandy SR 2 de ElijahLittle y dise\u00f1ado originalmente por Sebastian Br\u00fcckner<\/p>\n<p>El Normandy SR-2 es una nave estelar que aparece en 2185 y sirve como el &quot;sucesor&quot; del SR-1. Illusive Man hizo que Cerberus construyera el SR-2 para el equipo del Comandante Shepard reci\u00e9n revivido para ayudarlos en su misi\u00f3n de detener la campa\u00f1a de secuestros humanos de los Coleccionistas en toda la galaxia. El barco sirve como sede de Lazarus Cell.<\/p>\n<p>El barco es muy similar al SSV Normandy SR-1 de Systems Alliance, ya que se bas\u00f3 en el dise\u00f1o del original. El Normandy SR-2 tiene varias diferencias clave, la m\u00e1s significativa es que tiene casi el doble de masa que el original. Cerberus tambi\u00e9n dise\u00f1\u00f3 el barco con m\u00e1s comodidades orientadas a la tripulaci\u00f3n al incluir alojamiento de nivel civil (como sillas de cuero y una cocina).<\/p>\n<p>El barco a\u00fan conserva las caracter\u00edsticas de sigilo del SSV Normandy SR-1. Sin embargo, a diferencia del SR-1, el SR-2 no puede aterrizar en todos los planetas, debido a su mayor masa, lo que requiere que los grupos en tierra usen un transbordador para llegar a la superficie de un planeta.<\/p>\n<figure id=\"attachment_188129\" aria-describedby=\"caption-attachment-188129\" style=\"width: 1020px\" class=\"wp-caption alignnone\"><img fetchpriority=\"high\" decoding=\"async\" class=\"size-large wp-image-188129\" src=\"https:\/\/pay.lpwstore.com\/wp-content\/uploads\/2020\/05\/MOC-21541-Mass-Effect-3-Normandy-SR-2-by-ElijahLittle-MOC-FACTORY-1-1024x640.jpg\" alt=\"-\" width=\"1020\" height=\"638\" title=\"-\"><figcaption id=\"caption-attachment-188129\" class=\"wp-caption-text\">MOC 21541 Mass Effect 3 Normand\u00eda SR 2 por ElijahLittle MOC FACTORY<\/figcaption><\/figure>\n<ul>\n<li>+ 3320 piezas hechas de ladrillos de pl\u00e1stico ABS 100% de alta calidad, seguros para los ni\u00f1os, mucho tiempo para jugar, 100% compatible con otras marcas de ladrillos<\/li>\n<li><span style=\"font-size: 14.4px\">F\u00e1cil de construir con instrucciones manuales de MOC 21541 Mass Effect 3 Normandy SR 2 de ElijahLittle MOC FACTORY <\/span><span style=\"font-size: 14.4px;color: #555555\">con gu\u00eda ladrillo a ladrillo e im\u00e1genes de alta calidad<\/span><\/li>\n<li><span style=\"font-size: 14.4px\">Dimensiones completas de MOC 21541 Mass Effect 3 Normandy SR 2 de ElijahLittle MOC FACTORY:<\/span><\/li>\n<\/ul>\n<p>&nbsp;<\/p>\n<blockquote>\n<p>N\u00famero MOC: 21541<br \/>\nNombre: Mass Effect 3 Normand\u00eda SR-2<br \/>\nDise\u00f1ado por: ElijahLittle<br \/>\nA\u00f1o de dise\u00f1o: 2017<br \/>\nN\u00famero de piezas: 3320 piezas<br \/>\nCategor\u00eda: Espacio<\/p>\n<\/blockquote>\n<h4><strong>ENTREGA Y DEVOLUCI\u00d3N<\/strong><\/h4>\n<p>Garantizamos MOC 21541 Mass Effect 3 Normandy SR 2 de ElijahLittle MOC FACTORY<\/p>\n<ul>\n<li>Reembolso completo si no recibe su pedido<\/li>\n<li>Proporcionar gratis para piezas faltantes o libro Manual<\/li>\n<li>El cliente no pagar\u00e1 m\u00e1s por impuestos y aranceles aduaneros. (Si tiene que pagar, le reembolsaremos)<\/li>\n<li>El env\u00edo internacional es bastante complicado, nos esforzamos por procesar todo su problema. Pero, si su pedido tiene alg\u00fan problema, cont\u00e1ctenos por correo electr\u00f3nico.<\/li>\n<li><span data-text-color=\"alert\"><strong>Cancelar orden:<\/strong><\/span> Si necesita cancelar el pedido, debe comunicarse con nosotros a trav\u00e9s del correo electr\u00f3nico contact@pay.lpwstore.com lo antes posible. No podemos detener el pedido hasta 48 horas.<\/li>\n<\/ul>\n<h4><strong>PARTES FALTANTES<\/strong><\/h4>\n<p>Se comprueba la calidad de todas las piezas de MOC 21541 Mass Effect 3 Normandy SR 2 de ElijahLittle MOC FACTORY antes del env\u00edo, por lo que si encuentra piezas faltantes o da\u00f1adas, no se preocupe. P\u00f3ngase en contacto con nosotros y se los enviaremos sin cargo, o le ofreceremos un peque\u00f1o reembolso para que compre en otros lugares.<\/p>\n<h4><strong>PAQUETE<\/strong><\/h4>\n<p>MOC 21541 Mass Effect 3 Normandy SR 2 de ElijahLittle MOC FACTORY nuevo en bolsa sellada con embalaje de seguridad de burbujas (sin caja original, la caja original es demasiado grande y f\u00e1cil de romper durante el env\u00edo, y esto le ahorrar\u00e1 costos. Prometemos empacar bien los bloques.<\/p>\n<figure id=\"attachment_188131\" aria-describedby=\"caption-attachment-188131\" style=\"width: 1020px\" class=\"wp-caption alignnone\"><img decoding=\"async\" class=\"size-large wp-image-188131\" src=\"https:\/\/pay.lpwstore.com\/wp-content\/uploads\/2020\/05\/MOC-21541-Mass-Effect-3-Normandy-SR-2-by-ElijahLittle-MOC-FACTORY-2-1024x509.jpg\" alt=\"-\" width=\"1020\" height=\"507\" title=\"-\"><figcaption id=\"caption-attachment-188131\" class=\"wp-caption-text\">MOC 21541 Mass Effect 3 Normand\u00eda SR 2 por ElijahLittle MOC FACTORY<\/figcaption><\/figure>\n<figure id=\"attachment_188132\" aria-describedby=\"caption-attachment-188132\" style=\"width: 1020px\" class=\"wp-caption alignnone\"><img decoding=\"async\" class=\"size-large wp-image-188132\" src=\"https:\/\/pay.lpwstore.com\/wp-content\/uploads\/2020\/05\/MOC-21541-Mass-Effect-3-Normandy-SR-2-by-ElijahLittle-MOC-FACTORY-3-1024x445.jpg\" alt=\"-\" width=\"1020\" height=\"443\" title=\"-\"><figcaption id=\"caption-attachment-188132\" class=\"wp-caption-text\">MOC 21541 Mass Effect 3 Normand\u00eda SR 2 por ElijahLittle MOC FACTORY<\/figcaption><\/figure>\n<figure id=\"attachment_188133\" aria-describedby=\"caption-attachment-188133\" style=\"width: 1020px\" class=\"wp-caption alignnone\"><img loading=\"lazy\" decoding=\"async\" class=\"wp-image-188133 size-large\" src=\"https:\/\/pay.lpwstore.com\/wp-content\/uploads\/2020\/05\/MOC-21541-Mass-Effect-3-Normandy-SR-2-by-ElijahLittle-MOC-FACTORY-4-1024x331.jpg\" alt=\"-\" width=\"1020\" height=\"330\" title=\"-\"><figcaption id=\"caption-attachment-188133\" class=\"wp-caption-text\">MOC 21541 Mass Effect 3 Normand\u00eda SR 2 por ElijahLittle MOC FACTORY<\/figcaption><\/figure>\n<figure id=\"attachment_188134\" aria-describedby=\"caption-attachment-188134\" style=\"width: 1020px\" class=\"wp-caption alignnone\"><img loading=\"lazy\" decoding=\"async\" class=\"size-large wp-image-188134\" src=\"https:\/\/pay.lpwstore.com\/wp-content\/uploads\/2020\/05\/MOC-21541-Mass-Effect-3-Normandy-SR-2-by-ElijahLittle-MOC-FACTORY-5-1024x380.jpg\" alt=\"-\" width=\"1020\" height=\"379\" title=\"-\"><figcaption id=\"caption-attachment-188134\" class=\"wp-caption-text\">MOC 21541 Mass Effect 3 Normand\u00eda SR 2 por ElijahLittle MOC FACTORY<\/figcaption><\/figure>","protected":false},"excerpt":{"rendered":"<h3><strong>MOC 21541 Mass Effect 3 Normand\u00eda SR 2 por ElijahLittle MOC FACTORY<\/strong><\/h3>\n<h3><span data-text-color=\"alert\"><strong>Disponible en julio de 2020\/Suscr\u00edbase por correo electr\u00f3nico y reciba un aviso cuando se publique<\/strong><\/span><\/h3>\n<ul>\n<li>Cantidad de ladrillos: <strong>3320+ <\/strong>piezas + pegatinas completas<\/li>\n<li>Servicio: piezas de repuesto gratuitas<\/li>\n<li>Aviso: <span style=\"text-decoration: underline\" data-text-color=\"alert\"><strong>Sin caja original<\/strong><\/span>,Utilice una bolsa de burbujas o una caja de cart\u00f3n en blanco.<\/li>\n<\/ul>\n<div id=\"gtx-trans\">\n<div class=\"gtx-trans-icon\"><\/div>\n<\/div>","protected":false},"featured_media":19529,"comment_status":"open","ping_status":"closed","template":"","meta":{"_acf_changed":false},"product_cat":[15],"product_tag":[],"class_list":["product","first","outofstock","shipping-taxable","purchasable","product-type-simple"],"acf":[],"_links":{"self":[{"href":"https:\/\/mouldking.store\/es\/wp-json\/wp\/v2\/product\/19536","targetHints":{"allow":["GET"]}}],"collection":[{"href":"https:\/\/mouldking.store\/es\/wp-json\/wp\/v2\/product"}],"about":[{"href":"https:\/\/mouldking.store\/es\/wp-json\/wp\/v2\/types\/product"}],"replies":[{"embeddable":true,"href":"https:\/\/mouldking.store\/es\/wp-json\/wp\/v2\/comments?post=19536"}],"wp:featuredmedia":[{"embeddable":true,"href":"https:\/\/mouldking.store\/es\/wp-json\/wp\/v2\/media\/19529"}],"wp:attachment":[{"href":"https:\/\/mouldking.store\/es\/wp-json\/wp\/v2\/media?parent=19536"}],"wp:term":[{"taxonomy":"product_cat","embeddable":true,"href":"https:\/\/mouldking.store\/es\/wp-json\/wp\/v2\/product_cat?post=19536"},{"taxonomy":"product_tag","embeddable":true,"href":"https:\/\/mouldking.store\/es\/wp-json\/wp\/v2\/product_tag?post=19536"}],"curies":[{"name":"wp","href":"https:\/\/api.w.org\/{rel}","templated":true}]}}