{"id":19819,"date":"2021-10-09T04:37:57","date_gmt":"2021-10-09T04:37:57","guid":{"rendered":"https:\/\/mouldking.store\/shop\/moc-4446-airport-crash-tender-super-vehicle-by-lucioswitch81-moc-factory\/"},"modified":"2025-12-25T09:27:12","modified_gmt":"2025-12-25T02:27:12","slug":"moc-4446-airport-crash-tender-super-vehicle-by-lucioswitch81-moc-factory","status":"publish","type":"product","link":"https:\/\/mouldking.store\/es\/shop\/moc-4446-airport-crash-tender-super-vehicle-by-lucioswitch81-moc-factory\/","title":{"rendered":"Super veh\u00edculo MOC 4446 Airport Crash Tender de Lucioswitch81 MOC FACTORY"},"content":{"rendered":"<p><strong>DETALLE DEL PRODUCTO<\/strong><\/p>\n<p>MOC 4446 Airport Crash Tender de Lucioswitch81 MOC FACTORY se basa en MOC 4446 Airport Crash Tender de Lucioswitch81 en rebrickable. Es un incre\u00edble juego de ladrillos MOC 4446 Airport Crash Tender de Lucioswitch81 MOC FACTORY<\/p>\n<figure id=\"attachment_189400\" aria-describedby=\"caption-attachment-189400\" style=\"width: 1020px\" class=\"wp-caption alignnone\"><img fetchpriority=\"high\" decoding=\"async\" class=\"size-large wp-image-189400\" src=\"https:\/\/pay.lpwstore.com\/wp-content\/uploads\/2020\/05\/afca60478eaa31cb-1024x768.png\" alt=\"-\" width=\"1020\" height=\"765\" title=\"-\"><figcaption id=\"caption-attachment-189400\" class=\"wp-caption-text\">MOC 4446 Airport Crash Licitaci\u00f3n por Lucioswitch81 MOC FACTORY<\/figcaption><\/figure>\n<ul>\n<li>+ 7177 piezas hechas de ladrillos de pl\u00e1stico ABS 100% de alta calidad, seguros para los ni\u00f1os, mucho tiempo para jugar, 100% compatible con otras marcas de ladrillos<\/li>\n<li><span style=\"font-size: 14.4px\">F\u00e1cil de construir con instrucciones manuales de MOC 4446 Airport Crash Tender por Lucioswitch81 MOC FACTORY <\/span><span style=\"font-size: 14.4px;color: #555555\">con gu\u00eda ladrillo a ladrillo e im\u00e1genes de alta calidad<\/span><\/li>\n<li><span style=\"font-size: 14.4px\">Dimensiones completas de MOC 4446 Airport Crash Tender de Lucioswitch81 MOC FACTORY:\u00a0<\/span><\/li>\n<\/ul>\n<blockquote>\n<p>N\u00ba MOC: 4446<br \/>\nNombre: Oferta de accidente de aeropuerto<br \/>\nDise\u00f1ado por: Lucioswitch81<br \/>\nA\u00f1o de dise\u00f1o: 2015<br \/>\nN\u00famero de piezas: 7177 piezas<br \/>\nCategor\u00eda: T\u00e9cnica<\/p>\n<\/blockquote>\n<h4><strong>ENTREGA Y DEVOLUCI\u00d3N<\/strong><\/h4>\n<p>Garantizamos MOC 4446 Airport Crash Tender por Lucioswitch81 MOC FACTORY<\/p>\n<ul>\n<li>Reembolso completo si no recibe su pedido<\/li>\n<li>Proporcionar gratis para piezas faltantes o libro Manual<\/li>\n<li>El cliente no pagar\u00e1 m\u00e1s por impuestos y aranceles aduaneros. (Si tiene que pagar, le reembolsaremos)<\/li>\n<li>El env\u00edo internacional es bastante complicado, nos esforzamos por procesar todo su problema. Pero, si su pedido tiene alg\u00fan problema, cont\u00e1ctenos por correo electr\u00f3nico.<\/li>\n<li><span data-text-color=\"alert\"><strong>Cancelar orden:<\/strong><\/span> Si necesita cancelar el pedido, debe comunicarse con nosotros a trav\u00e9s del correo electr\u00f3nico contact@pay.lpwstore.com lo antes posible. No podemos detener el pedido hasta 48 horas.<\/li>\n<\/ul>\n<h4><strong>PARTES FALTANTES<\/strong><\/h4>\n<p>Todas las piezas de MOC 4446 Airport Crash Tender de Lucioswitch81 MOC FACTORY se someten a un control de calidad antes del env\u00edo, por lo que si encuentra piezas faltantes o da\u00f1adas, no se preocupe. P\u00f3ngase en contacto con nosotros y se los enviaremos sin cargo, o le ofreceremos un peque\u00f1o reembolso para que compre en otros lugares.<\/p>\n<h4><strong>PAQUETE<\/strong><\/h4>\n<p>MOC 4446 Airport Crash Tender por Lucioswitch81 MOC FACTORY nuevo en bolsa sellada con embalaje de seguridad de burbujas (sin caja original, la caja original es demasiado grande y f\u00e1cil de romper durante el env\u00edo, y esto le ahorrar\u00e1 costos. Prometemos embalar bien los bloques .<\/p>","protected":false},"excerpt":{"rendered":"<h3><strong>MOC 4446 Airport Crash Licitaci\u00f3n por Lucioswitch81 MOC FACTORY <\/strong><\/h3>\n<h3><span data-text-color=\"alert\"><strong>15-20 d\u00edas para procesar el pedido<\/strong><\/span><\/h3>\n<h3><span data-text-color=\"alert\"><strong>Con versi\u00f3n motorizada<\/strong><\/span><\/h3>\n<h3><\/h3>\n<h3><\/h3>\n<ul>\n<li>Cantidad de ladrillos: <strong>7177+ <\/strong>piezas<\/li>\n<li>Servicio: piezas de repuesto gratuitas<\/li>\n<li>Aviso: <span style=\"text-decoration: underline\" data-text-color=\"alert\"><strong>Sin caja original<\/strong><\/span>,Utilice una bolsa de burbujas o una caja de cart\u00f3n en blanco.<\/li>\n<\/ul>\n<div id=\"gtx-trans\">\n<div class=\"gtx-trans-icon\"><\/div>\n<\/div>","protected":false},"featured_media":19817,"comment_status":"open","ping_status":"closed","template":"","meta":{"_acf_changed":false},"product_cat":[15],"product_tag":[],"class_list":["product","first","outofstock","shipping-taxable","purchasable","product-type-simple"],"acf":[],"_links":{"self":[{"href":"https:\/\/mouldking.store\/es\/wp-json\/wp\/v2\/product\/19819","targetHints":{"allow":["GET"]}}],"collection":[{"href":"https:\/\/mouldking.store\/es\/wp-json\/wp\/v2\/product"}],"about":[{"href":"https:\/\/mouldking.store\/es\/wp-json\/wp\/v2\/types\/product"}],"replies":[{"embeddable":true,"href":"https:\/\/mouldking.store\/es\/wp-json\/wp\/v2\/comments?post=19819"}],"wp:featuredmedia":[{"embeddable":true,"href":"https:\/\/mouldking.store\/es\/wp-json\/wp\/v2\/media\/19817"}],"wp:attachment":[{"href":"https:\/\/mouldking.store\/es\/wp-json\/wp\/v2\/media?parent=19819"}],"wp:term":[{"taxonomy":"product_cat","embeddable":true,"href":"https:\/\/mouldking.store\/es\/wp-json\/wp\/v2\/product_cat?post=19819"},{"taxonomy":"product_tag","embeddable":true,"href":"https:\/\/mouldking.store\/es\/wp-json\/wp\/v2\/product_tag?post=19819"}],"curies":[{"name":"wp","href":"https:\/\/api.w.org\/{rel}","templated":true}]}}