{"id":20281,"date":"2021-10-09T04:45:18","date_gmt":"2021-10-09T04:45:18","guid":{"rendered":"https:\/\/mouldking.store\/shop\/moc-0271-mars-science-laboratory-curiosity-rover-robot-by-perijove-moc-factory\/"},"modified":"2025-12-25T09:26:47","modified_gmt":"2025-12-25T02:26:47","slug":"moc-0271-mars-science-laboratory-curiosity-rover-robot-by-perijove-moc-factory","status":"publish","type":"product","link":"https:\/\/mouldking.store\/es\/shop\/moc-0271-mars-science-laboratory-curiosity-rover-robot-by-perijove-moc-factory\/","title":{"rendered":"MOC-0271 Mars Science Laboratory Curiosity Rover Robot de Perijove MOC FACTORY"},"content":{"rendered":"<p>Este es un modelo del rover Mars Science Laboratory, llamado Curiosity. Actualmente se encuentra en Marte con una exploraci\u00f3n estrat\u00e9gica de la sustentabilidad pasada y actual del Planeta Rojo. El 5 de agosto de 2012 hizo contacto con el cr\u00e1ter Gale, cerca del ecuador. Este modelo tiene un brazo totalmente enunciado, un poste desplegable y un sistema de suspensi\u00f3n de bogie basculante que funciona y que permite al meandro moverse sobre grandes sacudidas y mantener cada una de sus seis ruedas en el suelo.<\/p>\n<p><img fetchpriority=\"high\" decoding=\"async\" class=\"alignnone size-full wp-image-192471\" src=\"https:\/\/pay.lpwstore.com\/wp-content\/uploads\/2020\/06\/New-Project-33.png\" alt=\"MOC0271\" width=\"800\" height=\"800\" title=\"-\"> <img decoding=\"async\" class=\"alignnone size-full wp-image-192470\" src=\"https:\/\/pay.lpwstore.com\/wp-content\/uploads\/2020\/06\/New-Project-34.png\" alt=\"MOC0271\" width=\"800\" height=\"800\" title=\"-\"> <img decoding=\"async\" class=\"alignnone size-full wp-image-192469\" src=\"https:\/\/pay.lpwstore.com\/wp-content\/uploads\/2020\/06\/New-Project-35.png\" alt=\"MOC0271\" width=\"800\" height=\"800\" title=\"-\"><\/p>","protected":false},"excerpt":{"rendered":"<ul>\n<li>Incluir <strong>314+<\/strong> piezas<\/li>\n<li>Instrucci\u00f3n PDF en l\u00ednea<\/li>\n<li>Bloque ABS de alta calidad.<\/li>\n<\/ul>","protected":false},"featured_media":20278,"comment_status":"open","ping_status":"closed","template":"","meta":{"_acf_changed":false},"product_cat":[15],"product_tag":[],"class_list":["product","first","instock","shipping-taxable","purchasable","product-type-simple"],"acf":[],"_links":{"self":[{"href":"https:\/\/mouldking.store\/es\/wp-json\/wp\/v2\/product\/20281","targetHints":{"allow":["GET"]}}],"collection":[{"href":"https:\/\/mouldking.store\/es\/wp-json\/wp\/v2\/product"}],"about":[{"href":"https:\/\/mouldking.store\/es\/wp-json\/wp\/v2\/types\/product"}],"replies":[{"embeddable":true,"href":"https:\/\/mouldking.store\/es\/wp-json\/wp\/v2\/comments?post=20281"}],"wp:featuredmedia":[{"embeddable":true,"href":"https:\/\/mouldking.store\/es\/wp-json\/wp\/v2\/media\/20278"}],"wp:attachment":[{"href":"https:\/\/mouldking.store\/es\/wp-json\/wp\/v2\/media?parent=20281"}],"wp:term":[{"taxonomy":"product_cat","embeddable":true,"href":"https:\/\/mouldking.store\/es\/wp-json\/wp\/v2\/product_cat?post=20281"},{"taxonomy":"product_tag","embeddable":true,"href":"https:\/\/mouldking.store\/es\/wp-json\/wp\/v2\/product_tag?post=20281"}],"curies":[{"name":"wp","href":"https:\/\/api.w.org\/{rel}","templated":true}]}}