{"id":20315,"date":"2021-10-09T04:45:55","date_gmt":"2021-10-08T21:45:55","guid":{"rendered":"https:\/\/mouldking.store\/shop\/moc-18144-exs-wing-starfighter-minifig-scale-in-star-wars-by-brickvault-moc-factory\/"},"modified":"2025-12-25T09:26:46","modified_gmt":"2025-12-25T02:26:46","slug":"moc-18144-exs-wing-starfighter-minifig-scale-in-star-wars-by-brickvault-moc-factory","status":"publish","type":"product","link":"https:\/\/mouldking.store\/es\/shop\/moc-18144-exs-wing-starfighter-minifig-scale-in-star-wars-by-brickvault-moc-factory\/","title":{"rendered":"MOC-18144 EXS-wing Starfighter \u2013 Escala Minifig en Star Wars por brickvault MOC FACTORY"},"content":{"rendered":"<p>El X-wing Starfighter apareci\u00f3 por primera vez en las pantallas en Star Wars: Episodio IV - Una nueva esperanza en 1977. Muy pronto, el X-wing se hizo muy conocido entre los fan\u00e1ticos y el contendiente es actualmente una de las naves espaciales m\u00e1s inconfundibles de la historia. Es algo suave, algo duro y llega a un punto central uniforme entre la ciencia ficci\u00f3n y una mosca guerrera avanzada. La superposici\u00f3n de s-foils se abre cuando est\u00e1 en posici\u00f3n de asalto haciendo que el s\u00edmbolo tenga forma de &quot;X&quot; y el resto es historia.<\/p>\n<p>Organizar el tiempo; 4-8 semanas<\/p>\n<p>&nbsp;<\/p>\n<figure id=\"attachment_202518\" class=\"wp-caption aligncenter\" style=\"width: 800px\" aria-describedby=\"caption-attachment-202518\"><figcaption id=\"caption-attachment-202518\" class=\"wp-caption-text\">\n<figure style=\"width: 681px\" class=\"wp-caption aligncenter\"><img fetchpriority=\"high\" decoding=\"async\" class=\"\" src=\"https:\/\/mocfactory.com\/wp-content\/uploads\/2020\/12\/New-Project-68-1-300x300.png\" alt=\"MOC-18144 Star Wars EXS-wing Starfighter - Minifig Scale Designer brickvault MOC FACTORY\" width=\"681\" height=\"681\" title=\"-\"><figcaption class=\"wp-caption-text\">MOC-18144 Star Wars EXS-wing Starfighter \u2013 Minifig Scale Designer brickvault MOC FACTORY<\/figcaption><\/figure>\n<\/figcaption><\/figure>","protected":false},"excerpt":{"rendered":"<ul>\n<li>Incluir <strong>1160<\/strong><strong>+<\/strong> piezas<\/li>\n<li>Instrucci\u00f3n PDF en l\u00ednea<\/li>\n<li>Bloque ABS de alta calidad.<\/li>\n<\/ul>","protected":false},"featured_media":20314,"comment_status":"open","ping_status":"closed","template":"","meta":{"_acf_changed":false},"product_cat":[415],"product_tag":[],"class_list":["product","first","instock","shipping-taxable","purchasable","product-type-simple"],"acf":[],"_links":{"self":[{"href":"https:\/\/mouldking.store\/es\/wp-json\/wp\/v2\/product\/20315","targetHints":{"allow":["GET"]}}],"collection":[{"href":"https:\/\/mouldking.store\/es\/wp-json\/wp\/v2\/product"}],"about":[{"href":"https:\/\/mouldking.store\/es\/wp-json\/wp\/v2\/types\/product"}],"replies":[{"embeddable":true,"href":"https:\/\/mouldking.store\/es\/wp-json\/wp\/v2\/comments?post=20315"}],"wp:featuredmedia":[{"embeddable":true,"href":"https:\/\/mouldking.store\/es\/wp-json\/wp\/v2\/media\/20314"}],"wp:attachment":[{"href":"https:\/\/mouldking.store\/es\/wp-json\/wp\/v2\/media?parent=20315"}],"wp:term":[{"taxonomy":"product_cat","embeddable":true,"href":"https:\/\/mouldking.store\/es\/wp-json\/wp\/v2\/product_cat?post=20315"},{"taxonomy":"product_tag","embeddable":true,"href":"https:\/\/mouldking.store\/es\/wp-json\/wp\/v2\/product_tag?post=20315"}],"curies":[{"name":"wp","href":"https:\/\/api.w.org\/{rel}","templated":true}]}}