{"id":20402,"date":"2021-10-09T04:46:45","date_gmt":"2021-10-09T04:46:45","guid":{"rendered":"https:\/\/mouldking.store\/shop\/moc-0427-scania-8x8-super-construction-vehicle-by-jaaptechnic-moc-factory\/"},"modified":"2025-12-25T09:25:21","modified_gmt":"2025-12-25T02:25:21","slug":"moc-0427-scania-8x8-super-construction-vehicle-by-jaaptechnic-moc-factory","status":"publish","type":"product","link":"https:\/\/mouldking.store\/es\/shop\/moc-0427-scania-8x8-super-construction-vehicle-by-jaaptechnic-moc-factory\/","title":{"rendered":"MOC-0427 Scania 8 \u00d7 8 S\u00faper veh\u00edculo de construcci\u00f3n de JaapTechnic MOC FACTORY"},"content":{"rendered":"<div>Escania 8\u00d78<\/div>\n<div><\/div>\n<div>modelo sensato con cabina alta<\/div>\n<div>tren motriz con 2 motores XL<\/div>\n<div>el primer y segundo cubo est\u00e1n controlados por un motor 1 M<\/div>\n<div><\/div>\n<div>otras funciones:<\/div>\n<ul>\n<li>apertura de entradas<\/li>\n<li>expulsar efectivamente la caja de la bater\u00eda<\/li>\n<li>Luces PF en la parte delantera y trasera<\/li>\n<\/ul>\n<p><img fetchpriority=\"high\" decoding=\"async\" class=\"alignnone size-full wp-image-193025\" src=\"https:\/\/pay.lpwstore.com\/wp-content\/uploads\/2020\/07\/New-Project-2020-07-05T184329.865.png\" alt=\"MOC-0427\" width=\"800\" height=\"800\" title=\"-\"><\/p>\n<div><\/div>\n<div><\/div>","protected":false},"excerpt":{"rendered":"<ul>\n<li>Incluir <strong>1426<\/strong><strong>+<\/strong> piezas<\/li>\n<li>Instrucci\u00f3n PDF en l\u00ednea<\/li>\n<li>Bloque ABS de alta calidad.<\/li>\n<\/ul>","protected":false},"featured_media":20401,"comment_status":"open","ping_status":"closed","template":"","meta":{"_acf_changed":false},"product_cat":[364],"product_tag":[],"class_list":["product","first","instock","shipping-taxable","purchasable","product-type-simple"],"acf":[],"_links":{"self":[{"href":"https:\/\/mouldking.store\/es\/wp-json\/wp\/v2\/product\/20402","targetHints":{"allow":["GET"]}}],"collection":[{"href":"https:\/\/mouldking.store\/es\/wp-json\/wp\/v2\/product"}],"about":[{"href":"https:\/\/mouldking.store\/es\/wp-json\/wp\/v2\/types\/product"}],"replies":[{"embeddable":true,"href":"https:\/\/mouldking.store\/es\/wp-json\/wp\/v2\/comments?post=20402"}],"wp:featuredmedia":[{"embeddable":true,"href":"https:\/\/mouldking.store\/es\/wp-json\/wp\/v2\/media\/20401"}],"wp:attachment":[{"href":"https:\/\/mouldking.store\/es\/wp-json\/wp\/v2\/media?parent=20402"}],"wp:term":[{"taxonomy":"product_cat","embeddable":true,"href":"https:\/\/mouldking.store\/es\/wp-json\/wp\/v2\/product_cat?post=20402"},{"taxonomy":"product_tag","embeddable":true,"href":"https:\/\/mouldking.store\/es\/wp-json\/wp\/v2\/product_tag?post=20402"}],"curies":[{"name":"wp","href":"https:\/\/api.w.org\/{rel}","templated":true}]}}