{"id":20424,"date":"2021-10-09T04:48:26","date_gmt":"2021-10-08T21:48:26","guid":{"rendered":"https:\/\/mouldking.store\/shop\/moc-4162-8053-forwarder-technic-by-tomik-moc-factory\/"},"modified":"2025-12-25T09:25:21","modified_gmt":"2025-12-25T02:25:21","slug":"moc-4162-8053-forwarder-technic-by-tomik-moc-factory","status":"publish","type":"product","link":"https:\/\/mouldking.store\/es\/shop\/moc-4162-8053-forwarder-technic-by-tomik-moc-factory\/","title":{"rendered":"MOC-4162 8053: T\u00e9cnica de reenv\u00edo de Tomik MOC FACTORY"},"content":{"rendered":"<p>Este transportista para env\u00edo de troncos est\u00e1 desarrollado por Noe NF410 y es mi primer modelo elaborado con m\u00e1s de 1000 secciones. El transportista destaca la direcci\u00f3n enunciada limitada por el equipo en la parte superior del taxi, el borde delantero de elevaci\u00f3n limitado por el conector del cubo en el cap\u00f3, la explosi\u00f3n de elevaci\u00f3n limitada por dos aparatos en el lado debajo de la gr\u00faa, la explosi\u00f3n de giro limitada por el conector del cubo en el lado debajo de la gr\u00faa, el gancho de apertura limitado por el conector del cubo en el lado de la captura y el asiento giratorio en taxi. El modelo se mejora con un registro.<\/p>\n<p><img fetchpriority=\"high\" decoding=\"async\" class=\"alignnone size-full wp-image-193626\" src=\"https:\/\/pay.lpwstore.com\/wp-content\/uploads\/2020\/07\/New-Project-8.png\" alt=\"MOC-4162\" width=\"800\" height=\"800\" title=\"-\"><\/p>","protected":false},"excerpt":{"rendered":"<ul>\n<li>Incluir\u00a0<strong>1037+<\/strong>\u00a0piezas<\/li>\n<li>Libro de instrucciones en PDF<\/li>\n<li>Bloque ABS de alta calidad.<\/li>\n<\/ul>","protected":false},"featured_media":20423,"comment_status":"open","ping_status":"closed","template":"","meta":{"_acf_changed":false},"product_cat":[364],"product_tag":[],"class_list":["product","first","instock","shipping-taxable","purchasable","product-type-simple"],"acf":[],"_links":{"self":[{"href":"https:\/\/mouldking.store\/es\/wp-json\/wp\/v2\/product\/20424","targetHints":{"allow":["GET"]}}],"collection":[{"href":"https:\/\/mouldking.store\/es\/wp-json\/wp\/v2\/product"}],"about":[{"href":"https:\/\/mouldking.store\/es\/wp-json\/wp\/v2\/types\/product"}],"replies":[{"embeddable":true,"href":"https:\/\/mouldking.store\/es\/wp-json\/wp\/v2\/comments?post=20424"}],"wp:featuredmedia":[{"embeddable":true,"href":"https:\/\/mouldking.store\/es\/wp-json\/wp\/v2\/media\/20423"}],"wp:attachment":[{"href":"https:\/\/mouldking.store\/es\/wp-json\/wp\/v2\/media?parent=20424"}],"wp:term":[{"taxonomy":"product_cat","embeddable":true,"href":"https:\/\/mouldking.store\/es\/wp-json\/wp\/v2\/product_cat?post=20424"},{"taxonomy":"product_tag","embeddable":true,"href":"https:\/\/mouldking.store\/es\/wp-json\/wp\/v2\/product_tag?post=20424"}],"curies":[{"name":"wp","href":"https:\/\/api.w.org\/{rel}","templated":true}]}}