{"id":20624,"date":"2021-10-09T04:53:35","date_gmt":"2021-10-08T21:53:35","guid":{"rendered":"https:\/\/mouldking.store\/shop\/moc-90013-architecture-of-italy-moc-factory\/"},"modified":"2025-12-25T09:25:00","modified_gmt":"2025-12-25T02:25:00","slug":"moc-90013-architecture-of-italy-moc-factory","status":"publish","type":"product","link":"https:\/\/mouldking.store\/es\/shop\/moc-90013-architecture-of-italy-moc-factory\/","title":{"rendered":"MOC 90013 Arquitectura de Italia MOC FACTORY"},"content":{"rendered":"<p>Si alguna vez has estado en Roma, la articulaci\u00f3n &quot;Roma no se trabaj\u00f3 en un d\u00eda&quot; adquiere una importancia totalmente diferente. Una mirada al dise\u00f1o en toda la ciudad, en toda Italia, y se puede percibir cualquier raz\u00f3n por la que ha tenido un efecto duradero en la ingenier\u00eda de todo el mundo. Esta estructura refleja impecablemente el atractivo del dise\u00f1o italiano.<\/p>\n<p><img fetchpriority=\"high\" decoding=\"async\" class=\"alignnone size-full wp-image-194520\" src=\"https:\/\/pay.lpwstore.com\/wp-content\/uploads\/2020\/08\/New-Project-2020-08-04T214048.763.png\" alt=\"MOC 90013 Architecture of Italy MOC FACTORY\" width=\"800\" height=\"800\" title=\"-\"><\/p>","protected":false},"excerpt":{"rendered":"<ul>\n<li>Incluir\u00a0<strong>3365+<\/strong>\u00a0piezas<\/li>\n<li>Libro de instrucciones en PDF<\/li>\n<li>Bloque ABS de alta calidad.<\/li>\n<\/ul>","protected":false},"featured_media":20623,"comment_status":"open","ping_status":"closed","template":"","meta":{"_acf_changed":false},"product_cat":[15],"product_tag":[],"class_list":["product","first","instock","shipping-taxable","purchasable","product-type-simple"],"acf":[],"_links":{"self":[{"href":"https:\/\/mouldking.store\/es\/wp-json\/wp\/v2\/product\/20624","targetHints":{"allow":["GET"]}}],"collection":[{"href":"https:\/\/mouldking.store\/es\/wp-json\/wp\/v2\/product"}],"about":[{"href":"https:\/\/mouldking.store\/es\/wp-json\/wp\/v2\/types\/product"}],"replies":[{"embeddable":true,"href":"https:\/\/mouldking.store\/es\/wp-json\/wp\/v2\/comments?post=20624"}],"wp:featuredmedia":[{"embeddable":true,"href":"https:\/\/mouldking.store\/es\/wp-json\/wp\/v2\/media\/20623"}],"wp:attachment":[{"href":"https:\/\/mouldking.store\/es\/wp-json\/wp\/v2\/media?parent=20624"}],"wp:term":[{"taxonomy":"product_cat","embeddable":true,"href":"https:\/\/mouldking.store\/es\/wp-json\/wp\/v2\/product_cat?post=20624"},{"taxonomy":"product_tag","embeddable":true,"href":"https:\/\/mouldking.store\/es\/wp-json\/wp\/v2\/product_tag?post=20624"}],"curies":[{"name":"wp","href":"https:\/\/api.w.org\/{rel}","templated":true}]}}