{"id":20655,"date":"2021-10-09T04:54:13","date_gmt":"2021-10-09T04:54:13","guid":{"rendered":"https:\/\/mouldking.store\/shop\/moc-17076-31058-scorpion-creator-by-legoori-moc-factory\/"},"modified":"2025-12-25T09:24:58","modified_gmt":"2025-12-25T02:24:58","slug":"moc-17076-31058-scorpion-creator-by-legoori-moc-factory","status":"publish","type":"product","link":"https:\/\/mouldking.store\/es\/shop\/moc-17076-31058-scorpion-creator-by-legoori-moc-factory\/","title":{"rendered":"MOC-17076 31058-Creador de escorpiones por LegoOri MOC FACTORY"},"content":{"rendered":"<p>Reflejos:<\/p>\n<p>\u2013 8 patas, todas en movimiento (aunque las patas delanteras solo tienen desarrollo aqu\u00ed y all\u00e1)<\/p>\n<p>\u2013 Brazos de doble articulaci\u00f3n, con dos enormes pinzas utilitarias (Mira el impecable montaje de los ganchos)<\/p>\n<p>\u2013 Cola con 4 articulaciones, la primera es una coyuntura giratoria, por lo que la cola tambi\u00e9n puede picar hacia los lados. Yo tambi\u00e9n estoy enamorado de mi aguij\u00f3n montando.<\/p>\n<p>\u2013 Cara espeluznante con 4 ojos brillantes y mirando fijamente y dos dientes<\/p>\n<p><img fetchpriority=\"high\" decoding=\"async\" class=\"alignnone size-full wp-image-194567\" src=\"https:\/\/pay.lpwstore.com\/wp-content\/uploads\/2020\/08\/New-Project-2020-08-07T100612.843.png\" alt=\"MOC-17076 31058-Scorpion Creator by LegoOri MOC FACTORY\" width=\"800\" height=\"800\" title=\"-\"> <img decoding=\"async\" class=\"alignnone size-full wp-image-194566\" src=\"https:\/\/pay.lpwstore.com\/wp-content\/uploads\/2020\/08\/New-Project-2020-08-07T100632.370.png\" alt=\"MOC-17076 31058-Scorpion Creator by LegoOri MOC FACTORY\" width=\"800\" height=\"800\" title=\"-\"><\/p>","protected":false},"excerpt":{"rendered":"<ul>\n<li>Incluir\u00a0<strong>141+<\/strong>\u00a0piezas<\/li>\n<li>Libro de instrucciones en PDF<\/li>\n<li>Bloque ABS de alta calidad.<\/li>\n<\/ul>","protected":false},"featured_media":20653,"comment_status":"open","ping_status":"closed","template":"","meta":{"_acf_changed":false},"product_cat":[371],"product_tag":[],"class_list":["product","first","instock","shipping-taxable","purchasable","product-type-simple"],"acf":[],"_links":{"self":[{"href":"https:\/\/mouldking.store\/es\/wp-json\/wp\/v2\/product\/20655","targetHints":{"allow":["GET"]}}],"collection":[{"href":"https:\/\/mouldking.store\/es\/wp-json\/wp\/v2\/product"}],"about":[{"href":"https:\/\/mouldking.store\/es\/wp-json\/wp\/v2\/types\/product"}],"replies":[{"embeddable":true,"href":"https:\/\/mouldking.store\/es\/wp-json\/wp\/v2\/comments?post=20655"}],"wp:featuredmedia":[{"embeddable":true,"href":"https:\/\/mouldking.store\/es\/wp-json\/wp\/v2\/media\/20653"}],"wp:attachment":[{"href":"https:\/\/mouldking.store\/es\/wp-json\/wp\/v2\/media?parent=20655"}],"wp:term":[{"taxonomy":"product_cat","embeddable":true,"href":"https:\/\/mouldking.store\/es\/wp-json\/wp\/v2\/product_cat?post=20655"},{"taxonomy":"product_tag","embeddable":true,"href":"https:\/\/mouldking.store\/es\/wp-json\/wp\/v2\/product_tag?post=20655"}],"curies":[{"name":"wp","href":"https:\/\/api.w.org\/{rel}","templated":true}]}}