{"id":20671,"date":"2021-10-09T04:54:20","date_gmt":"2021-10-09T04:54:20","guid":{"rendered":"https:\/\/mouldking.store\/shop\/moc-15873-mercedes-benz-300sl-creator-by-timeremembered-moc-factory\/"},"modified":"2025-12-25T09:24:58","modified_gmt":"2025-12-25T02:24:58","slug":"moc-15873-mercedes-benz-300sl-creator-by-timeremembered-moc-factory","status":"publish","type":"product","link":"https:\/\/mouldking.store\/es\/shop\/moc-15873-mercedes-benz-300sl-creator-by-timeremembered-moc-factory\/","title":{"rendered":"MOC-15873 Creador de Mercedes-Benz 300SL por timeremembered MOC FACTORY"},"content":{"rendered":"<p>Mercedes 300SL es el veh\u00edculo de mis sue\u00f1os sin igual. Esta forma de 6 esp\u00e1rragos est\u00e1 hecha de LEGO 75884 1968 Ford Mustang Fastback y algunos bloques adicionales.<\/p>\n<p>Sus notables entradas de ala de gaviota se actualizaron pero el borde estaba restringido.<\/p>\n<p>El inventario registra las piezas adicionales por as\u00ed decirlo. Todo el resumen est\u00e1 unido a las direcciones de la estructura.<\/p>\n<p><img fetchpriority=\"high\" decoding=\"async\" class=\"alignnone size-full wp-image-194658\" src=\"https:\/\/pay.lpwstore.com\/wp-content\/uploads\/2020\/08\/New-Project-2020-08-10T102549.247.png\" alt=\"MOC-15873 Mercedes-Benz 300SL Creator by timeremembered MOC FACTORY\" width=\"800\" height=\"800\" title=\"-\"> <img decoding=\"async\" class=\"alignnone size-full wp-image-194657\" src=\"https:\/\/pay.lpwstore.com\/wp-content\/uploads\/2020\/08\/New-Project-2020-08-10T102628.759.png\" alt=\"MOC-15873 Mercedes-Benz 300SL Creator by timeremembered MOC FACTORY\" width=\"800\" height=\"800\" title=\"-\"><\/p>","protected":false},"excerpt":{"rendered":"<ul>\n<li>Incluir\u00a0<strong>102+<\/strong>\u00a0piezas<\/li>\n<li>Instrucci\u00f3n PDF en l\u00ednea<\/li>\n<li>Bloque de alta calidad ABS<\/li>\n<\/ul>","protected":false},"featured_media":20669,"comment_status":"open","ping_status":"closed","template":"","meta":{"_acf_changed":false},"product_cat":[371],"product_tag":[],"class_list":["product","first","instock","shipping-taxable","purchasable","product-type-simple"],"acf":[],"_links":{"self":[{"href":"https:\/\/mouldking.store\/es\/wp-json\/wp\/v2\/product\/20671","targetHints":{"allow":["GET"]}}],"collection":[{"href":"https:\/\/mouldking.store\/es\/wp-json\/wp\/v2\/product"}],"about":[{"href":"https:\/\/mouldking.store\/es\/wp-json\/wp\/v2\/types\/product"}],"replies":[{"embeddable":true,"href":"https:\/\/mouldking.store\/es\/wp-json\/wp\/v2\/comments?post=20671"}],"wp:featuredmedia":[{"embeddable":true,"href":"https:\/\/mouldking.store\/es\/wp-json\/wp\/v2\/media\/20669"}],"wp:attachment":[{"href":"https:\/\/mouldking.store\/es\/wp-json\/wp\/v2\/media?parent=20671"}],"wp:term":[{"taxonomy":"product_cat","embeddable":true,"href":"https:\/\/mouldking.store\/es\/wp-json\/wp\/v2\/product_cat?post=20671"},{"taxonomy":"product_tag","embeddable":true,"href":"https:\/\/mouldking.store\/es\/wp-json\/wp\/v2\/product_tag?post=20671"}],"curies":[{"name":"wp","href":"https:\/\/api.w.org\/{rel}","templated":true}]}}