{"id":20674,"date":"2021-10-09T04:54:21","date_gmt":"2021-10-08T21:54:21","guid":{"rendered":"https:\/\/mouldking.store\/shop\/moc-24335-ferrari-couperoadster-super-car-by-firas_legocars-moc-factory\/"},"modified":"2025-12-25T09:24:58","modified_gmt":"2025-12-25T02:24:58","slug":"moc-24335-ferrari-couperoadster-super-car-by-firas_legocars-moc-factory","status":"publish","type":"product","link":"https:\/\/mouldking.store\/es\/shop\/moc-24335-ferrari-couperoadster-super-car-by-firas_legocars-moc-factory\/","title":{"rendered":"MOC-24335 Ferrari cup\u00e9, roadster Super Car de firas_legocars MOC FACTORY"},"content":{"rendered":"<p>El modelo se trabaj\u00f3 en el tama\u00f1o de 1:16, el mismo tama\u00f1o que el set LEGO oficial de Ferrari F40, por lo que har\u00e1 una presentaci\u00f3n agradable cerca del F40.<\/p>\n<p>Los pasos de las instrucciones son extremadamente simples de seguir gracias a las extraordinarias pautas del productor experto Simone Bissi.<\/p>\n<p>El modelo en s\u00ed es fuerte y contiene numerosos aspectos pr\u00e1cticos que incluyen puertas que se abren, cap\u00f3, ba\u00fal y motor extra\u00edble para fines de exhibici\u00f3n, adem\u00e1s del elemento genial de los faros delanteros.<\/p>\n<p><img fetchpriority=\"high\" decoding=\"async\" class=\"alignnone size-full wp-image-194667\" src=\"https:\/\/pay.lpwstore.com\/wp-content\/uploads\/2020\/08\/New-Project-2020-08-10T104645.398.png\" alt=\"MOC-24335 Ferrari coupe,roadster Super Car by firas_legocars MOC FACTORY\" width=\"800\" height=\"800\" title=\"-\"> <img decoding=\"async\" class=\"alignnone size-full wp-image-194666\" src=\"https:\/\/pay.lpwstore.com\/wp-content\/uploads\/2020\/08\/New-Project-2020-08-10T104720.675.png\" alt=\"MOC-24335 Ferrari coupe,roadster Super Car by firas_legocars MOC FACTORY\" width=\"800\" height=\"800\" title=\"-\"><\/p>","protected":false},"excerpt":{"rendered":"<ul>\n<li>Incluir\u00a0<strong>909+<\/strong>\u00a0piezas<\/li>\n<li>Instrucci\u00f3n PDF en l\u00ednea<\/li>\n<li>Bloque de alta calidad ABS<\/li>\n<\/ul>","protected":false},"featured_media":20672,"comment_status":"open","ping_status":"closed","template":"","meta":{"_acf_changed":false},"product_cat":[364],"product_tag":[],"class_list":["product","first","instock","shipping-taxable","purchasable","product-type-simple"],"acf":[],"_links":{"self":[{"href":"https:\/\/mouldking.store\/es\/wp-json\/wp\/v2\/product\/20674","targetHints":{"allow":["GET"]}}],"collection":[{"href":"https:\/\/mouldking.store\/es\/wp-json\/wp\/v2\/product"}],"about":[{"href":"https:\/\/mouldking.store\/es\/wp-json\/wp\/v2\/types\/product"}],"replies":[{"embeddable":true,"href":"https:\/\/mouldking.store\/es\/wp-json\/wp\/v2\/comments?post=20674"}],"wp:featuredmedia":[{"embeddable":true,"href":"https:\/\/mouldking.store\/es\/wp-json\/wp\/v2\/media\/20672"}],"wp:attachment":[{"href":"https:\/\/mouldking.store\/es\/wp-json\/wp\/v2\/media?parent=20674"}],"wp:term":[{"taxonomy":"product_cat","embeddable":true,"href":"https:\/\/mouldking.store\/es\/wp-json\/wp\/v2\/product_cat?post=20674"},{"taxonomy":"product_tag","embeddable":true,"href":"https:\/\/mouldking.store\/es\/wp-json\/wp\/v2\/product_tag?post=20674"}],"curies":[{"name":"wp","href":"https:\/\/api.w.org\/{rel}","templated":true}]}}