{"id":20701,"date":"2021-10-09T04:54:34","date_gmt":"2021-10-09T04:54:34","guid":{"rendered":"https:\/\/mouldking.store\/shop\/moc-18187-brickheadz-morty-smith-creator-by-brick_monster-moc-factory\/"},"modified":"2025-12-25T09:24:57","modified_gmt":"2025-12-25T02:24:57","slug":"moc-18187-brickheadz-morty-smith-creator-by-brick_monster-moc-factory","status":"publish","type":"product","link":"https:\/\/mouldking.store\/es\/shop\/moc-18187-brickheadz-morty-smith-creator-by-brick_monster-moc-factory\/","title":{"rendered":"MOC-18187 Brickheadz - Creador de Morty Smith por brick_monster MOC FACTORY"},"content":{"rendered":"<div>Morty Smith har\u00e1 una expansi\u00f3n extraordinaria a su colecci\u00f3n en desarrollo de Brickheadz.<\/div>\n<div><\/div>\n<div>Las personas que compren las direcciones obtendr\u00e1n:<\/div>\n<div><\/div>\n<div>\u2013 Libro de orientaci\u00f3n en PDF de 31 p\u00e1ginas planificado por expertos, punto por punto<\/div>\n<div><\/div>\n<div>\u2013 Lista de piezas con imagen sombreada de cada pieza requerida<\/div>\n<div><\/div>\n<div>\u2013 Lista de piezas XML Bricklink<\/div>\n<div><\/div>\n<div><img fetchpriority=\"high\" decoding=\"async\" class=\"alignnone size-full wp-image-194912\" src=\"https:\/\/pay.lpwstore.com\/wp-content\/uploads\/2020\/08\/New-Project-2020-08-18T163238.576.png\" alt=\"MOC-18187 Brickheadz - Morty Smith Creator by brick_monster MOC FACTORY\" width=\"800\" height=\"800\" title=\"-\"><\/div>","protected":false},"excerpt":{"rendered":"<div class=\"product-short-description\">\n<ul>\n<li>Incluir\u00a0<strong>89+<\/strong>\u00a0piezas<\/li>\n<li>Instrucci\u00f3n PDF en l\u00ednea<\/li>\n<li>Bloque de alta calidad ABS<\/li>\n<\/ul>\n<\/div>\n<div class=\"pv custom_related related related-products-wrapper product-section\">\n<h3 class=\"product-section-title container-width product-section-title-related pt-half pb-half\"><\/h3>\n<\/div>","protected":false},"featured_media":20700,"comment_status":"open","ping_status":"closed","template":"","meta":{"_acf_changed":false},"product_cat":[371],"product_tag":[],"class_list":["product","first","instock","shipping-taxable","purchasable","product-type-simple"],"acf":[],"_links":{"self":[{"href":"https:\/\/mouldking.store\/es\/wp-json\/wp\/v2\/product\/20701","targetHints":{"allow":["GET"]}}],"collection":[{"href":"https:\/\/mouldking.store\/es\/wp-json\/wp\/v2\/product"}],"about":[{"href":"https:\/\/mouldking.store\/es\/wp-json\/wp\/v2\/types\/product"}],"replies":[{"embeddable":true,"href":"https:\/\/mouldking.store\/es\/wp-json\/wp\/v2\/comments?post=20701"}],"wp:featuredmedia":[{"embeddable":true,"href":"https:\/\/mouldking.store\/es\/wp-json\/wp\/v2\/media\/20700"}],"wp:attachment":[{"href":"https:\/\/mouldking.store\/es\/wp-json\/wp\/v2\/media?parent=20701"}],"wp:term":[{"taxonomy":"product_cat","embeddable":true,"href":"https:\/\/mouldking.store\/es\/wp-json\/wp\/v2\/product_cat?post=20701"},{"taxonomy":"product_tag","embeddable":true,"href":"https:\/\/mouldking.store\/es\/wp-json\/wp\/v2\/product_tag?post=20701"}],"curies":[{"name":"wp","href":"https:\/\/api.w.org\/{rel}","templated":true}]}}