{"id":20714,"date":"2021-10-09T04:54:41","date_gmt":"2021-10-08T21:54:41","guid":{"rendered":"https:\/\/mouldking.store\/shop\/moc-14123-the-lounge-10253-big-ben-alternate-model-modular-building-by-huaojozu-moc-factory\/"},"modified":"2025-12-25T09:24:57","modified_gmt":"2025-12-25T02:24:57","slug":"moc-14123-the-lounge-10253-big-ben-alternate-model-modular-building-by-huaojozu-moc-factory","status":"publish","type":"product","link":"https:\/\/mouldking.store\/es\/shop\/moc-14123-the-lounge-10253-big-ben-alternate-model-modular-building-by-huaojozu-moc-factory\/","title":{"rendered":"MOC-14123 The Lounge (10253 Big Ben Modelo alternativo modular) Edificio de Huaojozu MOC FACTORY"},"content":{"rendered":"<div>\u00a1Renueva el memorable Big Ben como un aislado de 32 de ancho sin partes adicionales! \u00a1No necesita una placa base adicional!<\/div>\n<div><\/div>\n<div>The Lounge es el lugar donde la alta sociedad viene a relajarse despu\u00e9s de un d\u00eda mon\u00f3tono. Con una impactante perspectiva sobre el oc\u00e9ano y una encantadora emanaci\u00f3n de restricci\u00f3n, este particular de primera l\u00ednea ser\u00e1 una caracter\u00edstica de cualquier ciudad. Da un m\u00e9todo incre\u00edble de terminaci\u00f3n de una l\u00ednea de casas sin caer en las placas agotadoras de la calle.<\/div>\n<div><img fetchpriority=\"high\" decoding=\"async\" class=\"alignnone size-full wp-image-194916\" src=\"https:\/\/pay.lpwstore.com\/wp-content\/uploads\/2020\/08\/New-Project-2020-08-18T163842.986.png\" alt=\"MOC-14123 The Lounge (10253 Big Ben Alternate Model Modular) Building by Huaojozu MOC FACTORY\" width=\"800\" height=\"800\" title=\"-\"> <img decoding=\"async\" class=\"alignnone size-full wp-image-194915\" src=\"https:\/\/pay.lpwstore.com\/wp-content\/uploads\/2020\/08\/New-Project-2020-08-18T163856.953.png\" alt=\"-\" width=\"800\" height=\"800\" title=\"-\"> <img decoding=\"async\" class=\"alignnone size-full wp-image-194914\" src=\"https:\/\/pay.lpwstore.com\/wp-content\/uploads\/2020\/08\/New-Project-3.jpg\" alt=\"MOC-14123 The Lounge (10253 Big Ben Alternate Model Modular) Building by Huaojozu MOC FACTORY\" width=\"800\" height=\"800\" title=\"-\"><\/div>","protected":false},"excerpt":{"rendered":"<div class=\"product-short-description\">\n<ul>\n<li>Incluir\u00a0<strong>3802+<\/strong>\u00a0piezas<\/li>\n<li>Instrucci\u00f3n PDF en l\u00ednea<\/li>\n<li>Bloque de alta calidad ABS<\/li>\n<\/ul>\n<\/div>\n<div class=\"pv custom_related related related-products-wrapper product-section\">\n<h3 class=\"product-section-title container-width product-section-title-related pt-half pb-half\"><\/h3>\n<\/div>","protected":false},"featured_media":20711,"comment_status":"open","ping_status":"closed","template":"","meta":{"_acf_changed":false},"product_cat":[390],"product_tag":[],"class_list":["product","first","instock","shipping-taxable","purchasable","product-type-simple"],"acf":[],"_links":{"self":[{"href":"https:\/\/mouldking.store\/es\/wp-json\/wp\/v2\/product\/20714","targetHints":{"allow":["GET"]}}],"collection":[{"href":"https:\/\/mouldking.store\/es\/wp-json\/wp\/v2\/product"}],"about":[{"href":"https:\/\/mouldking.store\/es\/wp-json\/wp\/v2\/types\/product"}],"replies":[{"embeddable":true,"href":"https:\/\/mouldking.store\/es\/wp-json\/wp\/v2\/comments?post=20714"}],"wp:featuredmedia":[{"embeddable":true,"href":"https:\/\/mouldking.store\/es\/wp-json\/wp\/v2\/media\/20711"}],"wp:attachment":[{"href":"https:\/\/mouldking.store\/es\/wp-json\/wp\/v2\/media?parent=20714"}],"wp:term":[{"taxonomy":"product_cat","embeddable":true,"href":"https:\/\/mouldking.store\/es\/wp-json\/wp\/v2\/product_cat?post=20714"},{"taxonomy":"product_tag","embeddable":true,"href":"https:\/\/mouldking.store\/es\/wp-json\/wp\/v2\/product_tag?post=20714"}],"curies":[{"name":"wp","href":"https:\/\/api.w.org\/{rel}","templated":true}]}}