{"id":20760,"date":"2021-10-09T04:55:47","date_gmt":"2021-10-08T21:55:47","guid":{"rendered":"https:\/\/mouldking.store\/shop\/moc-8317-truck-with-crane-technic-by-erikleppen-moc-factory\/"},"modified":"2025-12-25T09:24:49","modified_gmt":"2025-12-25T02:24:49","slug":"moc-8317-truck-with-crane-technic-by-erikleppen-moc-factory","status":"publish","type":"product","link":"https:\/\/mouldking.store\/es\/shop\/moc-8317-truck-with-crane-technic-by-erikleppen-moc-factory\/","title":{"rendered":"MOC-8317 Cami\u00f3n con gr\u00faa Technic de ErikLeppen MOC FACTORY"},"content":{"rendered":"<div><\/div>\n<div>Guiado en los ejes 1, 2 y 4. Cada pivote tiene un borde de direcci\u00f3n alterno. \u00a1La rueda de direcci\u00f3n en el albergue tambi\u00e9n funciona (como en el viejo MOC 8649)!<\/div>\n<div><\/div>\n<div>Los cuatro estabilizadores se mueven simult\u00e1neamente. A pesar de que los estabilizadores traseros son m\u00e1s peque\u00f1os, tienen un alcance vertical casi similar. La gr\u00faa puede girar 360 grados<\/div>\n<div><\/div>\n<div>El brazo de la gr\u00faa puede plegarse en dos puntos, muy parecido al MOC 8258. Solo una de las dos capacidades de la gr\u00faa se dirige a trav\u00e9s de la plataforma giratoria, no ambas como en el MOC 8258; esto no encajaba<\/div>\n<div><\/div>\n<div>La \u00faltima \u00e1rea tiene un segmento interno que se ensancha, que tiene el cabrestante. Tr\u00e1gicamente, el peque\u00f1o actuador es lo suficientemente s\u00f3lido para la explosi\u00f3n en s\u00ed, por lo que el l\u00edmite de elevaci\u00f3n es irrelevante...<\/div>\n<div><\/div>\n<div>La cama puede volcarse por medio de LA, Las puertas de la casita pueden abrirse.<\/div>\n<div><img fetchpriority=\"high\" decoding=\"async\" class=\"alignnone size-full wp-image-194993\" src=\"https:\/\/pay.lpwstore.com\/wp-content\/uploads\/2020\/08\/New-Project-2020-08-19T093447.739.png\" alt=\"MOC-8317 Truck with crane Technic by ErikLeppen MOC FACTORY\" width=\"800\" height=\"800\" title=\"-\"><\/div>","protected":false},"excerpt":{"rendered":"<ul>\n<li>Incluir\u00a0<strong>1407+<\/strong>\u00a0piezas<\/li>\n<li>Instrucci\u00f3n PDF en l\u00ednea<\/li>\n<li>Bloque de alta calidad ABS<\/li>\n<\/ul>","protected":false},"featured_media":20759,"comment_status":"open","ping_status":"closed","template":"","meta":{"_acf_changed":false},"product_cat":[364],"product_tag":[],"class_list":["product","first","instock","shipping-taxable","purchasable","product-type-simple"],"acf":[],"_links":{"self":[{"href":"https:\/\/mouldking.store\/es\/wp-json\/wp\/v2\/product\/20760","targetHints":{"allow":["GET"]}}],"collection":[{"href":"https:\/\/mouldking.store\/es\/wp-json\/wp\/v2\/product"}],"about":[{"href":"https:\/\/mouldking.store\/es\/wp-json\/wp\/v2\/types\/product"}],"replies":[{"embeddable":true,"href":"https:\/\/mouldking.store\/es\/wp-json\/wp\/v2\/comments?post=20760"}],"wp:featuredmedia":[{"embeddable":true,"href":"https:\/\/mouldking.store\/es\/wp-json\/wp\/v2\/media\/20759"}],"wp:attachment":[{"href":"https:\/\/mouldking.store\/es\/wp-json\/wp\/v2\/media?parent=20760"}],"wp:term":[{"taxonomy":"product_cat","embeddable":true,"href":"https:\/\/mouldking.store\/es\/wp-json\/wp\/v2\/product_cat?post=20760"},{"taxonomy":"product_tag","embeddable":true,"href":"https:\/\/mouldking.store\/es\/wp-json\/wp\/v2\/product_tag?post=20760"}],"curies":[{"name":"wp","href":"https:\/\/api.w.org\/{rel}","templated":true}]}}