{"id":20810,"date":"2021-10-09T04:56:15","date_gmt":"2021-10-08T21:56:15","guid":{"rendered":"https:\/\/mouldking.store\/shop\/moc-29962-modular-cathedral-building-by-das_felixle-moc-factory\/"},"modified":"2025-12-25T09:24:48","modified_gmt":"2025-12-25T02:24:48","slug":"moc-29962-modular-cathedral-building-by-das_felixle-moc-factory","status":"publish","type":"product","link":"https:\/\/mouldking.store\/es\/shop\/moc-29962-modular-cathedral-building-by-das_felixle-moc-factory\/","title":{"rendered":"MOC-29962 Edificio de catedral modular por Das_Felixle MOC FACTORY"},"content":{"rendered":"<div>Se compone de m\u00e1s de 21000 bloques y utiliza una gran cantidad de procedimientos de \u00faltima generaci\u00f3n como ventanas de vidrios de colores, una tonelada de bloques colocados verticalmente como piezas inmensas de la estructura que se desplazan mucho de un bloque a otro.<\/div>\n<div><\/div>\n<div>Est\u00e1 completamente interiorizado, tiene butacas, sacrist\u00eda, confesionario y todo lo que necesita una catedral g\u00f3tica y es divisible en 11 submodelos.<\/div>\n<div><img fetchpriority=\"high\" decoding=\"async\" class=\"alignnone size-full wp-image-195051\" src=\"https:\/\/pay.lpwstore.com\/wp-content\/uploads\/2020\/08\/New-Project-2020-08-19T144840.130.png\" alt=\"MOC-29962 Modular Cathedral Building by Das_Felixle MOC FACTORY\" width=\"800\" height=\"800\" title=\"-\"> <img decoding=\"async\" class=\"alignnone size-full wp-image-195049\" src=\"https:\/\/pay.lpwstore.com\/wp-content\/uploads\/2020\/08\/New-Project-2020-08-19T144930.481.png\" alt=\"MOC-29962 Modular Cathedral Building by Das_Felixle MOC FACTORY\" width=\"800\" height=\"800\" title=\"-\"> <img decoding=\"async\" class=\"alignnone size-full wp-image-195048\" src=\"https:\/\/pay.lpwstore.com\/wp-content\/uploads\/2020\/08\/New-Project-2020-08-19T144941.994.png\" alt=\"MOC-29962 Modular Cathedral Building by Das_Felixle MOC FACTORY\" width=\"800\" height=\"800\" title=\"-\"> <img loading=\"lazy\" decoding=\"async\" class=\"alignnone size-full wp-image-195047\" src=\"https:\/\/pay.lpwstore.com\/wp-content\/uploads\/2020\/08\/New-Project-2020-08-19T144953.387.png\" alt=\"MOC-29962 Modular Cathedral Building by Das_Felixle MOC FACTORY\" width=\"800\" height=\"800\" title=\"-\"><\/div>","protected":false},"excerpt":{"rendered":"<ul>\n<li>Incluir\u00a0<strong>21755+<\/strong>\u00a0piezas<\/li>\n<li>Libro de instrucciones en PDF<\/li>\n<li>Bloque ABS de alta calidad.<\/li>\n<\/ul>","protected":false},"featured_media":20806,"comment_status":"open","ping_status":"closed","template":"","meta":{"_acf_changed":false},"product_cat":[390],"product_tag":[],"class_list":["product","first","instock","shipping-taxable","purchasable","product-type-simple"],"acf":[],"_links":{"self":[{"href":"https:\/\/mouldking.store\/es\/wp-json\/wp\/v2\/product\/20810","targetHints":{"allow":["GET"]}}],"collection":[{"href":"https:\/\/mouldking.store\/es\/wp-json\/wp\/v2\/product"}],"about":[{"href":"https:\/\/mouldking.store\/es\/wp-json\/wp\/v2\/types\/product"}],"replies":[{"embeddable":true,"href":"https:\/\/mouldking.store\/es\/wp-json\/wp\/v2\/comments?post=20810"}],"wp:featuredmedia":[{"embeddable":true,"href":"https:\/\/mouldking.store\/es\/wp-json\/wp\/v2\/media\/20806"}],"wp:attachment":[{"href":"https:\/\/mouldking.store\/es\/wp-json\/wp\/v2\/media?parent=20810"}],"wp:term":[{"taxonomy":"product_cat","embeddable":true,"href":"https:\/\/mouldking.store\/es\/wp-json\/wp\/v2\/product_cat?post=20810"},{"taxonomy":"product_tag","embeddable":true,"href":"https:\/\/mouldking.store\/es\/wp-json\/wp\/v2\/product_tag?post=20810"}],"curies":[{"name":"wp","href":"https:\/\/api.w.org\/{rel}","templated":true}]}}