{"id":20818,"date":"2021-10-09T04:56:19","date_gmt":"2021-10-08T21:56:19","guid":{"rendered":"https:\/\/mouldking.store\/shop\/moc-13960-1969-chevrolet-corvette-stingray-super-car-by-brickvault-moc-factory\/"},"modified":"2025-12-25T09:24:48","modified_gmt":"2025-12-25T02:24:48","slug":"moc-13960-1969-chevrolet-corvette-stingray-super-car-by-brickvault-moc-factory","status":"publish","type":"product","link":"https:\/\/mouldking.store\/es\/shop\/moc-13960-1969-chevrolet-corvette-stingray-super-car-by-brickvault-moc-factory\/","title":{"rendered":"MOC-13960 1969 Chevrolet Corvette Stingray Super Car de brickvault MOC FACTORY"},"content":{"rendered":"<p>Casi ning\u00fan veh\u00edculo puede desafiar al Corvette Stingray de 1969 con un pulido y estilo puros. Al igual que una raya real, el veh\u00edculo tiene suaves curvas que le dan la presencia de un animal marino. Este modelo de Lego ha hecho una demostraci\u00f3n fant\u00e1stica de reproducir ese pulido tanto en estructura como en capacidad. Destacando un detalle en el interior, faros abatibles, puertas que funcionan y un cap\u00f3 que se abre para descubrir un motor completamente expuesto, este Corvette a escala 1\/12 no ahorra sutilezas.<\/p>\n<p><img fetchpriority=\"high\" decoding=\"async\" class=\"alignnone size-full wp-image-195089\" src=\"https:\/\/pay.lpwstore.com\/wp-content\/uploads\/2020\/08\/New-Project-2020-08-21T105907.464.png\" alt=\"MOC-13960 1969 Chevrolet Corvette Stingray Super Car by brickvault MOC FACTORY\" width=\"800\" height=\"800\" title=\"-\"> <img decoding=\"async\" class=\"alignnone size-full wp-image-195090\" src=\"https:\/\/pay.lpwstore.com\/wp-content\/uploads\/2020\/08\/New-Project-2020-08-21T110252.351.png\" alt=\"MOC-13960 1969 Chevrolet Corvette Stingray Super Car by brickvault MOC FACTORY\" width=\"800\" height=\"800\" title=\"-\"> <img decoding=\"async\" class=\"alignnone size-full wp-image-195091\" src=\"https:\/\/pay.lpwstore.com\/wp-content\/uploads\/2020\/08\/New-Project-2020-08-21T110226.280.png\" alt=\"MOC-13960 1969 Chevrolet Corvette Stingray Super Car by brickvault MOC FACTORY\" width=\"800\" height=\"800\" title=\"-\"><\/p>","protected":false},"excerpt":{"rendered":"<ul>\n<li>Incluir\u00a0<strong>1500+<\/strong>\u00a0piezas<\/li>\n<li>Libro de instrucciones en PDF<\/li>\n<li>Bloque ABS de alta calidad.<\/li>\n<\/ul>","protected":false},"featured_media":20815,"comment_status":"open","ping_status":"closed","template":"","meta":{"_acf_changed":false},"product_cat":[364],"product_tag":[],"class_list":["product","first","instock","shipping-taxable","purchasable","product-type-simple"],"acf":[],"_links":{"self":[{"href":"https:\/\/mouldking.store\/es\/wp-json\/wp\/v2\/product\/20818","targetHints":{"allow":["GET"]}}],"collection":[{"href":"https:\/\/mouldking.store\/es\/wp-json\/wp\/v2\/product"}],"about":[{"href":"https:\/\/mouldking.store\/es\/wp-json\/wp\/v2\/types\/product"}],"replies":[{"embeddable":true,"href":"https:\/\/mouldking.store\/es\/wp-json\/wp\/v2\/comments?post=20818"}],"wp:featuredmedia":[{"embeddable":true,"href":"https:\/\/mouldking.store\/es\/wp-json\/wp\/v2\/media\/20815"}],"wp:attachment":[{"href":"https:\/\/mouldking.store\/es\/wp-json\/wp\/v2\/media?parent=20818"}],"wp:term":[{"taxonomy":"product_cat","embeddable":true,"href":"https:\/\/mouldking.store\/es\/wp-json\/wp\/v2\/product_cat?post=20818"},{"taxonomy":"product_tag","embeddable":true,"href":"https:\/\/mouldking.store\/es\/wp-json\/wp\/v2\/product_tag?post=20818"}],"curies":[{"name":"wp","href":"https:\/\/api.w.org\/{rel}","templated":true}]}}