{"id":20831,"date":"2021-10-09T04:56:26","date_gmt":"2021-10-08T21:56:26","guid":{"rendered":"https:\/\/mouldking.store\/shop\/moc-15858-the-music-club-inverted-corner-modular-building-by-huaojozu-moc-factory\/"},"modified":"2025-12-25T09:24:47","modified_gmt":"2025-12-25T02:24:47","slug":"moc-15858-the-music-club-inverted-corner-modular-building-by-huaojozu-moc-factory","status":"publish","type":"product","link":"https:\/\/mouldking.store\/es\/shop\/moc-15858-the-music-club-inverted-corner-modular-building-by-huaojozu-moc-factory\/","title":{"rendered":"MOC-15858 The Music Club Edificio modular de esquina invertida de Huaojozu MOC FACTORY"},"content":{"rendered":"<div>El piso principal alberga el escenario y un espacio para que los fan\u00e1ticos se muevan, as\u00ed como una m\u00e1quina de discos para cuando no hay presentaci\u00f3n en vivo y dos o tres mesas para colocar su bebida. Hablando de bebidas, puedes encontrar el bar en el piso de al lado, donde est\u00e1 ocurriendo un tipo alternativo de ejecuci\u00f3n. Modifique la enorme disposici\u00f3n de luces desde arriba o simplemente disfrute del poder del espect\u00e1culo en vivo desde un punto de vista agradable.<\/div>\n<div><\/div>\n<div>Por fin, un interior muy punto a punto te dar\u00e1 la bienvenida en la tercera planta, con un ba\u00f1o completamente equipado, sal\u00f3n, cocina y una habitaci\u00f3n. \u00a1Tambi\u00e9n hay un columpio junto a la entrada principal para los ni\u00f1os!<\/div>\n<div><\/div>\n<div><img fetchpriority=\"high\" decoding=\"async\" class=\"alignnone size-full wp-image-195182\" src=\"https:\/\/pay.lpwstore.com\/wp-content\/uploads\/2020\/08\/New-Project-2020-08-24T160507.079.png\" alt=\"MOC-15858 The Music Club Inverted Corner Modular Building by Huaojozu MOC FACTORY\" width=\"800\" height=\"800\" title=\"-\"> <img decoding=\"async\" class=\"alignnone size-full wp-image-195181\" src=\"https:\/\/pay.lpwstore.com\/wp-content\/uploads\/2020\/08\/New-Project-2020-08-24T160538.432.png\" alt=\"MOC-15858 The Music Club Inverted Corner Modular Building by Huaojozu MOC FACTORY\" width=\"800\" height=\"800\" title=\"-\"><\/div>","protected":false},"excerpt":{"rendered":"<ul>\n<li>Incluir\u00a0<strong>3336+<\/strong>\u00a0piezas<\/li>\n<li>Libro de instrucciones en PDF<\/li>\n<li>Bloque ABS de alta calidad.<\/li>\n<\/ul>","protected":false},"featured_media":20829,"comment_status":"open","ping_status":"closed","template":"","meta":{"_acf_changed":false},"product_cat":[390],"product_tag":[],"class_list":["product","first","instock","shipping-taxable","purchasable","product-type-simple"],"acf":[],"_links":{"self":[{"href":"https:\/\/mouldking.store\/es\/wp-json\/wp\/v2\/product\/20831","targetHints":{"allow":["GET"]}}],"collection":[{"href":"https:\/\/mouldking.store\/es\/wp-json\/wp\/v2\/product"}],"about":[{"href":"https:\/\/mouldking.store\/es\/wp-json\/wp\/v2\/types\/product"}],"replies":[{"embeddable":true,"href":"https:\/\/mouldking.store\/es\/wp-json\/wp\/v2\/comments?post=20831"}],"wp:featuredmedia":[{"embeddable":true,"href":"https:\/\/mouldking.store\/es\/wp-json\/wp\/v2\/media\/20829"}],"wp:attachment":[{"href":"https:\/\/mouldking.store\/es\/wp-json\/wp\/v2\/media?parent=20831"}],"wp:term":[{"taxonomy":"product_cat","embeddable":true,"href":"https:\/\/mouldking.store\/es\/wp-json\/wp\/v2\/product_cat?post=20831"},{"taxonomy":"product_tag","embeddable":true,"href":"https:\/\/mouldking.store\/es\/wp-json\/wp\/v2\/product_tag?post=20831"}],"curies":[{"name":"wp","href":"https:\/\/api.w.org\/{rel}","templated":true}]}}