{"id":20955,"date":"2021-10-09T04:58:20","date_gmt":"2021-10-08T21:58:20","guid":{"rendered":"https:\/\/mouldking.store\/shop\/moc-16921-sw-battle-on-hoth-mini-diorama-star-wars-by-gol-mocfactory\/"},"modified":"2025-12-25T09:24:23","modified_gmt":"2025-12-25T02:24:23","slug":"moc-16921-sw-battle-on-hoth-mini-diorama-star-wars-by-gol-mocfactory","status":"publish","type":"product","link":"https:\/\/mouldking.store\/es\/shop\/moc-16921-sw-battle-on-hoth-mini-diorama-star-wars-by-gol-mocfactory\/","title":{"rendered":"MOC-16921 SW Batalla en Hoth mini diorama Star Wars de gol MOCFACTORY"},"content":{"rendered":"<p>Un diorama de la Batalla de Hoth m\u00e1s peque\u00f1o de lo esperado, (generalmente) a escala de nanofiguras, que destaca un AT-AT, AT-ST, Snowspeeders y una peque\u00f1a base con canales.<\/p>\n<p><a href=\"https:\/\/pay.lpwstore.com\/wp-content\/uploads\/2020\/09\/MOC-16921-SW-Battle-on-Hoth-mini-diorama-Star-Wars-by-gol-MOCFACTORY.jpg\" target=\"_blank\" rel=\"noopener\"><img fetchpriority=\"high\" decoding=\"async\" class=\"aligncenter wp-image-195849 size-full\" title=\"MOC-16921-SW-Battle-on-Hoth-mini-diorama-Star-Wars-by-gol-MOCFACTORY\" src=\"https:\/\/pay.lpwstore.com\/wp-content\/uploads\/2020\/09\/MOC-16921-SW-Battle-on-Hoth-mini-diorama-Star-Wars-by-gol-MOCFACTORY.jpg\" alt=\"MOC-16921-SW-Battle-on-Hoth-mini-diorama-Star-Wars-by-gol-MOCFACTORY\" width=\"800\" height=\"800\" \/><\/a><\/p>","protected":false},"excerpt":{"rendered":"<ul>\n<li>Incluir <strong>658+<\/strong> piezas<\/li>\n<li>Instrucci\u00f3n PDF en l\u00ednea<\/li>\n<li>Bloque ABS de alta calidad.<\/li>\n<\/ul>","protected":false},"featured_media":20954,"comment_status":"open","ping_status":"closed","template":"","meta":{"_acf_changed":false},"product_cat":[415],"product_tag":[],"class_list":["product","first","instock","shipping-taxable","purchasable","product-type-simple"],"acf":[],"_links":{"self":[{"href":"https:\/\/mouldking.store\/es\/wp-json\/wp\/v2\/product\/20955","targetHints":{"allow":["GET"]}}],"collection":[{"href":"https:\/\/mouldking.store\/es\/wp-json\/wp\/v2\/product"}],"about":[{"href":"https:\/\/mouldking.store\/es\/wp-json\/wp\/v2\/types\/product"}],"replies":[{"embeddable":true,"href":"https:\/\/mouldking.store\/es\/wp-json\/wp\/v2\/comments?post=20955"}],"wp:featuredmedia":[{"embeddable":true,"href":"https:\/\/mouldking.store\/es\/wp-json\/wp\/v2\/media\/20954"}],"wp:attachment":[{"href":"https:\/\/mouldking.store\/es\/wp-json\/wp\/v2\/media?parent=20955"}],"wp:term":[{"taxonomy":"product_cat","embeddable":true,"href":"https:\/\/mouldking.store\/es\/wp-json\/wp\/v2\/product_cat?post=20955"},{"taxonomy":"product_tag","embeddable":true,"href":"https:\/\/mouldking.store\/es\/wp-json\/wp\/v2\/product_tag?post=20955"}],"curies":[{"name":"wp","href":"https:\/\/api.w.org\/{rel}","templated":true}]}}