{"id":21070,"date":"2021-10-09T05:00:36","date_gmt":"2021-10-09T05:00:36","guid":{"rendered":"https:\/\/mouldking.store\/shop\/moc-35846-black-interceptor-mad-max-movie-super-car-by-nikolayfx-mocfactory\/"},"modified":"2025-12-25T09:24:20","modified_gmt":"2025-12-25T02:24:20","slug":"moc-35846-black-interceptor-mad-max-movie-super-car-by-nikolayfx-mocfactory","status":"publish","type":"product","link":"https:\/\/mouldking.store\/es\/shop\/moc-35846-black-interceptor-mad-max-movie-super-car-by-nikolayfx-mocfactory\/","title":{"rendered":"MOC-35846 Black Interceptor Mad Max Movie Super Car de NikolayFX MOCFACTORY"},"content":{"rendered":"<div style=\"text-align: left\">This Wounded Beast se distribuye en colaboraci\u00f3n con Nikolay Gamurar y Mikhail Biktimirov.<\/div>\n<div style=\"text-align: center\"><\/div>\n<div style=\"text-align: left\">El \u00faltimo de los interceptores V8, tambi\u00e9n llamado &quot;Especial de inter\u00e9s&quot;, es conducido por Maxwell &quot;Frantic Max&quot; Rockatansky hacia el final de Mad Max y para la mitad principal de Mad Max 2: The Road Warrior. Se basa en un Ford Falcon XB GT Hardtop de 1973 fabricado en Australia, que fue ajustado intensamente para convertirse en un interceptor policial por la Patrulla de la Fuerza Principal.<\/div>\n<div><img fetchpriority=\"high\" decoding=\"async\" class=\"alignnone size-full wp-image-196253 aligncenter\" src=\"https:\/\/pay.lpwstore.com\/wp-content\/uploads\/2020\/09\/2020-New-Black-Interceptor-RC-Muscle-Car-Supercar-MOC-35846-Technic-Model-blocks-Building-Blocks-Bricks-2.jpg\" alt=\"-\" width=\"800\" height=\"800\" title=\"-\"> <img decoding=\"async\" class=\"alignnone size-full wp-image-196254 aligncenter\" src=\"https:\/\/pay.lpwstore.com\/wp-content\/uploads\/2020\/09\/2020-New-Black-Interceptor-RC-Muscle-Car-Supercar-MOC-35846-Technic-Model-blocks-Building-Blocks-Bricks-3.jpg\" alt=\"-\" width=\"800\" height=\"800\" title=\"-\"> <img decoding=\"async\" class=\"alignnone size-full wp-image-196255 aligncenter\" src=\"https:\/\/pay.lpwstore.com\/wp-content\/uploads\/2020\/09\/2020-New-Black-Interceptor-RC-Muscle-Car-Supercar-MOC-35846-Technic-Model-blocks-Building-Blocks-Bricks-4.jpg\" alt=\"-\" width=\"800\" height=\"800\" title=\"-\"> <img loading=\"lazy\" decoding=\"async\" class=\"alignnone size-full wp-image-196256 aligncenter\" src=\"https:\/\/pay.lpwstore.com\/wp-content\/uploads\/2020\/09\/2020-New-Black-Interceptor-RC-Muscle-Car-Supercar-MOC-35846-Technic-Model-blocks-Building-Blocks-Bricks-5.jpg\" alt=\"-\" width=\"800\" height=\"800\" title=\"-\"> <img loading=\"lazy\" decoding=\"async\" class=\"alignnone size-full wp-image-196252 aligncenter\" src=\"https:\/\/pay.lpwstore.com\/wp-content\/uploads\/2020\/09\/2020-New-Black-Interceptor-RC-Muscle-Car-Supercar-MOC-35846-Technic-Model-blocks-Building-Blocks-Bricks-1.jpg\" alt=\"-\" width=\"800\" height=\"800\" title=\"-\"><\/div>","protected":false},"excerpt":{"rendered":"<ul>\n<li>Incluir <strong>1510+<\/strong> piezas<\/li>\n<li>Instrucci\u00f3n PDF en l\u00ednea<\/li>\n<li>Bloque ABS de alta calidad.<\/li>\n<li>con motor<\/li>\n<\/ul>","protected":false},"featured_media":21064,"comment_status":"open","ping_status":"closed","template":"","meta":{"_acf_changed":false},"product_cat":[581],"product_tag":[],"class_list":["product","first","instock","shipping-taxable","purchasable","product-type-simple"],"acf":[],"_links":{"self":[{"href":"https:\/\/mouldking.store\/es\/wp-json\/wp\/v2\/product\/21070","targetHints":{"allow":["GET"]}}],"collection":[{"href":"https:\/\/mouldking.store\/es\/wp-json\/wp\/v2\/product"}],"about":[{"href":"https:\/\/mouldking.store\/es\/wp-json\/wp\/v2\/types\/product"}],"replies":[{"embeddable":true,"href":"https:\/\/mouldking.store\/es\/wp-json\/wp\/v2\/comments?post=21070"}],"wp:featuredmedia":[{"embeddable":true,"href":"https:\/\/mouldking.store\/es\/wp-json\/wp\/v2\/media\/21064"}],"wp:attachment":[{"href":"https:\/\/mouldking.store\/es\/wp-json\/wp\/v2\/media?parent=21070"}],"wp:term":[{"taxonomy":"product_cat","embeddable":true,"href":"https:\/\/mouldking.store\/es\/wp-json\/wp\/v2\/product_cat?post=21070"},{"taxonomy":"product_tag","embeddable":true,"href":"https:\/\/mouldking.store\/es\/wp-json\/wp\/v2\/product_tag?post=21070"}],"curies":[{"name":"wp","href":"https:\/\/api.w.org\/{rel}","templated":true}]}}