{"id":21115,"date":"2021-10-09T05:01:44","date_gmt":"2021-10-08T22:01:44","guid":{"rendered":"https:\/\/mouldking.store\/shop\/moc-15626-snowspeeder-minifig-scale-star-wars-by-brickvault-mocfactory\/"},"modified":"2025-12-25T09:24:19","modified_gmt":"2025-12-25T02:24:19","slug":"moc-15626-snowspeeder-minifig-scale-star-wars-by-brickvault-mocfactory","status":"publish","type":"product","link":"https:\/\/mouldking.store\/es\/shop\/moc-15626-snowspeeder-minifig-scale-star-wars-by-brickvault-mocfactory\/","title":{"rendered":"MOC-15626 Snowspeeder \u2013 Minifigura a escala Star Wars de brickvault MOCFACTORY"},"content":{"rendered":"<p style=\"text-align: left\">El deslizador de nieve (T-47 Airspeeder) fue la \u00faltima l\u00ednea de salvaguarda que permiti\u00f3 a los rebeldes escapar del Imperio en la Batalla de Hoth. Siendo seriamente superados en armas, los pilotos agitadores utilizaron deliberadamente estos peque\u00f1os deslizadores para aplastar a algunos caminantes goliat. Este segundo de David y Goliat sigue siendo uno de los m\u00e1s importantes de todo Star Wars.<\/p>\n<p><a href=\"https:\/\/pay.lpwstore.com\/wp-content\/uploads\/2020\/09\/MOC-15626-Snowspeeder-Minifig-Scale-Star-Wars-by-brickvault-MOCFACTORY.jpg\" target=\"_blank\" rel=\"noopener\"><img fetchpriority=\"high\" decoding=\"async\" class=\"aligncenter wp-image-196361 size-full\" title=\"MOC-15626-Snowspeeder---Minifig-Scale-Star-Wars-de-brickvault-MOCFACTORY\" src=\"https:\/\/pay.lpwstore.com\/wp-content\/uploads\/2020\/09\/MOC-15626-Snowspeeder-Minifig-Scale-Star-Wars-by-brickvault-MOCFACTORY.jpg\" alt=\"MOC-15626-Snowspeeder---Minifig-Scale-Star-Wars-by-brickvault-MOCFACTORY\" width=\"800\" height=\"800\" \/><\/a> <img decoding=\"async\" class=\"alignnone size-full wp-image-196362 aligncenter\" src=\"https:\/\/pay.lpwstore.com\/wp-content\/uploads\/2020\/09\/MOC-15626-Snowspeeder-Minifig-Scale-Star-Wars-by-brickvault-MOCFACTORY-2.jpg\" alt=\"MOC-15626-Snowspeeder---Minifig-Scale-Star-Wars-by-brickvault-MOCFACTORY-2\" width=\"800\" height=\"800\" title=\"-\"> <img decoding=\"async\" class=\"alignnone size-full wp-image-196363 aligncenter\" src=\"https:\/\/pay.lpwstore.com\/wp-content\/uploads\/2020\/09\/MOC-15626-Snowspeeder-Minifig-Scale-Star-Wars-by-brickvault-MOCFACTORY-3.jpg\" alt=\"MOC-15626-Snowspeeder---Minifig-Scale-Star-Wars-by-brickvault-MOCFACTORY-3\" width=\"800\" height=\"800\" title=\"-\"><\/p>","protected":false},"excerpt":{"rendered":"<ul>\n<li>Incluir <strong>518+<\/strong> piezas<\/li>\n<li>Instrucci\u00f3n PDF en l\u00ednea<\/li>\n<li>Bloque ABS de alta calidad.<\/li>\n<\/ul>","protected":false},"featured_media":21112,"comment_status":"open","ping_status":"closed","template":"","meta":{"_acf_changed":false},"product_cat":[415],"product_tag":[],"class_list":["product","first","instock","shipping-taxable","purchasable","product-type-simple"],"acf":[],"_links":{"self":[{"href":"https:\/\/mouldking.store\/es\/wp-json\/wp\/v2\/product\/21115","targetHints":{"allow":["GET"]}}],"collection":[{"href":"https:\/\/mouldking.store\/es\/wp-json\/wp\/v2\/product"}],"about":[{"href":"https:\/\/mouldking.store\/es\/wp-json\/wp\/v2\/types\/product"}],"replies":[{"embeddable":true,"href":"https:\/\/mouldking.store\/es\/wp-json\/wp\/v2\/comments?post=21115"}],"wp:featuredmedia":[{"embeddable":true,"href":"https:\/\/mouldking.store\/es\/wp-json\/wp\/v2\/media\/21112"}],"wp:attachment":[{"href":"https:\/\/mouldking.store\/es\/wp-json\/wp\/v2\/media?parent=21115"}],"wp:term":[{"taxonomy":"product_cat","embeddable":true,"href":"https:\/\/mouldking.store\/es\/wp-json\/wp\/v2\/product_cat?post=21115"},{"taxonomy":"product_tag","embeddable":true,"href":"https:\/\/mouldking.store\/es\/wp-json\/wp\/v2\/product_tag?post=21115"}],"curies":[{"name":"wp","href":"https:\/\/api.w.org\/{rel}","templated":true}]}}