{"id":21149,"date":"2021-10-09T05:02:09","date_gmt":"2021-10-08T22:02:09","guid":{"rendered":"https:\/\/mouldking.store\/shop\/moc-42895-modular-comic-shop-apartment-buildings-by-brick_monster-mocfactory\/"},"modified":"2025-12-25T09:24:19","modified_gmt":"2025-12-25T02:24:19","slug":"moc-42895-modular-comic-shop-apartment-buildings-by-brick_monster-mocfactory","status":"publish","type":"product","link":"https:\/\/mouldking.store\/es\/shop\/moc-42895-modular-comic-shop-apartment-buildings-by-brick_monster-mocfactory\/","title":{"rendered":"MOC-42895 Tienda de c\u00f3mics modular + Edificios de apartamentos de brick_monster MOCFACTORY"},"content":{"rendered":"<div style=\"text-align: left\">Siguiendo los principios com\u00fanmente utilizados para las estructuras medidas de LEGO\u00ae, Comic Shop + Apartment es una estructura especial en una organizaci\u00f3n de 32 postes de ancho con 4 segmentos distintivos.<\/div>\n<ul style=\"text-align: center\">\n<li style=\"text-align: left\">\u00a1Planta baja que destaca una tienda de c\u00f3mics repleta de cajas largas y nuevas entregas!<\/li>\n<li style=\"text-align: left\">Piso Primario con family room, stereo y cocineta.<\/li>\n<li style=\"text-align: left\">El nivel m\u00e1s alto con una habitaci\u00f3n y un ba\u00f1o enorme.<\/li>\n<li style=\"text-align: left\">Azotea con equipo.<\/li>\n<\/ul>\n<div><a href=\"https:\/\/pay.lpwstore.com\/wp-content\/uploads\/2020\/10\/MOC-42895-Modular-Comic-Shop-Apartment-Buildings-by-brick_monster-MOCFACTORY.jpg\" target=\"_blank\" rel=\"noopener\"><img fetchpriority=\"high\" decoding=\"async\" class=\"aligncenter wp-image-196538 size-full\" title=\"MOC-42895-Modular-Comic-Shop-+-Edificios-de-apartamentos-by-brick_monster-MOCFACTORY\" src=\"https:\/\/pay.lpwstore.com\/wp-content\/uploads\/2020\/10\/MOC-42895-Modular-Comic-Shop-Apartment-Buildings-by-brick_monster-MOCFACTORY.jpg\" alt=\"MOC-42895-Modular-Comic-Shop-+-Apartment-Buildings-by-brick_monster-MOCFACTORY\" width=\"800\" height=\"800\" \/><\/a> <img decoding=\"async\" class=\"alignnone size-full wp-image-196539 aligncenter\" src=\"https:\/\/pay.lpwstore.com\/wp-content\/uploads\/2020\/10\/MOC-42895-Modular-Comic-Shop-Apartment-Buildings-by-brick_monster-MOCFACTORY-2.jpg\" alt=\"MOC-42895-Modular-Comic-Shop-+-Apartment-Buildings-by-brick_monster-MOCFACTORY-2\" width=\"800\" height=\"800\" title=\"-\"><\/div>","protected":false},"excerpt":{"rendered":"<ul>\n<li>Incluir <strong>1866+<\/strong> piezas<\/li>\n<li>Instrucci\u00f3n PDF en l\u00ednea<\/li>\n<li>Bloque ABS de alta calidad.<\/li>\n<\/ul>","protected":false},"featured_media":21147,"comment_status":"open","ping_status":"closed","template":"","meta":{"_acf_changed":false},"product_cat":[390],"product_tag":[],"class_list":["product","first","outofstock","shipping-taxable","purchasable","product-type-simple"],"acf":[],"_links":{"self":[{"href":"https:\/\/mouldking.store\/es\/wp-json\/wp\/v2\/product\/21149","targetHints":{"allow":["GET"]}}],"collection":[{"href":"https:\/\/mouldking.store\/es\/wp-json\/wp\/v2\/product"}],"about":[{"href":"https:\/\/mouldking.store\/es\/wp-json\/wp\/v2\/types\/product"}],"replies":[{"embeddable":true,"href":"https:\/\/mouldking.store\/es\/wp-json\/wp\/v2\/comments?post=21149"}],"wp:featuredmedia":[{"embeddable":true,"href":"https:\/\/mouldking.store\/es\/wp-json\/wp\/v2\/media\/21147"}],"wp:attachment":[{"href":"https:\/\/mouldking.store\/es\/wp-json\/wp\/v2\/media?parent=21149"}],"wp:term":[{"taxonomy":"product_cat","embeddable":true,"href":"https:\/\/mouldking.store\/es\/wp-json\/wp\/v2\/product_cat?post=21149"},{"taxonomy":"product_tag","embeddable":true,"href":"https:\/\/mouldking.store\/es\/wp-json\/wp\/v2\/product_tag?post=21149"}],"curies":[{"name":"wp","href":"https:\/\/api.w.org\/{rel}","templated":true}]}}