{"id":21220,"date":"2021-10-09T05:04:16","date_gmt":"2021-10-08T22:04:16","guid":{"rendered":"https:\/\/mouldking.store\/shop\/moc-31693-space-battleship-yamato-by-apenello-moc-factory\/"},"modified":"2025-12-25T09:24:12","modified_gmt":"2025-12-25T02:24:12","slug":"moc-31693-space-battleship-yamato-by-apenello-moc-factory","status":"publish","type":"product","link":"https:\/\/mouldking.store\/es\/shop\/moc-31693-space-battleship-yamato-by-apenello-moc-factory\/","title":{"rendered":"MOC-31693 Acorazado espacial Yamato de apenello MOC FACTORY"},"content":{"rendered":"<p style=\"text-align: left\">MOC-31693 Space Battleship Yamato de apenello MOC FACTORY es un set de la colecci\u00f3n Space, dise\u00f1ado por apenello. Este MOC 31693 viene con instrucciones en PDF que son f\u00e1ciles de construir y encontrar las piezas que faltan. El conjunto contiene 1782 piezas, lanzado por primera vez en 2020.<\/p>\n<p style=\"text-align: left\">MOC-31693 Space Battleship Yamato se basa en un famoso anime de televisi\u00f3n de Jap\u00f3n.<\/p>\n<p><a href=\"https:\/\/pay.lpwstore.com\/wp-content\/uploads\/2020\/10\/MOC-31693-Space-Battleship-Yamato-by-apenello-MOC-FACTORY-6.jpg\" target=\"_blank\" rel=\"noopener\"><img fetchpriority=\"high\" decoding=\"async\" class=\"aligncenter wp-image-197022 size-full\" title=\"MOC-31693-Space-Battleship-Yamato-por-apenello-MOC-FACTORY-6\" src=\"https:\/\/pay.lpwstore.com\/wp-content\/uploads\/2020\/10\/MOC-31693-Space-Battleship-Yamato-by-apenello-MOC-FACTORY-6.jpg\" alt=\"MOC-31693-Space-Battleship-Yamato-by-apenello-MOC-FACTORY-6\" width=\"800\" height=\"800\" \/><\/a> <img decoding=\"async\" class=\"alignnone size-full wp-image-197017 aligncenter\" src=\"https:\/\/pay.lpwstore.com\/wp-content\/uploads\/2020\/10\/MOC-31693-Space-Battleship-Yamato-by-apenello-MOC-FACTORY.jpg\" alt=\"MOC-31693-Space-Battleship-Yamato-by-apenello-MOC-FACTORY\" width=\"800\" height=\"800\" title=\"-\"> <img decoding=\"async\" class=\"alignnone size-full wp-image-197018 aligncenter\" src=\"https:\/\/pay.lpwstore.com\/wp-content\/uploads\/2020\/10\/MOC-31693-Space-Battleship-Yamato-by-apenello-MOC-FACTORY-2.jpg\" alt=\"MOC-31693-Space-Battleship-Yamato-by-apenello-MOC-FACTORY-2\" width=\"800\" height=\"800\" title=\"-\"> <img loading=\"lazy\" decoding=\"async\" class=\"alignnone size-full wp-image-197019 aligncenter\" src=\"https:\/\/pay.lpwstore.com\/wp-content\/uploads\/2020\/10\/MOC-31693-Space-Battleship-Yamato-by-apenello-MOC-FACTORY-3.jpg\" alt=\"MOC-31693-Space-Battleship-Yamato-by-apenello-MOC-FACTORY-3\" width=\"800\" height=\"800\" title=\"-\"> <img loading=\"lazy\" decoding=\"async\" class=\"alignnone size-full wp-image-197020 aligncenter\" src=\"https:\/\/pay.lpwstore.com\/wp-content\/uploads\/2020\/10\/MOC-31693-Space-Battleship-Yamato-by-apenello-MOC-FACTORY-4.jpg\" alt=\"MOC-31693-Space-Battleship-Yamato-by-apenello-MOC-FACTORY-4\" width=\"800\" height=\"800\" title=\"-\"> <img loading=\"lazy\" decoding=\"async\" class=\"alignnone size-full wp-image-197021 aligncenter\" src=\"https:\/\/pay.lpwstore.com\/wp-content\/uploads\/2020\/10\/MOC-31693-Space-Battleship-Yamato-by-apenello-MOC-FACTORY-5.jpg\" alt=\"MOC-31693-Space-Battleship-Yamato-by-apenello-MOC-FACTORY-5\" width=\"800\" height=\"800\" title=\"-\"><\/p>","protected":false},"excerpt":{"rendered":"<ul>\n<li>Incluir <strong>1782+<\/strong> piezas<\/li>\n<li>Instrucci\u00f3n PDF en l\u00ednea<\/li>\n<li>Bloque ABS de alta calidad.<\/li>\n<\/ul>","protected":false},"featured_media":21214,"comment_status":"open","ping_status":"closed","template":"","meta":{"_acf_changed":false},"product_cat":[371],"product_tag":[],"class_list":["product","first","instock","shipping-taxable","purchasable","product-type-simple"],"acf":[],"_links":{"self":[{"href":"https:\/\/mouldking.store\/es\/wp-json\/wp\/v2\/product\/21220","targetHints":{"allow":["GET"]}}],"collection":[{"href":"https:\/\/mouldking.store\/es\/wp-json\/wp\/v2\/product"}],"about":[{"href":"https:\/\/mouldking.store\/es\/wp-json\/wp\/v2\/types\/product"}],"replies":[{"embeddable":true,"href":"https:\/\/mouldking.store\/es\/wp-json\/wp\/v2\/comments?post=21220"}],"wp:featuredmedia":[{"embeddable":true,"href":"https:\/\/mouldking.store\/es\/wp-json\/wp\/v2\/media\/21214"}],"wp:attachment":[{"href":"https:\/\/mouldking.store\/es\/wp-json\/wp\/v2\/media?parent=21220"}],"wp:term":[{"taxonomy":"product_cat","embeddable":true,"href":"https:\/\/mouldking.store\/es\/wp-json\/wp\/v2\/product_cat?post=21220"},{"taxonomy":"product_tag","embeddable":true,"href":"https:\/\/mouldking.store\/es\/wp-json\/wp\/v2\/product_tag?post=21220"}],"curies":[{"name":"wp","href":"https:\/\/api.w.org\/{rel}","templated":true}]}}