{"id":21265,"date":"2021-10-09T05:05:03","date_gmt":"2021-10-08T22:05:03","guid":{"rendered":"https:\/\/mouldking.store\/shop\/moc-37240-santa-claus-creator-by-dj-brick-moc-factory\/"},"modified":"2025-12-25T09:24:11","modified_gmt":"2025-12-25T02:24:11","slug":"moc-37240-santa-claus-creator-by-dj-brick-moc-factory","status":"publish","type":"product","link":"https:\/\/mouldking.store\/es\/shop\/moc-37240-santa-claus-creator-by-dj-brick-moc-factory\/","title":{"rendered":"MOC-37240 Creador de Pap\u00e1 Noel por DJ Brick MOC FACTORY"},"content":{"rendered":"<p style=\"text-align: left;\">MOC-37240 Santa Claus Creator de DJ Brick MOC FACTORY es un set de la colecci\u00f3n Creator, dise\u00f1ado por DJ Brick. Este MOC 37240 viene con instrucciones en PDF que son f\u00e1ciles de construir y encontrar las piezas que faltan. El conjunto contiene 2021 piezas, lanzadas por primera vez en 2020.<\/p>\n<p>&nbsp;<\/p>\n<figure id=\"attachment_21263\" aria-describedby=\"caption-attachment-21263\" style=\"width: 800px\" class=\"wp-caption aligncenter\"><img fetchpriority=\"high\" decoding=\"async\" class=\"wp-image-21263 size-full\" src=\"https:\/\/mouldking.store\/wp-content\/uploads\/2021\/10\/MOC-37240-Santa-Claus-Creator-by-DJ-Brick-MOC-FACTORY-2.jpg\" alt=\"MOC-37240 Santa Claus Creator by DJ Brick MOC FACTORY\" width=\"800\" height=\"800\" title=\"-\" srcset=\"https:\/\/mouldking.store\/wp-content\/uploads\/2021\/10\/MOC-37240-Santa-Claus-Creator-by-DJ-Brick-MOC-FACTORY-2.jpg 800w, https:\/\/mouldking.store\/wp-content\/uploads\/2021\/10\/MOC-37240-Santa-Claus-Creator-by-DJ-Brick-MOC-FACTORY-2-300x300.jpg 300w, https:\/\/mouldking.store\/wp-content\/uploads\/2021\/10\/MOC-37240-Santa-Claus-Creator-by-DJ-Brick-MOC-FACTORY-2-768x768.jpg 768w, https:\/\/mouldking.store\/wp-content\/uploads\/2021\/10\/MOC-37240-Santa-Claus-Creator-by-DJ-Brick-MOC-FACTORY-2-600x600.jpg 600w, https:\/\/mouldking.store\/wp-content\/uploads\/2021\/10\/MOC-37240-Santa-Claus-Creator-by-DJ-Brick-MOC-FACTORY-2-150x150.jpg 150w\" sizes=\"(max-width: 800px) 100vw, 800px\" \/><figcaption id=\"caption-attachment-21263\" class=\"wp-caption-text\">MOC-37240 Creador de Pap\u00e1 Noel por DJ Brick MOC FACTORY<\/figcaption><\/figure>\n<figure id=\"attachment_21264\" aria-describedby=\"caption-attachment-21264\" style=\"width: 800px\" class=\"wp-caption aligncenter\"><img decoding=\"async\" class=\"wp-image-21264 size-full\" src=\"https:\/\/mouldking.store\/wp-content\/uploads\/2021\/10\/MOC-37240-Santa-Claus-Creator-by-DJ-Brick-MOC-FACTORY.jpg\" alt=\"MOC-37240 Santa Claus Creator by DJ Brick MOC FACTORY\" width=\"800\" height=\"800\" title=\"-\" srcset=\"https:\/\/mouldking.store\/wp-content\/uploads\/2021\/10\/MOC-37240-Santa-Claus-Creator-by-DJ-Brick-MOC-FACTORY.jpg 800w, https:\/\/mouldking.store\/wp-content\/uploads\/2021\/10\/MOC-37240-Santa-Claus-Creator-by-DJ-Brick-MOC-FACTORY-300x300.jpg 300w, https:\/\/mouldking.store\/wp-content\/uploads\/2021\/10\/MOC-37240-Santa-Claus-Creator-by-DJ-Brick-MOC-FACTORY-768x768.jpg 768w, https:\/\/mouldking.store\/wp-content\/uploads\/2021\/10\/MOC-37240-Santa-Claus-Creator-by-DJ-Brick-MOC-FACTORY-600x600.jpg 600w, https:\/\/mouldking.store\/wp-content\/uploads\/2021\/10\/MOC-37240-Santa-Claus-Creator-by-DJ-Brick-MOC-FACTORY-150x150.jpg 150w\" sizes=\"(max-width: 800px) 100vw, 800px\" \/><figcaption id=\"caption-attachment-21264\" class=\"wp-caption-text\">MOC-37240 Creador de Pap\u00e1 Noel por DJ Brick MOC FACTORY<\/figcaption><\/figure>\n<p>&nbsp;<\/p>","protected":false},"excerpt":{"rendered":"<ul>\n<li>Incluir <strong>2021+<\/strong> piezas<\/li>\n<li>Instrucci\u00f3n PDF en l\u00ednea<\/li>\n<li>Bloque ABS de alta calidad.<\/li>\n<\/ul>","protected":false},"featured_media":21263,"comment_status":"open","ping_status":"closed","template":"","meta":{"_acf_changed":false},"product_cat":[371],"product_tag":[5696,5695,5694,5697],"class_list":["product","first","instock","shipping-taxable","purchasable","product-type-simple"],"acf":[],"_links":{"self":[{"href":"https:\/\/mouldking.store\/es\/wp-json\/wp\/v2\/product\/21265","targetHints":{"allow":["GET"]}}],"collection":[{"href":"https:\/\/mouldking.store\/es\/wp-json\/wp\/v2\/product"}],"about":[{"href":"https:\/\/mouldking.store\/es\/wp-json\/wp\/v2\/types\/product"}],"replies":[{"embeddable":true,"href":"https:\/\/mouldking.store\/es\/wp-json\/wp\/v2\/comments?post=21265"}],"wp:featuredmedia":[{"embeddable":true,"href":"https:\/\/mouldking.store\/es\/wp-json\/wp\/v2\/media\/21263"}],"wp:attachment":[{"href":"https:\/\/mouldking.store\/es\/wp-json\/wp\/v2\/media?parent=21265"}],"wp:term":[{"taxonomy":"product_cat","embeddable":true,"href":"https:\/\/mouldking.store\/es\/wp-json\/wp\/v2\/product_cat?post=21265"},{"taxonomy":"product_tag","embeddable":true,"href":"https:\/\/mouldking.store\/es\/wp-json\/wp\/v2\/product_tag?post=21265"}],"curies":[{"name":"wp","href":"https:\/\/api.w.org\/{rel}","templated":true}]}}