{"id":21271,"date":"2021-10-09T05:05:09","date_gmt":"2021-10-08T22:05:09","guid":{"rendered":"https:\/\/mouldking.store\/shop\/moc-52200-tatooine-mos-eisley-cantina-1-star-wars-by-mocopolis-moc-factory\/"},"modified":"2025-12-25T09:24:11","modified_gmt":"2025-12-25T02:24:11","slug":"moc-52200-tatooine-mos-eisley-cantina-1-star-wars-by-mocopolis-moc-factory","status":"publish","type":"product","link":"https:\/\/mouldking.store\/es\/shop\/moc-52200-tatooine-mos-eisley-cantina-1-star-wars-by-mocopolis-moc-factory\/","title":{"rendered":"MOC-52200 Tatooine Mos Eisley Cantina #1 Star Wars de MOCOPOLIS MOC FACTORY"},"content":{"rendered":"<ul>\n<li style=\"text-align: left;\">MOC-52200 Tatooine Mos Eisley Cantina #1 Star Wars de MOCOPOLIS MOC FACTORY es un set de la colecci\u00f3n Star Wars, dise\u00f1ado por MOCOPOLIS. Este MOC 52200 viene con instrucciones en PDF que son f\u00e1ciles de construir y encontrar las piezas que faltan. El conjunto contiene 4298 piezas, lanzado por primera vez en 2020.<\/li>\n<li>Organizar tiempo: 4-7 semanas<\/li>\n<\/ul>\n<p>&nbsp;<\/p>\n<figure id=\"attachment_21266\" aria-describedby=\"caption-attachment-21266\" style=\"width: 800px\" class=\"wp-caption aligncenter\"><img fetchpriority=\"high\" decoding=\"async\" class=\"wp-image-21266 size-full\" src=\"https:\/\/mouldking.store\/wp-content\/uploads\/2021\/10\/MOC-52200-Tatooine-Mos-Eisley-Cantina-1-Star-Wars-by-MOCOPOLIS-MOC-FACTORY-5.jpg\" alt=\"MOC-52200 Tatooine Mos Eisley Cantina #1 Star Wars by MOCOPOLIS MOC FACTORY\" width=\"800\" height=\"800\" title=\"-\" srcset=\"https:\/\/mouldking.store\/wp-content\/uploads\/2021\/10\/MOC-52200-Tatooine-Mos-Eisley-Cantina-1-Star-Wars-by-MOCOPOLIS-MOC-FACTORY-5.jpg 800w, https:\/\/mouldking.store\/wp-content\/uploads\/2021\/10\/MOC-52200-Tatooine-Mos-Eisley-Cantina-1-Star-Wars-by-MOCOPOLIS-MOC-FACTORY-5-300x300.jpg 300w, https:\/\/mouldking.store\/wp-content\/uploads\/2021\/10\/MOC-52200-Tatooine-Mos-Eisley-Cantina-1-Star-Wars-by-MOCOPOLIS-MOC-FACTORY-5-768x768.jpg 768w, https:\/\/mouldking.store\/wp-content\/uploads\/2021\/10\/MOC-52200-Tatooine-Mos-Eisley-Cantina-1-Star-Wars-by-MOCOPOLIS-MOC-FACTORY-5-600x600.jpg 600w, https:\/\/mouldking.store\/wp-content\/uploads\/2021\/10\/MOC-52200-Tatooine-Mos-Eisley-Cantina-1-Star-Wars-by-MOCOPOLIS-MOC-FACTORY-5-150x150.jpg 150w\" sizes=\"(max-width: 800px) 100vw, 800px\" \/><figcaption id=\"caption-attachment-21266\" class=\"wp-caption-text\">MOC-52200 Tatooine Mos Eisley Cantina #1 Star Wars de MOCOPOLIS MOC FACTORY<\/figcaption><\/figure>\n<figure id=\"attachment_21267\" aria-describedby=\"caption-attachment-21267\" style=\"width: 800px\" class=\"wp-caption aligncenter\"><img decoding=\"async\" class=\"wp-image-21267 size-full\" src=\"https:\/\/mouldking.store\/wp-content\/uploads\/2021\/10\/MOC-52200-Tatooine-Mos-Eisley-Cantina-1-Star-Wars-by-MOCOPOLIS-MOC-FACTORY.jpg\" alt=\"MOC-52200 Tatooine Mos Eisley Cantina #1 Star Wars by MOCOPOLIS MOC FACTORY\" width=\"800\" height=\"800\" title=\"-\" srcset=\"https:\/\/mouldking.store\/wp-content\/uploads\/2021\/10\/MOC-52200-Tatooine-Mos-Eisley-Cantina-1-Star-Wars-by-MOCOPOLIS-MOC-FACTORY.jpg 800w, https:\/\/mouldking.store\/wp-content\/uploads\/2021\/10\/MOC-52200-Tatooine-Mos-Eisley-Cantina-1-Star-Wars-by-MOCOPOLIS-MOC-FACTORY-300x300.jpg 300w, https:\/\/mouldking.store\/wp-content\/uploads\/2021\/10\/MOC-52200-Tatooine-Mos-Eisley-Cantina-1-Star-Wars-by-MOCOPOLIS-MOC-FACTORY-768x768.jpg 768w, https:\/\/mouldking.store\/wp-content\/uploads\/2021\/10\/MOC-52200-Tatooine-Mos-Eisley-Cantina-1-Star-Wars-by-MOCOPOLIS-MOC-FACTORY-600x600.jpg 600w, https:\/\/mouldking.store\/wp-content\/uploads\/2021\/10\/MOC-52200-Tatooine-Mos-Eisley-Cantina-1-Star-Wars-by-MOCOPOLIS-MOC-FACTORY-150x150.jpg 150w\" sizes=\"(max-width: 800px) 100vw, 800px\" \/><figcaption id=\"caption-attachment-21267\" class=\"wp-caption-text\">MOC-52200 Tatooine Mos Eisley Cantina #1 Star Wars de MOCOPOLIS MOC FACTORY<\/figcaption><\/figure>\n<figure id=\"attachment_21270\" aria-describedby=\"caption-attachment-21270\" style=\"width: 800px\" class=\"wp-caption aligncenter\"><img decoding=\"async\" class=\"wp-image-21270 size-full\" src=\"https:\/\/mouldking.store\/wp-content\/uploads\/2021\/10\/MOC-52200-Tatooine-Mos-Eisley-Cantina-1-Star-Wars-by-MOCOPOLIS-MOC-FACTORY-4.jpg\" alt=\"MOC-52200 Tatooine Mos Eisley Cantina #1 Star Wars by MOCOPOLIS MOC FACTORY\" width=\"800\" height=\"800\" title=\"-\" srcset=\"https:\/\/mouldking.store\/wp-content\/uploads\/2021\/10\/MOC-52200-Tatooine-Mos-Eisley-Cantina-1-Star-Wars-by-MOCOPOLIS-MOC-FACTORY-4.jpg 800w, https:\/\/mouldking.store\/wp-content\/uploads\/2021\/10\/MOC-52200-Tatooine-Mos-Eisley-Cantina-1-Star-Wars-by-MOCOPOLIS-MOC-FACTORY-4-300x300.jpg 300w, https:\/\/mouldking.store\/wp-content\/uploads\/2021\/10\/MOC-52200-Tatooine-Mos-Eisley-Cantina-1-Star-Wars-by-MOCOPOLIS-MOC-FACTORY-4-768x768.jpg 768w, https:\/\/mouldking.store\/wp-content\/uploads\/2021\/10\/MOC-52200-Tatooine-Mos-Eisley-Cantina-1-Star-Wars-by-MOCOPOLIS-MOC-FACTORY-4-600x600.jpg 600w, https:\/\/mouldking.store\/wp-content\/uploads\/2021\/10\/MOC-52200-Tatooine-Mos-Eisley-Cantina-1-Star-Wars-by-MOCOPOLIS-MOC-FACTORY-4-150x150.jpg 150w\" sizes=\"(max-width: 800px) 100vw, 800px\" \/><figcaption id=\"caption-attachment-21270\" class=\"wp-caption-text\">MOC-52200 Tatooine Mos Eisley Cantina #1 Star Wars de MOCOPOLIS MOC FACTORY<\/figcaption><\/figure>\n<figure id=\"attachment_21269\" aria-describedby=\"caption-attachment-21269\" style=\"width: 800px\" class=\"wp-caption aligncenter\"><img loading=\"lazy\" decoding=\"async\" class=\"wp-image-21269 size-full\" src=\"https:\/\/mouldking.store\/wp-content\/uploads\/2021\/10\/MOC-52200-Tatooine-Mos-Eisley-Cantina-1-Star-Wars-by-MOCOPOLIS-MOC-FACTORY-3.jpg\" alt=\"MOC-52200 Tatooine Mos Eisley Cantina #1 Star Wars by MOCOPOLIS MOC FACTORY\" width=\"800\" height=\"800\" title=\"-\" srcset=\"https:\/\/mouldking.store\/wp-content\/uploads\/2021\/10\/MOC-52200-Tatooine-Mos-Eisley-Cantina-1-Star-Wars-by-MOCOPOLIS-MOC-FACTORY-3.jpg 800w, https:\/\/mouldking.store\/wp-content\/uploads\/2021\/10\/MOC-52200-Tatooine-Mos-Eisley-Cantina-1-Star-Wars-by-MOCOPOLIS-MOC-FACTORY-3-300x300.jpg 300w, https:\/\/mouldking.store\/wp-content\/uploads\/2021\/10\/MOC-52200-Tatooine-Mos-Eisley-Cantina-1-Star-Wars-by-MOCOPOLIS-MOC-FACTORY-3-768x768.jpg 768w, https:\/\/mouldking.store\/wp-content\/uploads\/2021\/10\/MOC-52200-Tatooine-Mos-Eisley-Cantina-1-Star-Wars-by-MOCOPOLIS-MOC-FACTORY-3-600x600.jpg 600w, https:\/\/mouldking.store\/wp-content\/uploads\/2021\/10\/MOC-52200-Tatooine-Mos-Eisley-Cantina-1-Star-Wars-by-MOCOPOLIS-MOC-FACTORY-3-150x150.jpg 150w\" sizes=\"(max-width: 800px) 100vw, 800px\" \/><figcaption id=\"caption-attachment-21269\" class=\"wp-caption-text\">MOC-52200 Tatooine Mos Eisley Cantina #1 Star Wars de MOCOPOLIS MOC FACTORY<\/figcaption><\/figure>\n<figure id=\"attachment_21268\" aria-describedby=\"caption-attachment-21268\" style=\"width: 800px\" class=\"wp-caption aligncenter\"><img loading=\"lazy\" decoding=\"async\" class=\"wp-image-21268 size-full\" src=\"https:\/\/mouldking.store\/wp-content\/uploads\/2021\/10\/MOC-52200-Tatooine-Mos-Eisley-Cantina-1-Star-Wars-by-MOCOPOLIS-MOC-FACTORY-2.jpg\" alt=\"MOC-52200 Tatooine Mos Eisley Cantina #1 Star Wars by MOCOPOLIS MOC FACTORY\" width=\"800\" height=\"800\" title=\"-\" srcset=\"https:\/\/mouldking.store\/wp-content\/uploads\/2021\/10\/MOC-52200-Tatooine-Mos-Eisley-Cantina-1-Star-Wars-by-MOCOPOLIS-MOC-FACTORY-2.jpg 800w, https:\/\/mouldking.store\/wp-content\/uploads\/2021\/10\/MOC-52200-Tatooine-Mos-Eisley-Cantina-1-Star-Wars-by-MOCOPOLIS-MOC-FACTORY-2-300x300.jpg 300w, https:\/\/mouldking.store\/wp-content\/uploads\/2021\/10\/MOC-52200-Tatooine-Mos-Eisley-Cantina-1-Star-Wars-by-MOCOPOLIS-MOC-FACTORY-2-768x768.jpg 768w, https:\/\/mouldking.store\/wp-content\/uploads\/2021\/10\/MOC-52200-Tatooine-Mos-Eisley-Cantina-1-Star-Wars-by-MOCOPOLIS-MOC-FACTORY-2-600x600.jpg 600w, https:\/\/mouldking.store\/wp-content\/uploads\/2021\/10\/MOC-52200-Tatooine-Mos-Eisley-Cantina-1-Star-Wars-by-MOCOPOLIS-MOC-FACTORY-2-150x150.jpg 150w\" sizes=\"(max-width: 800px) 100vw, 800px\" \/><figcaption id=\"caption-attachment-21268\" class=\"wp-caption-text\">MOC-52200 Tatooine Mos Eisley Cantina #1 Star Wars de MOCOPOLIS MOC FACTORY<\/figcaption><\/figure>\n<p>&nbsp;<\/p>","protected":false},"excerpt":{"rendered":"<ul>\n<li>Incluir <strong>4298+<\/strong> piezas<\/li>\n<li>Instrucci\u00f3n PDF en l\u00ednea<\/li>\n<li>Bloque ABS de alta calidad.<\/li>\n<\/ul>","protected":false},"featured_media":21266,"comment_status":"open","ping_status":"closed","template":"","meta":{"_acf_changed":false},"product_cat":[415],"product_tag":[],"class_list":["product","first","instock","shipping-taxable","purchasable","product-type-simple"],"acf":[],"_links":{"self":[{"href":"https:\/\/mouldking.store\/es\/wp-json\/wp\/v2\/product\/21271","targetHints":{"allow":["GET"]}}],"collection":[{"href":"https:\/\/mouldking.store\/es\/wp-json\/wp\/v2\/product"}],"about":[{"href":"https:\/\/mouldking.store\/es\/wp-json\/wp\/v2\/types\/product"}],"replies":[{"embeddable":true,"href":"https:\/\/mouldking.store\/es\/wp-json\/wp\/v2\/comments?post=21271"}],"wp:featuredmedia":[{"embeddable":true,"href":"https:\/\/mouldking.store\/es\/wp-json\/wp\/v2\/media\/21266"}],"wp:attachment":[{"href":"https:\/\/mouldking.store\/es\/wp-json\/wp\/v2\/media?parent=21271"}],"wp:term":[{"taxonomy":"product_cat","embeddable":true,"href":"https:\/\/mouldking.store\/es\/wp-json\/wp\/v2\/product_cat?post=21271"},{"taxonomy":"product_tag","embeddable":true,"href":"https:\/\/mouldking.store\/es\/wp-json\/wp\/v2\/product_tag?post=21271"}],"curies":[{"name":"wp","href":"https:\/\/api.w.org\/{rel}","templated":true}]}}