{"id":21538,"date":"2021-10-09T05:09:51","date_gmt":"2021-10-08T22:09:51","guid":{"rendered":"https:\/\/mouldking.store\/shop\/moc-90053-mos-eisley-spaceport-falcon-landspeeder-star-wars-moc-factory\/"},"modified":"2025-12-25T09:23:57","modified_gmt":"2025-12-25T02:23:57","slug":"moc-90053-mos-eisley-spaceport-falcon-landspeeder-star-wars-moc-factory","status":"publish","type":"product","link":"https:\/\/mouldking.store\/es\/shop\/moc-90053-mos-eisley-spaceport-falcon-landspeeder-star-wars-moc-factory\/","title":{"rendered":"MOC-90053 Puerto espacial Mos Eisley + Falcon + Landspeeder Star Wars MOC FACTORY"},"content":{"rendered":"<p>MOC-90053 Mos Eisley Spaceport + Falcon + Landspeeder Star Wars MOC FACTORY es un set de la colecci\u00f3n Star Wars. Este MOC 90053 viene con instrucciones en PDF que es f\u00e1cil de construir y encontrar las piezas que faltan. El conjunto contiene m\u00e1s de 6699 piezas, lanzado por primera vez en 2020.<\/p>\n<figure id=\"attachment_198385\" aria-describedby=\"caption-attachment-198385\" style=\"width: 800px\" class=\"wp-caption aligncenter\"><a href=\"https:\/\/pay.lpwstore.com\/wp-content\/uploads\/2020\/11\/MOC-90053-Mos-Eisley-Spaceport-Falcon-Landspeeder-Star-Wars-MOC-FACTORY.jpg\" target=\"_blank\" rel=\"noopener\"><img fetchpriority=\"high\" decoding=\"async\" class=\"wp-image-198385 size-full\" title=\"MOC-90053 Puerto espacial Mos Eisley + Falcon + Landspeeder Star Wars MOC FACTORY\" src=\"https:\/\/pay.lpwstore.com\/wp-content\/uploads\/2020\/11\/MOC-90053-Mos-Eisley-Spaceport-Falcon-Landspeeder-Star-Wars-MOC-FACTORY.jpg\" alt=\"MOC-90053 Mos Eisley Spaceport + Falcon + Landspeeder Star Wars MOC FACTORY\" width=\"800\" height=\"800\" \/><\/a><figcaption id=\"caption-attachment-198385\" class=\"wp-caption-text\">MOC-90053 Puerto espacial Mos Eisley + Falcon + Landspeeder Star Wars MOC FACTORY<\/figcaption><\/figure>\n<p><img decoding=\"async\" class=\"size-medium wp-image-198386 aligncenter\" src=\"https:\/\/pay.lpwstore.com\/wp-content\/uploads\/2020\/11\/MOC-90053-Mos-Eisley-Spaceport-Falcon-Landspeeder-Star-Wars-MOC-FACTORY-2.jpg\" alt=\"-\" width=\"800\" height=\"800\" title=\"-\"><\/p>","protected":false},"excerpt":{"rendered":"<p>Este conjunto es la combinaci\u00f3n de MOC 41406 Mos Eisley Spaceport de A New Hope y MOC 24884 stifos - Millennium-Falcon y MOC-41385 Luke&#039;s X-34 SoroSuub Landspeeder<\/p>\n<ul>\n<li>Incluye 6699+ piezas<\/li>\n<li>Instrucci\u00f3n PDF en l\u00ednea<\/li>\n<li>Bloque ABS de alta calidad.<\/li>\n<\/ul>","protected":false},"featured_media":21536,"comment_status":"open","ping_status":"closed","template":"","meta":{"_acf_changed":false},"product_cat":[415],"product_tag":[],"class_list":["product","first","outofstock","shipping-taxable","purchasable","product-type-simple"],"acf":[],"_links":{"self":[{"href":"https:\/\/mouldking.store\/es\/wp-json\/wp\/v2\/product\/21538","targetHints":{"allow":["GET"]}}],"collection":[{"href":"https:\/\/mouldking.store\/es\/wp-json\/wp\/v2\/product"}],"about":[{"href":"https:\/\/mouldking.store\/es\/wp-json\/wp\/v2\/types\/product"}],"replies":[{"embeddable":true,"href":"https:\/\/mouldking.store\/es\/wp-json\/wp\/v2\/comments?post=21538"}],"wp:featuredmedia":[{"embeddable":true,"href":"https:\/\/mouldking.store\/es\/wp-json\/wp\/v2\/media\/21536"}],"wp:attachment":[{"href":"https:\/\/mouldking.store\/es\/wp-json\/wp\/v2\/media?parent=21538"}],"wp:term":[{"taxonomy":"product_cat","embeddable":true,"href":"https:\/\/mouldking.store\/es\/wp-json\/wp\/v2\/product_cat?post=21538"},{"taxonomy":"product_tag","embeddable":true,"href":"https:\/\/mouldking.store\/es\/wp-json\/wp\/v2\/product_tag?post=21538"}],"curies":[{"name":"wp","href":"https:\/\/api.w.org\/{rel}","templated":true}]}}