{"id":21546,"date":"2021-10-09T05:09:57","date_gmt":"2021-10-08T22:09:57","guid":{"rendered":"https:\/\/mouldking.store\/shop\/moc-41406-mos-eisley-spaceport-from-a-new-hope-1977-star-wars-by-zeradman-moc-factory\/"},"modified":"2025-12-25T09:23:57","modified_gmt":"2025-12-25T02:23:57","slug":"moc-41406-mos-eisley-spaceport-from-a-new-hope-1977-star-wars-by-zeradman-moc-factory","status":"publish","type":"product","link":"https:\/\/mouldking.store\/es\/shop\/moc-41406-mos-eisley-spaceport-from-a-new-hope-1977-star-wars-by-zeradman-moc-factory\/","title":{"rendered":"MOC-41406 Puerto espacial Mos Eisley de A New Hope (1977) Star Wars de ZeRadman MOC FACTORY"},"content":{"rendered":"<p style=\"text-align: left\">MOC-41406 Mos Eisley Spaceport de A New Hope (1977) Star Wars de ZeRadman MOC FACTORY es un set de la colecci\u00f3n Star Wars, dise\u00f1ado por ZeRadman. Este MOC 41406 viene con instrucciones en PDF que es f\u00e1cil de construir y encontrar las piezas que faltan. El conjunto contiene 3038 piezas, lanzado por primera vez en 2020.<\/p>\n<figure id=\"attachment_198392\" aria-describedby=\"caption-attachment-198392\" style=\"width: 800px\" class=\"wp-caption aligncenter\"><a href=\"https:\/\/pay.lpwstore.com\/wp-content\/uploads\/2020\/11\/MOC-41406-Mos-Eisley-Spaceport-from-A-New-Hope-1977-Star-Wars-by-ZeRadman-MOC-FACTORY.jpg\" target=\"_blank\" rel=\"noopener\"><img fetchpriority=\"high\" decoding=\"async\" class=\"wp-image-198392 size-full\" title=\"MOC-41406 Puerto espacial Mos Eisley de A New Hope (1977) Star Wars de ZeRadman MOC FACTORY\" src=\"https:\/\/pay.lpwstore.com\/wp-content\/uploads\/2020\/11\/MOC-41406-Mos-Eisley-Spaceport-from-A-New-Hope-1977-Star-Wars-by-ZeRadman-MOC-FACTORY.jpg\" alt=\"MOC-41406 Mos Eisley Spaceport from A New Hope (1977) Star Wars by ZeRadman MOC FACTORY\" width=\"800\" height=\"800\" \/><\/a><figcaption id=\"caption-attachment-198392\" class=\"wp-caption-text\">MOC-41406 Puerto espacial Mos Eisley de A New Hope (1977) Star Wars de ZeRadman MOC FACTORY<\/figcaption><\/figure>\n<p><img decoding=\"async\" class=\"alignnone size-full wp-image-198393 aligncenter\" src=\"https:\/\/pay.lpwstore.com\/wp-content\/uploads\/2020\/11\/MOC-41406-Mos-Eisley-Spaceport-from-A-New-Hope-1977-Star-Wars-by-ZeRadman-MOC-FACTORY-2.jpg\" alt=\"-\" width=\"800\" height=\"800\" title=\"-\"> <img decoding=\"async\" class=\"alignnone size-full wp-image-198394 aligncenter\" src=\"https:\/\/pay.lpwstore.com\/wp-content\/uploads\/2020\/11\/MOC-41406-Mos-Eisley-Spaceport-from-A-New-Hope-1977-Star-Wars-by-ZeRadman-MOC-FACTORY-3.jpg\" alt=\"-\" width=\"800\" height=\"800\" title=\"-\"> <img loading=\"lazy\" decoding=\"async\" class=\"alignnone size-full wp-image-198395 aligncenter\" src=\"https:\/\/pay.lpwstore.com\/wp-content\/uploads\/2020\/11\/MOC-41406-Mos-Eisley-Spaceport-from-A-New-Hope-1977-Star-Wars-by-ZeRadman-MOC-FACTORY-4.jpg\" alt=\"-\" width=\"800\" height=\"800\" title=\"-\"> <img loading=\"lazy\" decoding=\"async\" class=\"alignnone size-full wp-image-198396 aligncenter\" src=\"https:\/\/pay.lpwstore.com\/wp-content\/uploads\/2020\/11\/MOC-41406-Mos-Eisley-Spaceport-from-A-New-Hope-1977-Star-Wars-by-ZeRadman-MOC-FACTORY-5.jpg\" alt=\"-\" width=\"800\" height=\"800\" title=\"-\"> <img loading=\"lazy\" decoding=\"async\" class=\"alignnone size-full wp-image-198397 aligncenter\" src=\"https:\/\/pay.lpwstore.com\/wp-content\/uploads\/2020\/11\/MOC-41406-Mos-Eisley-Spaceport-from-A-New-Hope-1977-Star-Wars-by-ZeRadman-MOC-FACTORY-6.jpg\" alt=\"-\" width=\"800\" height=\"800\" title=\"-\"> <img loading=\"lazy\" decoding=\"async\" class=\"alignnone size-full wp-image-198398 aligncenter\" src=\"https:\/\/pay.lpwstore.com\/wp-content\/uploads\/2020\/11\/MOC-41406-Mos-Eisley-Spaceport-from-A-New-Hope-1977-Star-Wars-by-ZeRadman-MOC-FACTORY-7.jpg\" alt=\"-\" width=\"800\" height=\"800\" title=\"-\"><\/p>","protected":false},"excerpt":{"rendered":"<ul>\n<li>Incluir <strong>3038+<\/strong> piezas<\/li>\n<li>Instrucci\u00f3n PDF en l\u00ednea<\/li>\n<li>Bloque ABS de alta calidad.<\/li>\n<\/ul>","protected":false},"featured_media":21539,"comment_status":"open","ping_status":"closed","template":"","meta":{"_acf_changed":false},"product_cat":[415],"product_tag":[],"class_list":["product","first","instock","shipping-taxable","purchasable","product-type-simple"],"acf":[],"_links":{"self":[{"href":"https:\/\/mouldking.store\/es\/wp-json\/wp\/v2\/product\/21546","targetHints":{"allow":["GET"]}}],"collection":[{"href":"https:\/\/mouldking.store\/es\/wp-json\/wp\/v2\/product"}],"about":[{"href":"https:\/\/mouldking.store\/es\/wp-json\/wp\/v2\/types\/product"}],"replies":[{"embeddable":true,"href":"https:\/\/mouldking.store\/es\/wp-json\/wp\/v2\/comments?post=21546"}],"wp:featuredmedia":[{"embeddable":true,"href":"https:\/\/mouldking.store\/es\/wp-json\/wp\/v2\/media\/21539"}],"wp:attachment":[{"href":"https:\/\/mouldking.store\/es\/wp-json\/wp\/v2\/media?parent=21546"}],"wp:term":[{"taxonomy":"product_cat","embeddable":true,"href":"https:\/\/mouldking.store\/es\/wp-json\/wp\/v2\/product_cat?post=21546"},{"taxonomy":"product_tag","embeddable":true,"href":"https:\/\/mouldking.store\/es\/wp-json\/wp\/v2\/product_tag?post=21546"}],"curies":[{"name":"wp","href":"https:\/\/api.w.org\/{rel}","templated":true}]}}