{"id":21674,"date":"2021-10-09T05:11:50","date_gmt":"2021-10-08T22:11:50","guid":{"rendered":"https:\/\/mouldking.store\/shop\/moc-42586-magic-kingdom-skyline-creator-by-benbuildslego-moc-factory\/"},"modified":"2025-12-25T09:23:54","modified_gmt":"2025-12-25T02:23:54","slug":"moc-42586-magic-kingdom-skyline-creator-by-benbuildslego-moc-factory","status":"publish","type":"product","link":"https:\/\/mouldking.store\/es\/shop\/moc-42586-magic-kingdom-skyline-creator-by-benbuildslego-moc-factory\/","title":{"rendered":"MOC-42586 Creador del horizonte de Magic Kingdom por benbuildslego MOC FACTORY"},"content":{"rendered":"<p>MOC-42586 Magic Kingdom Skyline Creator de benbuildslego MOC FACTORY es un conjunto de la colecci\u00f3n Creator, dise\u00f1ado por benbuildslego. Este MOC 42586 viene con instrucciones en PDF que es f\u00e1cil de construir y encontrar las piezas que faltan. El conjunto contiene 485 piezas, lanzado por primera vez en 2020.<\/p>\n<figure id=\"attachment_198627\" class=\"wp-caption aligncenter\" style=\"width: 800px;\" aria-describedby=\"caption-attachment-198627\"><a href=\"https:\/\/pay.lpwstore.com\/wp-content\/uploads\/2020\/11\/MOC-42586-Magic-Kingdom-skyline-Creator-by-benbuildslego-MOC-FACTORY.jpg\" target=\"_blank\" rel=\"noopener\"><img fetchpriority=\"high\" decoding=\"async\" class=\"wp-image-198627 size-full\" title=\"MOC-42586 Creador del horizonte de Magic Kingdom por benbuildslego MOC FACTORY\" src=\"https:\/\/pay.lpwstore.com\/wp-content\/uploads\/2020\/11\/MOC-42586-Magic-Kingdom-skyline-Creator-by-benbuildslego-MOC-FACTORY.jpg\" alt=\"MOC-42586 Magic Kingdom skyline Creator by benbuildslego MOC FACTORY\" width=\"800\" height=\"800\" \/><\/a><figcaption id=\"caption-attachment-198627\" class=\"wp-caption-text\">MOC-42586 Creador del horizonte de Magic Kingdom por benbuildslego MOC FACTORY<\/figcaption><\/figure>","protected":false},"excerpt":{"rendered":"<ul>\n<li>Incluir <strong>485+<\/strong> piezas<\/li>\n<li>Instrucci\u00f3n PDF en l\u00ednea<\/li>\n<li>Bloque ABS de alta calidad.<\/li>\n<li>Organizar tiempo: 3-7 semanas<\/li>\n<\/ul>","protected":false},"featured_media":21673,"comment_status":"open","ping_status":"closed","template":"","meta":{"_acf_changed":false},"product_cat":[371],"product_tag":[],"class_list":["product","first","instock","shipping-taxable","purchasable","product-type-simple"],"acf":[],"_links":{"self":[{"href":"https:\/\/mouldking.store\/es\/wp-json\/wp\/v2\/product\/21674","targetHints":{"allow":["GET"]}}],"collection":[{"href":"https:\/\/mouldking.store\/es\/wp-json\/wp\/v2\/product"}],"about":[{"href":"https:\/\/mouldking.store\/es\/wp-json\/wp\/v2\/types\/product"}],"replies":[{"embeddable":true,"href":"https:\/\/mouldking.store\/es\/wp-json\/wp\/v2\/comments?post=21674"}],"wp:featuredmedia":[{"embeddable":true,"href":"https:\/\/mouldking.store\/es\/wp-json\/wp\/v2\/media\/21673"}],"wp:attachment":[{"href":"https:\/\/mouldking.store\/es\/wp-json\/wp\/v2\/media?parent=21674"}],"wp:term":[{"taxonomy":"product_cat","embeddable":true,"href":"https:\/\/mouldking.store\/es\/wp-json\/wp\/v2\/product_cat?post=21674"},{"taxonomy":"product_tag","embeddable":true,"href":"https:\/\/mouldking.store\/es\/wp-json\/wp\/v2\/product_tag?post=21674"}],"curies":[{"name":"wp","href":"https:\/\/api.w.org\/{rel}","templated":true}]}}