{"id":21692,"date":"2021-10-09T05:12:08","date_gmt":"2021-10-08T22:12:08","guid":{"rendered":"https:\/\/mouldking.store\/shop\/moc-35671-modular-city-garden-modular-buildings-by-gabizon-moc-factory\/"},"modified":"2025-12-25T09:23:54","modified_gmt":"2025-12-25T02:23:54","slug":"moc-35671-modular-city-garden-modular-buildings-by-gabizon-moc-factory","status":"publish","type":"product","link":"https:\/\/mouldking.store\/es\/shop\/moc-35671-modular-city-garden-modular-buildings-by-gabizon-moc-factory\/","title":{"rendered":"MOC-35671 Modular City Garden Edificios modulares de gabizon MOC FACTORY"},"content":{"rendered":"<p>MOC-35671 Modular City Garden Modular Buildings de gabizon MOC FACTORY es un conjunto de la colecci\u00f3n Modular Buildings, dise\u00f1ado por gabizon. Este MOC 35671 viene con instrucciones en PDF que son f\u00e1ciles de construir y encontrar las piezas que faltan. El conjunto contiene 1168 piezas, lanzado por primera vez en 2020.<\/p>\n<figure id=\"attachment_198651\" aria-describedby=\"caption-attachment-198651\" style=\"width: 800px\" class=\"wp-caption aligncenter\"><a href=\"https:\/\/pay.lpwstore.com\/wp-content\/uploads\/2020\/11\/MOC-35671-Modular-City-Garden-Modular-Buildings-by-gabizon-MOC-FACTORY.jpg\" target=\"_blank\" rel=\"noopener\"><img fetchpriority=\"high\" decoding=\"async\" class=\"wp-image-198651 size-full\" title=\"MOC-35671 Modular City Garden Edificios modulares de gabizon MOC FACTORY\" src=\"https:\/\/pay.lpwstore.com\/wp-content\/uploads\/2020\/11\/MOC-35671-Modular-City-Garden-Modular-Buildings-by-gabizon-MOC-FACTORY.jpg\" alt=\"MOC-35671 Modular City Garden Modular Buildings by gabizon MOC FACTORY\" width=\"800\" height=\"800\" \/><\/a><figcaption id=\"caption-attachment-198651\" class=\"wp-caption-text\">MOC-35671 Modular City Garden Edificios modulares de gabizon MOC FACTORY<\/figcaption><\/figure>","protected":false},"excerpt":{"rendered":"<ul>\n<li>Incluir <strong>1168+<\/strong> piezas<\/li>\n<li>Instrucci\u00f3n PDF en l\u00ednea<\/li>\n<li>Bloque ABS de alta calidad.<\/li>\n<\/ul>","protected":false},"featured_media":21691,"comment_status":"open","ping_status":"closed","template":"","meta":{"_acf_changed":false},"product_cat":[390],"product_tag":[],"class_list":["product","first","instock","shipping-taxable","purchasable","product-type-simple"],"acf":[],"_links":{"self":[{"href":"https:\/\/mouldking.store\/es\/wp-json\/wp\/v2\/product\/21692","targetHints":{"allow":["GET"]}}],"collection":[{"href":"https:\/\/mouldking.store\/es\/wp-json\/wp\/v2\/product"}],"about":[{"href":"https:\/\/mouldking.store\/es\/wp-json\/wp\/v2\/types\/product"}],"replies":[{"embeddable":true,"href":"https:\/\/mouldking.store\/es\/wp-json\/wp\/v2\/comments?post=21692"}],"wp:featuredmedia":[{"embeddable":true,"href":"https:\/\/mouldking.store\/es\/wp-json\/wp\/v2\/media\/21691"}],"wp:attachment":[{"href":"https:\/\/mouldking.store\/es\/wp-json\/wp\/v2\/media?parent=21692"}],"wp:term":[{"taxonomy":"product_cat","embeddable":true,"href":"https:\/\/mouldking.store\/es\/wp-json\/wp\/v2\/product_cat?post=21692"},{"taxonomy":"product_tag","embeddable":true,"href":"https:\/\/mouldking.store\/es\/wp-json\/wp\/v2\/product_tag?post=21692"}],"curies":[{"name":"wp","href":"https:\/\/api.w.org\/{rel}","templated":true}]}}