{"id":21701,"date":"2021-10-09T05:12:20","date_gmt":"2021-10-08T22:12:20","guid":{"rendered":"https:\/\/mouldking.store\/shop\/moc-38833-chinese-diorama-build-from-4-mocs-modular-buildings-by-gabizon-moc-factory\/"},"modified":"2025-12-25T09:23:53","modified_gmt":"2025-12-25T02:23:53","slug":"moc-38833-chinese-diorama-build-from-4-mocs-modular-buildings-by-gabizon-moc-factory","status":"publish","type":"product","link":"https:\/\/mouldking.store\/es\/shop\/moc-38833-chinese-diorama-build-from-4-mocs-modular-buildings-by-gabizon-moc-factory\/","title":{"rendered":"MOC-38833 Diorama chino | Construir a partir de 4 edificios modulares MOC por gabizon MOC FACTORY"},"content":{"rendered":"<p>MOC-38833 Diorama chino | Construir a partir de 4 MOCs Modular Buildings de gabizon MOC FACTORY es un conjunto de la colecci\u00f3n Modular Buildings, dise\u00f1ado por gabizon. Este MOC 38833 viene con instrucciones en PDF que es f\u00e1cil de construir y encontrar las piezas que faltan. El conjunto contiene 3634 piezas, lanzado por primera vez en 2020.<\/p>\n<figure id=\"attachment_198660\" class=\"wp-caption aligncenter\" style=\"width: 800px;\" aria-describedby=\"caption-attachment-198660\"><a href=\"https:\/\/pay.lpwstore.com\/wp-content\/uploads\/2020\/11\/MOC-38833-Chinese-Diorama-Build-from-4-MOCs-Modular-Buildings-by-gabizon-MOC-FACTORY.jpg\" target=\"_blank\" rel=\"noopener\"><img fetchpriority=\"high\" decoding=\"async\" class=\"wp-image-198660 size-full\" title=\"MOC-38833 Diorama chino | Construir a partir de 4 edificios modulares MOC por gabizon MOC FACTORY\" src=\"https:\/\/pay.lpwstore.com\/wp-content\/uploads\/2020\/11\/MOC-38833-Chinese-Diorama-Build-from-4-MOCs-Modular-Buildings-by-gabizon-MOC-FACTORY.jpg\" alt=\"MOC-38833 Chinese Diorama | Build from 4 MOCs Modular Buildings by gabizon MOC FACTORY\" width=\"800\" height=\"800\" \/><\/a><figcaption id=\"caption-attachment-198660\" class=\"wp-caption-text\">MOC-38833 Diorama chino | Construir a partir de 4 edificios modulares MOC por gabizon MOC FACTORY<\/figcaption><\/figure>","protected":false},"excerpt":{"rendered":"<ul>\n<li>Incluir <strong>3634+<\/strong> piezas<\/li>\n<li>Instrucci\u00f3n PDF en l\u00ednea<\/li>\n<li>Bloque ABS de alta calidad.<\/li>\n<\/ul>","protected":false},"featured_media":21700,"comment_status":"open","ping_status":"closed","template":"","meta":{"_acf_changed":false},"product_cat":[390],"product_tag":[],"class_list":["product","first","instock","shipping-taxable","purchasable","product-type-simple"],"acf":[],"_links":{"self":[{"href":"https:\/\/mouldking.store\/es\/wp-json\/wp\/v2\/product\/21701","targetHints":{"allow":["GET"]}}],"collection":[{"href":"https:\/\/mouldking.store\/es\/wp-json\/wp\/v2\/product"}],"about":[{"href":"https:\/\/mouldking.store\/es\/wp-json\/wp\/v2\/types\/product"}],"replies":[{"embeddable":true,"href":"https:\/\/mouldking.store\/es\/wp-json\/wp\/v2\/comments?post=21701"}],"wp:featuredmedia":[{"embeddable":true,"href":"https:\/\/mouldking.store\/es\/wp-json\/wp\/v2\/media\/21700"}],"wp:attachment":[{"href":"https:\/\/mouldking.store\/es\/wp-json\/wp\/v2\/media?parent=21701"}],"wp:term":[{"taxonomy":"product_cat","embeddable":true,"href":"https:\/\/mouldking.store\/es\/wp-json\/wp\/v2\/product_cat?post=21701"},{"taxonomy":"product_tag","embeddable":true,"href":"https:\/\/mouldking.store\/es\/wp-json\/wp\/v2\/product_tag?post=21701"}],"curies":[{"name":"wp","href":"https:\/\/api.w.org\/{rel}","templated":true}]}}