{"id":21706,"date":"2021-10-09T05:12:23","date_gmt":"2021-10-08T22:12:23","guid":{"rendered":"https:\/\/mouldking.store\/shop\/moc-34163-10265-porche-911-turbo-b-model-super-car-by-ale0794-moc-factory\/"},"modified":"2025-12-25T09:23:53","modified_gmt":"2025-12-25T02:23:53","slug":"moc-34163-10265-porche-911-turbo-b-model-super-car-by-ale0794-moc-factory","status":"publish","type":"product","link":"https:\/\/mouldking.store\/es\/shop\/moc-34163-10265-porche-911-turbo-b-model-super-car-by-ale0794-moc-factory\/","title":{"rendered":"MOC-34163 10265 Porche 911 Turbo B-Model Super Car por ale0794 MOC FACTORY"},"content":{"rendered":"<p style=\"text-align: left\">MOC-34163 10265 Porche 911 Turbo B-Model Super Car de ale0794 MOC FACTORY es un conjunto de la colecci\u00f3n Technic, dise\u00f1ado por ale0794. Este MOC 34163 viene con instrucciones en PDF que es f\u00e1cil de construir y encontrar las piezas que faltan. El conjunto contiene 1134 piezas, lanzado por primera vez en 2020.<\/p>\n<figure id=\"attachment_198663\" aria-describedby=\"caption-attachment-198663\" style=\"width: 800px\" class=\"wp-caption aligncenter\"><a href=\"https:\/\/pay.lpwstore.com\/wp-content\/uploads\/2020\/11\/MOC-34163-10265-Porche-911-Turbo-B-Model-Super-Car-by-ale0794-MOC-FACTORY.jpg\" target=\"_blank\" rel=\"noopener\"><img fetchpriority=\"high\" decoding=\"async\" class=\"wp-image-198663 size-full\" title=\"MOC-34163 10265 Porche 911 Turbo B-Model Super Car por ale0794 MOC FACTORY\" src=\"https:\/\/pay.lpwstore.com\/wp-content\/uploads\/2020\/11\/MOC-34163-10265-Porche-911-Turbo-B-Model-Super-Car-by-ale0794-MOC-FACTORY.jpg\" alt=\"MOC-34163 10265 Porche 911 Turbo B-Model Super Car by ale0794 MOC FACTORY\" width=\"800\" height=\"800\" \/><\/a><figcaption id=\"caption-attachment-198663\" class=\"wp-caption-text\">MOC-34163 10265 Porche 911 Turbo B-Model Super Car por ale0794 MOC FACTORY<\/figcaption><\/figure>\n<p><img decoding=\"async\" class=\"alignnone size-full wp-image-198664 aligncenter\" src=\"https:\/\/pay.lpwstore.com\/wp-content\/uploads\/2020\/11\/MOC-34163-10265-Porche-911-Turbo-B-Model-Super-Car-by-ale0794-MOC-FACTORY-2.jpg\" alt=\"-\" width=\"800\" height=\"800\" title=\"-\"> <img decoding=\"async\" class=\"alignnone size-full wp-image-198665 aligncenter\" src=\"https:\/\/pay.lpwstore.com\/wp-content\/uploads\/2020\/11\/MOC-34163-10265-Porche-911-Turbo-B-Model-Super-Car-by-ale0794-MOC-FACTORY-3.jpg\" alt=\"-\" width=\"800\" height=\"800\" title=\"-\"> <img loading=\"lazy\" decoding=\"async\" class=\"alignnone size-full wp-image-198666 aligncenter\" src=\"https:\/\/pay.lpwstore.com\/wp-content\/uploads\/2020\/11\/MOC-34163-10265-Porche-911-Turbo-B-Model-Super-Car-by-ale0794-MOC-FACTORY-4.jpg\" alt=\"-\" width=\"800\" height=\"800\" title=\"-\"><\/p>","protected":false},"excerpt":{"rendered":"<ul>\n<li>Incluir <strong>1134+<\/strong> piezas<\/li>\n<li>Instrucci\u00f3n PDF en l\u00ednea<\/li>\n<li>Bloque ABS de alta calidad.<\/li>\n<\/ul>","protected":false},"featured_media":21702,"comment_status":"open","ping_status":"closed","template":"","meta":{"_acf_changed":false},"product_cat":[364],"product_tag":[],"class_list":["product","first","instock","shipping-taxable","purchasable","product-type-simple"],"acf":[],"_links":{"self":[{"href":"https:\/\/mouldking.store\/es\/wp-json\/wp\/v2\/product\/21706","targetHints":{"allow":["GET"]}}],"collection":[{"href":"https:\/\/mouldking.store\/es\/wp-json\/wp\/v2\/product"}],"about":[{"href":"https:\/\/mouldking.store\/es\/wp-json\/wp\/v2\/types\/product"}],"replies":[{"embeddable":true,"href":"https:\/\/mouldking.store\/es\/wp-json\/wp\/v2\/comments?post=21706"}],"wp:featuredmedia":[{"embeddable":true,"href":"https:\/\/mouldking.store\/es\/wp-json\/wp\/v2\/media\/21702"}],"wp:attachment":[{"href":"https:\/\/mouldking.store\/es\/wp-json\/wp\/v2\/media?parent=21706"}],"wp:term":[{"taxonomy":"product_cat","embeddable":true,"href":"https:\/\/mouldking.store\/es\/wp-json\/wp\/v2\/product_cat?post=21706"},{"taxonomy":"product_tag","embeddable":true,"href":"https:\/\/mouldking.store\/es\/wp-json\/wp\/v2\/product_tag?post=21706"}],"curies":[{"name":"wp","href":"https:\/\/api.w.org\/{rel}","templated":true}]}}