{"id":21718,"date":"2021-10-09T05:12:36","date_gmt":"2021-10-09T05:12:36","guid":{"rendered":"https:\/\/mouldking.store\/shop\/moc-53107-the-wizard-of-oz-skyline-creator-by-benbuildslego-moc-factory\/"},"modified":"2025-12-25T09:23:52","modified_gmt":"2025-12-25T02:23:52","slug":"moc-53107-the-wizard-of-oz-skyline-creator-by-benbuildslego-moc-factory","status":"publish","type":"product","link":"https:\/\/mouldking.store\/es\/shop\/moc-53107-the-wizard-of-oz-skyline-creator-by-benbuildslego-moc-factory\/","title":{"rendered":"MOC-53107 Creador del horizonte del Mago de Oz por benbuildslego MOC FACTORY"},"content":{"rendered":"<p>MOC-53107 Creador del horizonte del Mago de Oz de benbuildslego MOC FACTORY es un conjunto de la colecci\u00f3n Creator, dise\u00f1ado por benbuildslego. Este MOC 53107 viene con instrucciones en PDF que son f\u00e1ciles de construir y encontrar las piezas que faltan. El conjunto contiene 383 piezas, lanzado por primera vez en 2020.<\/p>\n<figure id=\"attachment_198706\" aria-describedby=\"caption-attachment-198706\" style=\"width: 800px\" class=\"wp-caption aligncenter\"><a href=\"https:\/\/pay.lpwstore.com\/wp-content\/uploads\/2020\/11\/MOC-53107-The-Wizard-of-Oz-skyline-Creator-by-benbuildslego-MOC-FACTORY.jpg\" target=\"_blank\" rel=\"noopener\"><img fetchpriority=\"high\" decoding=\"async\" class=\"wp-image-198706 size-full\" title=\"MOC-53107 Creador del horizonte del Mago de Oz por benbuildslego MOC FACTORY\" src=\"https:\/\/pay.lpwstore.com\/wp-content\/uploads\/2020\/11\/MOC-53107-The-Wizard-of-Oz-skyline-Creator-by-benbuildslego-MOC-FACTORY.jpg\" alt=\"MOC-53107 The Wizard of Oz skyline Creator by benbuildslego MOC FACTORY\" width=\"800\" height=\"800\" \/><\/a><figcaption id=\"caption-attachment-198706\" class=\"wp-caption-text\">MOC-53107 Creador del horizonte del Mago de Oz por benbuildslego MOC FACTORY<\/figcaption><\/figure>\n<p>&nbsp;<\/p>","protected":false},"excerpt":{"rendered":"<ul>\n<li>Incluir <strong>383+<\/strong> piezas<\/li>\n<li>Instrucci\u00f3n PDF en l\u00ednea<\/li>\n<li>Bloque ABS de alta calidad.<\/li>\n<\/ul>","protected":false},"featured_media":21717,"comment_status":"open","ping_status":"closed","template":"","meta":{"_acf_changed":false},"product_cat":[371],"product_tag":[],"class_list":["product","first","instock","shipping-taxable","purchasable","product-type-simple"],"acf":[],"_links":{"self":[{"href":"https:\/\/mouldking.store\/es\/wp-json\/wp\/v2\/product\/21718","targetHints":{"allow":["GET"]}}],"collection":[{"href":"https:\/\/mouldking.store\/es\/wp-json\/wp\/v2\/product"}],"about":[{"href":"https:\/\/mouldking.store\/es\/wp-json\/wp\/v2\/types\/product"}],"replies":[{"embeddable":true,"href":"https:\/\/mouldking.store\/es\/wp-json\/wp\/v2\/comments?post=21718"}],"wp:featuredmedia":[{"embeddable":true,"href":"https:\/\/mouldking.store\/es\/wp-json\/wp\/v2\/media\/21717"}],"wp:attachment":[{"href":"https:\/\/mouldking.store\/es\/wp-json\/wp\/v2\/media?parent=21718"}],"wp:term":[{"taxonomy":"product_cat","embeddable":true,"href":"https:\/\/mouldking.store\/es\/wp-json\/wp\/v2\/product_cat?post=21718"},{"taxonomy":"product_tag","embeddable":true,"href":"https:\/\/mouldking.store\/es\/wp-json\/wp\/v2\/product_tag?post=21718"}],"curies":[{"name":"wp","href":"https:\/\/api.w.org\/{rel}","templated":true}]}}