{"id":21768,"date":"2021-10-09T05:13:50","date_gmt":"2021-10-08T22:13:50","guid":{"rendered":"https:\/\/mouldking.store\/shop\/moc-40543-the-dark-knight-tumbler-batman-movie-by-riskjockey-moc-factory\/"},"modified":"2025-12-25T09:23:51","modified_gmt":"2025-12-25T02:23:51","slug":"moc-40543-the-dark-knight-tumbler-batman-movie-by-riskjockey-moc-factory","status":"publish","type":"product","link":"https:\/\/mouldking.store\/es\/shop\/moc-40543-the-dark-knight-tumbler-batman-movie-by-riskjockey-moc-factory\/","title":{"rendered":"MOC-40543 The Dark Knight Tumbler Pel\u00edcula de Batman de riskjockey MOC FACTORY"},"content":{"rendered":"<p style=\"text-align: left\">MOC-40543 The Dark Knight Tumbler Batman Movie de riskjockey MOC FACTORY es un set de la colecci\u00f3n Movie, dise\u00f1ado por riskjockey. Este MOC 40543 viene con instrucciones en PDF que es f\u00e1cil de construir y encontrar las piezas que faltan. El conjunto contiene 515 piezas, lanzado por primera vez en 2020.<\/p>\n<figure id=\"attachment_198765\" aria-describedby=\"caption-attachment-198765\" style=\"width: 800px\" class=\"wp-caption aligncenter\"><a href=\"https:\/\/pay.lpwstore.com\/wp-content\/uploads\/2020\/12\/MOC-40543-The-Dark-Knight-Tumbler-Batman-Movie-by-riskjockey-MOC-FACTORY.jpg\" target=\"_blank\" rel=\"noopener\"><img fetchpriority=\"high\" decoding=\"async\" class=\"wp-image-198765 size-full\" title=\"MOC-40543 The Dark Knight Tumbler Pel\u00edcula de Batman de riskjockey MOC FACTORY\" src=\"https:\/\/pay.lpwstore.com\/wp-content\/uploads\/2020\/12\/MOC-40543-The-Dark-Knight-Tumbler-Batman-Movie-by-riskjockey-MOC-FACTORY.jpg\" alt=\"MOC-40543 The Dark Knight Tumbler Batman Movie by riskjockey MOC FACTORY\" width=\"800\" height=\"800\" \/><\/a><figcaption id=\"caption-attachment-198765\" class=\"wp-caption-text\">MOC-40543 The Dark Knight Tumbler Pel\u00edcula de Batman de riskjockey MOC FACTORY<\/figcaption><\/figure>\n<p><img decoding=\"async\" class=\"alignnone size-full wp-image-198766 aligncenter\" src=\"https:\/\/pay.lpwstore.com\/wp-content\/uploads\/2020\/12\/MOC-40543-The-Dark-Knight-Tumbler-Batman-Movie-by-riskjockey-MOC-FACTORY-2.jpg\" alt=\"-\" width=\"800\" height=\"800\" title=\"-\"> <img decoding=\"async\" class=\"alignnone size-full wp-image-198767 aligncenter\" src=\"https:\/\/pay.lpwstore.com\/wp-content\/uploads\/2020\/12\/MOC-40543-The-Dark-Knight-Tumbler-Batman-Movie-by-riskjockey-MOC-FACTORY-3.jpg\" alt=\"-\" width=\"800\" height=\"800\" title=\"-\"> <img loading=\"lazy\" decoding=\"async\" class=\"alignnone size-full wp-image-198768 aligncenter\" src=\"https:\/\/pay.lpwstore.com\/wp-content\/uploads\/2020\/12\/MOC-40543-The-Dark-Knight-Tumbler-Batman-Movie-by-riskjockey-MOC-FACTORY-4.jpg\" alt=\"-\" width=\"800\" height=\"800\" title=\"-\"> <img loading=\"lazy\" decoding=\"async\" class=\"alignnone size-full wp-image-198769 aligncenter\" src=\"https:\/\/pay.lpwstore.com\/wp-content\/uploads\/2020\/12\/MOC-40543-The-Dark-Knight-Tumbler-Batman-Movie-by-riskjockey-MOC-FACTORY-5.jpg\" alt=\"-\" width=\"800\" height=\"800\" title=\"-\"><\/p>","protected":false},"excerpt":{"rendered":"<ul>\n<li>Incluir <strong>515+<\/strong> piezas<\/li>\n<li>Instrucci\u00f3n PDF en l\u00ednea<\/li>\n<li>Bloque ABS de alta calidad.<\/li>\n<\/ul>","protected":false},"featured_media":21763,"comment_status":"open","ping_status":"closed","template":"","meta":{"_acf_changed":false},"product_cat":[581],"product_tag":[],"class_list":["product","first","instock","shipping-taxable","purchasable","product-type-simple"],"acf":[],"_links":{"self":[{"href":"https:\/\/mouldking.store\/es\/wp-json\/wp\/v2\/product\/21768","targetHints":{"allow":["GET"]}}],"collection":[{"href":"https:\/\/mouldking.store\/es\/wp-json\/wp\/v2\/product"}],"about":[{"href":"https:\/\/mouldking.store\/es\/wp-json\/wp\/v2\/types\/product"}],"replies":[{"embeddable":true,"href":"https:\/\/mouldking.store\/es\/wp-json\/wp\/v2\/comments?post=21768"}],"wp:featuredmedia":[{"embeddable":true,"href":"https:\/\/mouldking.store\/es\/wp-json\/wp\/v2\/media\/21763"}],"wp:attachment":[{"href":"https:\/\/mouldking.store\/es\/wp-json\/wp\/v2\/media?parent=21768"}],"wp:term":[{"taxonomy":"product_cat","embeddable":true,"href":"https:\/\/mouldking.store\/es\/wp-json\/wp\/v2\/product_cat?post=21768"},{"taxonomy":"product_tag","embeddable":true,"href":"https:\/\/mouldking.store\/es\/wp-json\/wp\/v2\/product_tag?post=21768"}],"curies":[{"name":"wp","href":"https:\/\/api.w.org\/{rel}","templated":true}]}}