{"id":21804,"date":"2021-10-09T05:14:03","date_gmt":"2021-10-08T22:14:03","guid":{"rendered":"https:\/\/mouldking.store\/shop\/moc-54894-modular-central-perk-cafe-pub-modular-building-by-legoartisan-moc-factory\/"},"modified":"2025-12-25T09:23:51","modified_gmt":"2025-12-25T02:23:51","slug":"moc-54894-modular-central-perk-cafe-pub-modular-building-by-legoartisan-moc-factory","status":"publish","type":"product","link":"https:\/\/mouldking.store\/es\/shop\/moc-54894-modular-central-perk-cafe-pub-modular-building-by-legoartisan-moc-factory\/","title":{"rendered":"MOC-54894 Modular Central Perk Cafe &amp; Pub Edificio modular de LegoArtisan MOC FACTORY"},"content":{"rendered":"<p style=\"text-align: left\">MOC-54894 Modular Central Perk Cafe &amp; Pub Modular Building de LegoArtisan MOC FACTORY es un conjunto de la colecci\u00f3n Modular Building, dise\u00f1ado por LegoArtisan. Este MOC 54894 viene con instrucciones en PDF que son f\u00e1ciles de construir y encontrar las piezas que faltan. El conjunto contiene 2258 piezas, lanzado por primera vez en 2020.<\/p>\n<figure id=\"attachment_198896\" aria-describedby=\"caption-attachment-198896\" style=\"width: 800px\" class=\"wp-caption aligncenter\"><a href=\"https:\/\/pay.lpwstore.com\/wp-content\/uploads\/2020\/12\/MOC-54894-Modular-Central-Perk-Cafe-Pub-Modular-Building-by-LegoArtisan-MOC-FACTORY.jpg\" target=\"_blank\" rel=\"noopener\"><img fetchpriority=\"high\" decoding=\"async\" class=\"wp-image-198896 size-full\" title=\"MOC-54894 Modular Central Perk Cafe &amp; Pub Edificio modular de LegoArtisan MOC FACTORY\" src=\"https:\/\/pay.lpwstore.com\/wp-content\/uploads\/2020\/12\/MOC-54894-Modular-Central-Perk-Cafe-Pub-Modular-Building-by-LegoArtisan-MOC-FACTORY.jpg\" alt=\"MOC-54894 Modular Central Perk Cafe &amp; Pub Modular Building by LegoArtisan MOC FACTORY\" width=\"800\" height=\"800\" \/><\/a><figcaption id=\"caption-attachment-198896\" class=\"wp-caption-text\">MOC-54894 Modular Central Perk Cafe &amp; Pub Edificio modular de LegoArtisan MOC FACTORY<\/figcaption><\/figure>\n<p><img decoding=\"async\" class=\"alignnone size-full wp-image-198897 aligncenter\" src=\"https:\/\/pay.lpwstore.com\/wp-content\/uploads\/2020\/12\/MOC-54894-Modular-Central-Perk-Cafe-Pub-Modular-Building-by-LegoArtisan-MOC-FACTORY-2.jpg\" alt=\"-\" width=\"800\" height=\"800\" title=\"-\"> <img decoding=\"async\" class=\"alignnone size-full wp-image-198898 aligncenter\" src=\"https:\/\/pay.lpwstore.com\/wp-content\/uploads\/2020\/12\/MOC-54894-Modular-Central-Perk-Cafe-Pub-Modular-Building-by-LegoArtisan-MOC-FACTORY-3.jpg\" alt=\"-\" width=\"800\" height=\"800\" title=\"-\"> <img loading=\"lazy\" decoding=\"async\" class=\"alignnone size-full wp-image-198899 aligncenter\" src=\"https:\/\/pay.lpwstore.com\/wp-content\/uploads\/2020\/12\/MOC-54894-Modular-Central-Perk-Cafe-Pub-Modular-Building-by-LegoArtisan-MOC-FACTORY-4.jpg\" alt=\"-\" width=\"800\" height=\"800\" title=\"-\"> <img loading=\"lazy\" decoding=\"async\" class=\"alignnone size-full wp-image-198900 aligncenter\" src=\"https:\/\/pay.lpwstore.com\/wp-content\/uploads\/2020\/12\/MOC-54894-Modular-Central-Perk-Cafe-Pub-Modular-Building-by-LegoArtisan-MOC-FACTORY-5.jpg\" alt=\"-\" width=\"800\" height=\"800\" title=\"-\"> <img loading=\"lazy\" decoding=\"async\" class=\"alignnone size-full wp-image-198901 aligncenter\" src=\"https:\/\/pay.lpwstore.com\/wp-content\/uploads\/2020\/12\/MOC-54894-Modular-Central-Perk-Cafe-Pub-Modular-Building-by-LegoArtisan-MOC-FACTORY-6.jpg\" alt=\"-\" width=\"800\" height=\"800\" title=\"-\"><\/p>","protected":false},"excerpt":{"rendered":"<ul>\n<li>Incluir <strong>2258+<\/strong> piezas<\/li>\n<li>Instrucci\u00f3n PDF en l\u00ednea<\/li>\n<li>Bloque ABS de alta calidad.<\/li>\n<\/ul>","protected":false},"featured_media":21798,"comment_status":"open","ping_status":"closed","template":"","meta":{"_acf_changed":false},"product_cat":[390],"product_tag":[],"class_list":["product","first","instock","shipping-taxable","purchasable","product-type-simple"],"acf":[],"_links":{"self":[{"href":"https:\/\/mouldking.store\/es\/wp-json\/wp\/v2\/product\/21804","targetHints":{"allow":["GET"]}}],"collection":[{"href":"https:\/\/mouldking.store\/es\/wp-json\/wp\/v2\/product"}],"about":[{"href":"https:\/\/mouldking.store\/es\/wp-json\/wp\/v2\/types\/product"}],"replies":[{"embeddable":true,"href":"https:\/\/mouldking.store\/es\/wp-json\/wp\/v2\/comments?post=21804"}],"wp:featuredmedia":[{"embeddable":true,"href":"https:\/\/mouldking.store\/es\/wp-json\/wp\/v2\/media\/21798"}],"wp:attachment":[{"href":"https:\/\/mouldking.store\/es\/wp-json\/wp\/v2\/media?parent=21804"}],"wp:term":[{"taxonomy":"product_cat","embeddable":true,"href":"https:\/\/mouldking.store\/es\/wp-json\/wp\/v2\/product_cat?post=21804"},{"taxonomy":"product_tag","embeddable":true,"href":"https:\/\/mouldking.store\/es\/wp-json\/wp\/v2\/product_tag?post=21804"}],"curies":[{"name":"wp","href":"https:\/\/api.w.org\/{rel}","templated":true}]}}