{"id":21845,"date":"2021-10-09T05:14:14","date_gmt":"2021-10-08T22:14:14","guid":{"rendered":"https:\/\/mouldking.store\/shop\/moc-18142-the-gigahorse-mad-max-movie-by-brickvault-moc-factory\/"},"modified":"2025-12-25T09:23:50","modified_gmt":"2025-12-25T02:23:50","slug":"moc-18142-the-gigahorse-mad-max-movie-by-brickvault-moc-factory","status":"publish","type":"product","link":"https:\/\/mouldking.store\/es\/shop\/moc-18142-the-gigahorse-mad-max-movie-by-brickvault-moc-factory\/","title":{"rendered":"MOC-18142 La pel\u00edcula Gigahorse Mad Max de brickvault MOC FACTORY"},"content":{"rendered":"<p style=\"text-align: left\">MOC-18142 The Gigahorse Mad Max Movie de brickvault MOC FACTORY es un set de la colecci\u00f3n Movie, dise\u00f1ado por brickvault. Este MOC 18142 viene con instrucciones en PDF que es f\u00e1cil de construir y encontrar las piezas que faltan. El conjunto contiene 1227 piezas, lanzado por primera vez en 2020.<\/p>\n<figure id=\"attachment_198970\" aria-describedby=\"caption-attachment-198970\" style=\"width: 800px\" class=\"wp-caption aligncenter\"><a href=\"https:\/\/pay.lpwstore.com\/wp-content\/uploads\/2020\/12\/MOC-18142-The-Gigahorse-Mad-Max-Movie-by-brickvault-MOC-FACTORY.jpg\" target=\"_blank\" rel=\"noopener\"><img fetchpriority=\"high\" decoding=\"async\" class=\"wp-image-198970 size-full\" title=\"MOC-18142 La pel\u00edcula Gigahorse Mad Max de brickvault MOC FACTORY\" src=\"https:\/\/pay.lpwstore.com\/wp-content\/uploads\/2020\/12\/MOC-18142-The-Gigahorse-Mad-Max-Movie-by-brickvault-MOC-FACTORY.jpg\" alt=\"MOC-18142 The Gigahorse Mad Max Movie by brickvault MOC FACTORY\" width=\"800\" height=\"800\" \/><\/a><figcaption id=\"caption-attachment-198970\" class=\"wp-caption-text\">MOC-18142 La pel\u00edcula Gigahorse Mad Max de brickvault MOC FACTORY<\/figcaption><\/figure>\n<p style=\"text-align: center\"><img decoding=\"async\" class=\"alignnone size-full wp-image-198971\" src=\"https:\/\/pay.lpwstore.com\/wp-content\/uploads\/2020\/12\/MOC-18142-The-Gigahorse-Mad-Max-Movie-by-brickvault-MOC-FACTORY-2.jpg\" alt=\"-\" width=\"800\" height=\"800\" title=\"-\"><\/p>\n<p style=\"text-align: center\">","protected":false},"excerpt":{"rendered":"<ul>\n<li>Incluir <strong>1227+<\/strong> piezas<\/li>\n<li>Instrucci\u00f3n PDF en l\u00ednea<\/li>\n<li>Bloque ABS de alta calidad.<\/li>\n<\/ul>","protected":false},"featured_media":21843,"comment_status":"open","ping_status":"closed","template":"","meta":{"_acf_changed":false},"product_cat":[581],"product_tag":[],"class_list":["product","first","instock","shipping-taxable","purchasable","product-type-simple"],"acf":[],"_links":{"self":[{"href":"https:\/\/mouldking.store\/es\/wp-json\/wp\/v2\/product\/21845","targetHints":{"allow":["GET"]}}],"collection":[{"href":"https:\/\/mouldking.store\/es\/wp-json\/wp\/v2\/product"}],"about":[{"href":"https:\/\/mouldking.store\/es\/wp-json\/wp\/v2\/types\/product"}],"replies":[{"embeddable":true,"href":"https:\/\/mouldking.store\/es\/wp-json\/wp\/v2\/comments?post=21845"}],"wp:featuredmedia":[{"embeddable":true,"href":"https:\/\/mouldking.store\/es\/wp-json\/wp\/v2\/media\/21843"}],"wp:attachment":[{"href":"https:\/\/mouldking.store\/es\/wp-json\/wp\/v2\/media?parent=21845"}],"wp:term":[{"taxonomy":"product_cat","embeddable":true,"href":"https:\/\/mouldking.store\/es\/wp-json\/wp\/v2\/product_cat?post=21845"},{"taxonomy":"product_tag","embeddable":true,"href":"https:\/\/mouldking.store\/es\/wp-json\/wp\/v2\/product_tag?post=21845"}],"curies":[{"name":"wp","href":"https:\/\/api.w.org\/{rel}","templated":true}]}}