{"id":21868,"date":"2021-10-09T05:14:24","date_gmt":"2021-10-08T22:14:24","guid":{"rendered":"https:\/\/mouldking.store\/shop\/moc-52188-union-pacific-alco-rs-2-138-technic-by-masterbuilderktc-moc-factory\/"},"modified":"2025-12-25T09:23:46","modified_gmt":"2025-12-25T02:23:46","slug":"moc-52188-union-pacific-alco-rs-2-138-technic-by-masterbuilderktc-moc-factory","status":"publish","type":"product","link":"https:\/\/mouldking.store\/es\/shop\/moc-52188-union-pacific-alco-rs-2-138-technic-by-masterbuilderktc-moc-factory\/","title":{"rendered":"MOC-52188 Union Pacific Alco RS-2 (1:38) T\u00e9cnica de MasterBuilderKTC MOC FACTORY"},"content":{"rendered":"<p style=\"text-align: left\">MOC-52188 Union Pacific Alco RS-2 (1:38) Technic de MasterBuilderKTC MOC FACTORY es un conjunto de la colecci\u00f3n Technic, dise\u00f1ado por MasterBuilderKTC. Este MOC 52188 viene con instrucciones en PDF que son f\u00e1ciles de construir y encontrar las piezas que faltan. El conjunto contiene 2248 piezas, lanzado por primera vez en 2020.<\/p>\n<figure id=\"attachment_199059\" aria-describedby=\"caption-attachment-199059\" style=\"width: 800px\" class=\"wp-caption aligncenter\"><a href=\"https:\/\/pay.lpwstore.com\/wp-content\/uploads\/2020\/12\/MOC-52188-Union-Pacific-Alco-RS-2-138-Technic-by-MasterBuilderKTC-MOC-FACTORY-6.jpg\" target=\"_blank\" rel=\"noopener\"><img fetchpriority=\"high\" decoding=\"async\" class=\"wp-image-199059 size-full\" title=\"MOC-52188 Union Pacific Alco RS-2 (1:38) T\u00e9cnica de MasterBuilderKTC MOC FACTORY\" src=\"https:\/\/pay.lpwstore.com\/wp-content\/uploads\/2020\/12\/MOC-52188-Union-Pacific-Alco-RS-2-138-Technic-by-MasterBuilderKTC-MOC-FACTORY-6.jpg\" alt=\"MOC-52188 Union Pacific Alco RS-2 (1:38) Technic by MasterBuilderKTC MOC FACTORY\" width=\"800\" height=\"800\" \/><\/a><figcaption id=\"caption-attachment-199059\" class=\"wp-caption-text\">MOC-52188 Union Pacific Alco RS-2 (1:38) T\u00e9cnica de MasterBuilderKTC MOC FACTORY<\/figcaption><\/figure>\n<p><img decoding=\"async\" class=\"alignnone size-full wp-image-199054 aligncenter\" src=\"https:\/\/pay.lpwstore.com\/wp-content\/uploads\/2020\/12\/MOC-52188-Union-Pacific-Alco-RS-2-138-Technic-by-MasterBuilderKTC-MOC-FACTORY.jpg\" alt=\"-\" width=\"800\" height=\"800\" title=\"-\"> <img decoding=\"async\" class=\"alignnone size-full wp-image-199055 aligncenter\" src=\"https:\/\/pay.lpwstore.com\/wp-content\/uploads\/2020\/12\/MOC-52188-Union-Pacific-Alco-RS-2-138-Technic-by-MasterBuilderKTC-MOC-FACTORY-2.jpg\" alt=\"-\" width=\"800\" height=\"800\" title=\"-\"> <img loading=\"lazy\" decoding=\"async\" class=\"alignnone size-full wp-image-199056 aligncenter\" src=\"https:\/\/pay.lpwstore.com\/wp-content\/uploads\/2020\/12\/MOC-52188-Union-Pacific-Alco-RS-2-138-Technic-by-MasterBuilderKTC-MOC-FACTORY-3.jpg\" alt=\"-\" width=\"800\" height=\"800\" title=\"-\"> <img loading=\"lazy\" decoding=\"async\" class=\"alignnone size-full wp-image-199057 aligncenter\" src=\"https:\/\/pay.lpwstore.com\/wp-content\/uploads\/2020\/12\/MOC-52188-Union-Pacific-Alco-RS-2-138-Technic-by-MasterBuilderKTC-MOC-FACTORY-4.jpg\" alt=\"-\" width=\"800\" height=\"800\" title=\"-\"> <img loading=\"lazy\" decoding=\"async\" class=\"alignnone size-full wp-image-199058 aligncenter\" src=\"https:\/\/pay.lpwstore.com\/wp-content\/uploads\/2020\/12\/MOC-52188-Union-Pacific-Alco-RS-2-138-Technic-by-MasterBuilderKTC-MOC-FACTORY-5.jpg\" alt=\"-\" width=\"800\" height=\"800\" title=\"-\"><\/p>","protected":false},"excerpt":{"rendered":"<ul>\n<li>Incluir <strong>2248+<\/strong> piezas<\/li>\n<li>Instrucci\u00f3n PDF en l\u00ednea<\/li>\n<li>Bloque ABS de alta calidad.<\/li>\n<\/ul>","protected":false},"featured_media":21862,"comment_status":"open","ping_status":"closed","template":"","meta":{"_acf_changed":false},"product_cat":[364],"product_tag":[],"class_list":["product","first","outofstock","shipping-taxable","purchasable","product-type-simple"],"acf":[],"_links":{"self":[{"href":"https:\/\/mouldking.store\/es\/wp-json\/wp\/v2\/product\/21868","targetHints":{"allow":["GET"]}}],"collection":[{"href":"https:\/\/mouldking.store\/es\/wp-json\/wp\/v2\/product"}],"about":[{"href":"https:\/\/mouldking.store\/es\/wp-json\/wp\/v2\/types\/product"}],"replies":[{"embeddable":true,"href":"https:\/\/mouldking.store\/es\/wp-json\/wp\/v2\/comments?post=21868"}],"wp:featuredmedia":[{"embeddable":true,"href":"https:\/\/mouldking.store\/es\/wp-json\/wp\/v2\/media\/21862"}],"wp:attachment":[{"href":"https:\/\/mouldking.store\/es\/wp-json\/wp\/v2\/media?parent=21868"}],"wp:term":[{"taxonomy":"product_cat","embeddable":true,"href":"https:\/\/mouldking.store\/es\/wp-json\/wp\/v2\/product_cat?post=21868"},{"taxonomy":"product_tag","embeddable":true,"href":"https:\/\/mouldking.store\/es\/wp-json\/wp\/v2\/product_tag?post=21868"}],"curies":[{"name":"wp","href":"https:\/\/api.w.org\/{rel}","templated":true}]}}