{"id":22000,"date":"2021-10-09T05:16:05","date_gmt":"2021-10-08T22:16:05","guid":{"rendered":"https:\/\/mouldking.store\/shop\/moc-13997-n-1-starfighter-minifig-scale-star-wars-by-brickvault-moc-factory\/"},"modified":"2025-12-25T09:23:42","modified_gmt":"2025-12-25T02:23:42","slug":"moc-13997-n-1-starfighter-minifig-scale-star-wars-by-brickvault-moc-factory","status":"publish","type":"product","link":"https:\/\/mouldking.store\/es\/shop\/moc-13997-n-1-starfighter-minifig-scale-star-wars-by-brickvault-moc-factory\/","title":{"rendered":"MOC-13997 N-1 Starfighter \u2013 Minifigura a escala Star Wars de brickvault MOC FACTORY"},"content":{"rendered":"<p style=\"text-align: left\">MOC-13997 N-1 Starfighter - Minifig Scale Star Wars de brickvault MOC FACTORY es un set de la colecci\u00f3n Star Wars, dise\u00f1ado por brickvault. Este MOC 13997 viene con instrucciones en PDF que es f\u00e1cil de construir y encontrar las piezas que faltan. El conjunto contiene 373 piezas, lanzado por primera vez en 2020.<\/p>\n<figure id=\"attachment_199461\" aria-describedby=\"caption-attachment-199461\" style=\"width: 800px\" class=\"wp-caption aligncenter\"><a href=\"https:\/\/pay.lpwstore.com\/wp-content\/uploads\/2020\/12\/MOC-13997-N-1-Starfighter-Minifig-Scale-Star-Wars-by-brickvault-MOC-FACTORY.jpg\" target=\"_blank\" rel=\"noopener\"><img fetchpriority=\"high\" decoding=\"async\" class=\"wp-image-199461 size-full\" title=\"MOC-13997 N-1 Starfighter - Minifigura a escala Star Wars de brickvault MOC FACTORY\" src=\"https:\/\/pay.lpwstore.com\/wp-content\/uploads\/2020\/12\/MOC-13997-N-1-Starfighter-Minifig-Scale-Star-Wars-by-brickvault-MOC-FACTORY.jpg\" alt=\"MOC-13997 N-1 Starfighter - Minifig Scale Star Wars by brickvault MOC FACTORY\" width=\"800\" height=\"800\" \/><\/a><figcaption id=\"caption-attachment-199461\" class=\"wp-caption-text\">MOC-13997 N-1 Starfighter \u2013 Minifigura a escala Star Wars de brickvault MOC FACTORY<\/figcaption><\/figure>\n<p><img decoding=\"async\" class=\"alignnone size-full wp-image-199462 aligncenter\" src=\"https:\/\/pay.lpwstore.com\/wp-content\/uploads\/2020\/12\/MOC-13997-N-1-Starfighter-Minifig-Scale-Star-Wars-by-brickvault-MOC-FACTORY-2.jpg\" alt=\"-\" width=\"800\" height=\"800\" title=\"-\"><\/p>","protected":false},"excerpt":{"rendered":"<ul>\n<li>Incluir<strong> 373+<\/strong> piezas<\/li>\n<li>Instrucci\u00f3n PDF en l\u00ednea<\/li>\n<li>Bloque ABS de alta calidad.<\/li>\n<\/ul>","protected":false},"featured_media":21998,"comment_status":"open","ping_status":"closed","template":"","meta":{"_acf_changed":false},"product_cat":[415],"product_tag":[],"class_list":["product","first","instock","shipping-taxable","purchasable","product-type-simple"],"acf":[],"_links":{"self":[{"href":"https:\/\/mouldking.store\/es\/wp-json\/wp\/v2\/product\/22000","targetHints":{"allow":["GET"]}}],"collection":[{"href":"https:\/\/mouldking.store\/es\/wp-json\/wp\/v2\/product"}],"about":[{"href":"https:\/\/mouldking.store\/es\/wp-json\/wp\/v2\/types\/product"}],"replies":[{"embeddable":true,"href":"https:\/\/mouldking.store\/es\/wp-json\/wp\/v2\/comments?post=22000"}],"wp:featuredmedia":[{"embeddable":true,"href":"https:\/\/mouldking.store\/es\/wp-json\/wp\/v2\/media\/21998"}],"wp:attachment":[{"href":"https:\/\/mouldking.store\/es\/wp-json\/wp\/v2\/media?parent=22000"}],"wp:term":[{"taxonomy":"product_cat","embeddable":true,"href":"https:\/\/mouldking.store\/es\/wp-json\/wp\/v2\/product_cat?post=22000"},{"taxonomy":"product_tag","embeddable":true,"href":"https:\/\/mouldking.store\/es\/wp-json\/wp\/v2\/product_tag?post=22000"}],"curies":[{"name":"wp","href":"https:\/\/api.w.org\/{rel}","templated":true}]}}