{"id":22071,"date":"2021-10-09T05:18:07","date_gmt":"2021-10-08T22:18:07","guid":{"rendered":"https:\/\/mouldking.store\/shop\/moc-56187-destiny-arcadia-class-jumpship-space-by-legobodgers-moc-factory\/"},"modified":"2025-12-25T09:23:38","modified_gmt":"2025-12-25T02:23:38","slug":"moc-56187-destiny-arcadia-class-jumpship-space-by-legobodgers-moc-factory","status":"publish","type":"product","link":"https:\/\/mouldking.store\/es\/shop\/moc-56187-destiny-arcadia-class-jumpship-space-by-legobodgers-moc-factory\/","title":{"rendered":"MOC-56187 Destiny Arcadia-class jumpship Space de legobodgers MOC FACTORY"},"content":{"rendered":"<p style=\"text-align: left\">MOC-56187 Destiny Arcadia-class jumpship Space de legobodgers MOC FACTORY es un conjunto de la colecci\u00f3n Space, dise\u00f1ado por legobodgers. Este MOC 56187 viene con instrucciones en PDF que son f\u00e1ciles de construir y encontrar las piezas que faltan. El conjunto contiene 1007 piezas, lanzado por primera vez en 2020.<\/p>\n<figure id=\"attachment_199612\" aria-describedby=\"caption-attachment-199612\" style=\"width: 800px\" class=\"wp-caption aligncenter\"><a href=\"https:\/\/pay.lpwstore.com\/wp-content\/uploads\/2020\/12\/MOC-56187-Destiny-Arcadia-class-jumpship-Space-by-legobodgers-MOC-FACTORY.jpg\" target=\"_blank\" rel=\"noopener\"><img fetchpriority=\"high\" decoding=\"async\" class=\"wp-image-199612 size-full\" title=\"MOC-56187 Destiny Arcadia-class jumpship Space de legobodgers MOC FACTORY \" src=\"https:\/\/pay.lpwstore.com\/wp-content\/uploads\/2020\/12\/MOC-56187-Destiny-Arcadia-class-jumpship-Space-by-legobodgers-MOC-FACTORY.jpg\" alt=\"MOC-56187 Destiny Arcadia-class jumpship Space by legobodgers MOC FACTORY \" width=\"800\" height=\"800\" \/><\/a><figcaption id=\"caption-attachment-199612\" class=\"wp-caption-text\">MOC-56187 Destiny Arcadia-class jumpship Space de legobodgers MOC FACTORY<\/figcaption><\/figure>\n<p><img decoding=\"async\" class=\"alignnone size-full wp-image-199613 aligncenter\" src=\"https:\/\/pay.lpwstore.com\/wp-content\/uploads\/2020\/12\/MOC-56187-Destiny-Arcadia-class-jumpship-Space-by-legobodgers-MOC-FACTORY-2.jpg\" alt=\"-\" width=\"800\" height=\"800\" title=\"-\"><\/p>","protected":false},"excerpt":{"rendered":"<ul>\n<li>Incluir\u00a0<strong>1007+<\/strong>\u00a0piezas<\/li>\n<li>Instrucci\u00f3n PDF en l\u00ednea<\/li>\n<li>Bloque ABS de alta calidad.<\/li>\n<\/ul>\n<p>&nbsp;<\/p>","protected":false},"featured_media":22069,"comment_status":"open","ping_status":"closed","template":"","meta":{"_acf_changed":false},"product_cat":[371],"product_tag":[],"class_list":["product","first","instock","shipping-taxable","purchasable","product-type-simple"],"acf":[],"_links":{"self":[{"href":"https:\/\/mouldking.store\/es\/wp-json\/wp\/v2\/product\/22071","targetHints":{"allow":["GET"]}}],"collection":[{"href":"https:\/\/mouldking.store\/es\/wp-json\/wp\/v2\/product"}],"about":[{"href":"https:\/\/mouldking.store\/es\/wp-json\/wp\/v2\/types\/product"}],"replies":[{"embeddable":true,"href":"https:\/\/mouldking.store\/es\/wp-json\/wp\/v2\/comments?post=22071"}],"wp:featuredmedia":[{"embeddable":true,"href":"https:\/\/mouldking.store\/es\/wp-json\/wp\/v2\/media\/22069"}],"wp:attachment":[{"href":"https:\/\/mouldking.store\/es\/wp-json\/wp\/v2\/media?parent=22071"}],"wp:term":[{"taxonomy":"product_cat","embeddable":true,"href":"https:\/\/mouldking.store\/es\/wp-json\/wp\/v2\/product_cat?post=22071"},{"taxonomy":"product_tag","embeddable":true,"href":"https:\/\/mouldking.store\/es\/wp-json\/wp\/v2\/product_tag?post=22071"}],"curies":[{"name":"wp","href":"https:\/\/api.w.org\/{rel}","templated":true}]}}