{"id":22081,"date":"2021-10-09T05:18:33","date_gmt":"2021-10-08T22:18:33","guid":{"rendered":"https:\/\/mouldking.store\/shop\/moc-41630-screaming-hand-creator-by-brick-flag-moc-factory\/"},"modified":"2025-12-25T09:23:38","modified_gmt":"2025-12-25T02:23:38","slug":"moc-41630-screaming-hand-creator-by-brick-flag-moc-factory","status":"publish","type":"product","link":"https:\/\/mouldking.store\/es\/shop\/moc-41630-screaming-hand-creator-by-brick-flag-moc-factory\/","title":{"rendered":"MOC-41630 Creador de manos gritando por Brick Flag MOC FACTORY"},"content":{"rendered":"<p style=\"text-align: left\">MOC-41630 Screaming Hand Creator de Brick Flag MOC FACTORY es un set de la colecci\u00f3n Creator, dise\u00f1ado por Brick Flag. Este MOC 41630 viene con instrucciones en PDF que es f\u00e1cil de construir y encontrar las piezas que faltan. El conjunto contiene 512 piezas, lanzado por primera vez en 2020.<\/p>\n<figure id=\"attachment_199624\" aria-describedby=\"caption-attachment-199624\" style=\"width: 800px\" class=\"wp-caption aligncenter\"><a href=\"https:\/\/pay.lpwstore.com\/wp-content\/uploads\/2020\/12\/MOC-41630-Screaming-Hand-Creator-by-Brick-Flag-MOC-FACTORY.jpg\" target=\"_blank\" rel=\"noopener\"><img fetchpriority=\"high\" decoding=\"async\" class=\"wp-image-199624 size-full\" title=\"MOC-41630 Creador de manos gritando por Brick Flag MOC FACTORY\" src=\"https:\/\/pay.lpwstore.com\/wp-content\/uploads\/2020\/12\/MOC-41630-Screaming-Hand-Creator-by-Brick-Flag-MOC-FACTORY.jpg\" alt=\"MOC-41630 Screaming Hand Creator by Brick Flag MOC FACTORY\" width=\"800\" height=\"800\" \/><\/a><figcaption id=\"caption-attachment-199624\" class=\"wp-caption-text\">MOC-41630 Creador de manos gritando por Brick Flag MOC FACTORY<\/figcaption><\/figure>\n<p><img decoding=\"async\" class=\"alignnone size-full wp-image-199625 aligncenter\" src=\"https:\/\/pay.lpwstore.com\/wp-content\/uploads\/2020\/12\/MOC-41630-Screaming-Hand-Creator-by-Brick-Flag-MOC-FACTORY-2.jpg\" alt=\"-\" width=\"800\" height=\"800\" title=\"-\"><\/p>","protected":false},"excerpt":{"rendered":"<ul>\n<li>Incluir\u00a0<strong>512+<\/strong>\u00a0piezas<\/li>\n<li>Instrucci\u00f3n PDF en l\u00ednea<\/li>\n<li>Bloque ABS de alta calidad.<\/li>\n<\/ul>","protected":false},"featured_media":22079,"comment_status":"open","ping_status":"closed","template":"","meta":{"_acf_changed":false},"product_cat":[371],"product_tag":[],"class_list":["product","first","instock","shipping-taxable","purchasable","product-type-simple"],"acf":[],"_links":{"self":[{"href":"https:\/\/mouldking.store\/es\/wp-json\/wp\/v2\/product\/22081","targetHints":{"allow":["GET"]}}],"collection":[{"href":"https:\/\/mouldking.store\/es\/wp-json\/wp\/v2\/product"}],"about":[{"href":"https:\/\/mouldking.store\/es\/wp-json\/wp\/v2\/types\/product"}],"replies":[{"embeddable":true,"href":"https:\/\/mouldking.store\/es\/wp-json\/wp\/v2\/comments?post=22081"}],"wp:featuredmedia":[{"embeddable":true,"href":"https:\/\/mouldking.store\/es\/wp-json\/wp\/v2\/media\/22079"}],"wp:attachment":[{"href":"https:\/\/mouldking.store\/es\/wp-json\/wp\/v2\/media?parent=22081"}],"wp:term":[{"taxonomy":"product_cat","embeddable":true,"href":"https:\/\/mouldking.store\/es\/wp-json\/wp\/v2\/product_cat?post=22081"},{"taxonomy":"product_tag","embeddable":true,"href":"https:\/\/mouldking.store\/es\/wp-json\/wp\/v2\/product_tag?post=22081"}],"curies":[{"name":"wp","href":"https:\/\/api.w.org\/{rel}","templated":true}]}}