{"id":22146,"date":"2021-10-09T05:21:00","date_gmt":"2021-10-08T22:21:00","guid":{"rendered":"https:\/\/mouldking.store\/shop\/moc-33315-cavegod-ucs-gr-75-rebel-transport-star-wars-by-alloutbrick-moc-factory\/"},"modified":"2025-12-25T09:23:38","modified_gmt":"2025-12-25T02:23:38","slug":"moc-33315-cavegod-ucs-gr-75-rebel-transport-star-wars-by-alloutbrick-moc-factory","status":"publish","type":"product","link":"https:\/\/mouldking.store\/es\/shop\/moc-33315-cavegod-ucs-gr-75-rebel-transport-star-wars-by-alloutbrick-moc-factory\/","title":{"rendered":"MOC-33315 Cavegod UCS GR-75 Rebel Transport Star Wars por AllOutBrick MOC FACTORY"},"content":{"rendered":"<p style=\"text-align: left\">MOC-33315 Cavegod UCS GR-75 Rebel Transport Star Wars de AllOutBrick MOC FACTORY es un conjunto de la colecci\u00f3n Star Wars, dise\u00f1ado por AllOutBrick. Este MOC 33315 viene con instrucciones en PDF que son f\u00e1ciles de construir y encontrar las piezas que faltan. El conjunto contiene 6669 piezas, lanzado por primera vez en 2020.<\/p>\n<figure id=\"attachment_199861\" aria-describedby=\"caption-attachment-199861\" style=\"width: 800px\" class=\"wp-caption aligncenter\"><a href=\"https:\/\/pay.lpwstore.com\/wp-content\/uploads\/2020\/12\/MOC-33315-Cavegod-UCS-GR-75-Rebel-Transport-Star-Wars-by-AllOutBrick-MOC-FACTORY.jpg\" target=\"_blank\" rel=\"noopener\"><img fetchpriority=\"high\" decoding=\"async\" class=\"wp-image-199861 size-full\" title=\"MOC-33315 Cavegod UCS GR-75 Rebel Transport Star Wars por AllOutBrick MOC FACTORY\" src=\"https:\/\/pay.lpwstore.com\/wp-content\/uploads\/2020\/12\/MOC-33315-Cavegod-UCS-GR-75-Rebel-Transport-Star-Wars-by-AllOutBrick-MOC-FACTORY.jpg\" alt=\"MOC-33315 Cavegod UCS GR-75 Rebel Transport Star Wars by AllOutBrick MOC FACTORY\" width=\"800\" height=\"800\" \/><\/a><figcaption id=\"caption-attachment-199861\" class=\"wp-caption-text\">MOC-33315 Cavegod UCS GR-75 Rebel Transport Star Wars por AllOutBrick MOC FACTORY<\/figcaption><\/figure>\n<p><img decoding=\"async\" class=\"alignnone size-full wp-image-199862 aligncenter\" src=\"https:\/\/pay.lpwstore.com\/wp-content\/uploads\/2020\/12\/MOC-33315-Cavegod-UCS-GR-75-Rebel-Transport-Star-Wars-by-AllOutBrick-MOC-FACTORY-2.jpg\" alt=\"-\" width=\"800\" height=\"800\" title=\"-\"> <img decoding=\"async\" class=\"alignnone size-full wp-image-199863 aligncenter\" src=\"https:\/\/pay.lpwstore.com\/wp-content\/uploads\/2020\/12\/MOC-33315-Cavegod-UCS-GR-75-Rebel-Transport-Star-Wars-by-AllOutBrick-MOC-FACTORY-3.jpg\" alt=\"-\" width=\"800\" height=\"800\" title=\"-\"> <img loading=\"lazy\" decoding=\"async\" class=\"alignnone size-full wp-image-199864 aligncenter\" src=\"https:\/\/pay.lpwstore.com\/wp-content\/uploads\/2020\/12\/MOC-33315-Cavegod-UCS-GR-75-Rebel-Transport-Star-Wars-by-AllOutBrick-MOC-FACTORY-4.jpg\" alt=\"-\" width=\"800\" height=\"800\" title=\"-\"> <img loading=\"lazy\" decoding=\"async\" class=\"alignnone size-full wp-image-199865 aligncenter\" src=\"https:\/\/pay.lpwstore.com\/wp-content\/uploads\/2020\/12\/MOC-33315-Cavegod-UCS-GR-75-Rebel-Transport-Star-Wars-by-AllOutBrick-MOC-FACTORY-5.jpg\" alt=\"-\" width=\"800\" height=\"800\" title=\"-\"> <img loading=\"lazy\" decoding=\"async\" class=\"alignnone size-full wp-image-199866 aligncenter\" src=\"https:\/\/pay.lpwstore.com\/wp-content\/uploads\/2020\/12\/MOC-33315-Cavegod-UCS-GR-75-Rebel-Transport-Star-Wars-by-AllOutBrick-MOC-FACTORY-6.jpg\" alt=\"-\" width=\"800\" height=\"800\" title=\"-\"><\/p>","protected":false},"excerpt":{"rendered":"<ul>\n<li>Incluir <strong>6669+<\/strong> piezas<\/li>\n<li>Instrucci\u00f3n PDF en l\u00ednea<\/li>\n<li>Bloque ABS de alta calidad.<\/li>\n<\/ul>","protected":false},"featured_media":22140,"comment_status":"open","ping_status":"closed","template":"","meta":{"_acf_changed":false},"product_cat":[415],"product_tag":[],"class_list":["product","first","instock","shipping-taxable","purchasable","product-type-simple"],"acf":[],"_links":{"self":[{"href":"https:\/\/mouldking.store\/es\/wp-json\/wp\/v2\/product\/22146","targetHints":{"allow":["GET"]}}],"collection":[{"href":"https:\/\/mouldking.store\/es\/wp-json\/wp\/v2\/product"}],"about":[{"href":"https:\/\/mouldking.store\/es\/wp-json\/wp\/v2\/types\/product"}],"replies":[{"embeddable":true,"href":"https:\/\/mouldking.store\/es\/wp-json\/wp\/v2\/comments?post=22146"}],"wp:featuredmedia":[{"embeddable":true,"href":"https:\/\/mouldking.store\/es\/wp-json\/wp\/v2\/media\/22140"}],"wp:attachment":[{"href":"https:\/\/mouldking.store\/es\/wp-json\/wp\/v2\/media?parent=22146"}],"wp:term":[{"taxonomy":"product_cat","embeddable":true,"href":"https:\/\/mouldking.store\/es\/wp-json\/wp\/v2\/product_cat?post=22146"},{"taxonomy":"product_tag","embeddable":true,"href":"https:\/\/mouldking.store\/es\/wp-json\/wp\/v2\/product_tag?post=22146"}],"curies":[{"name":"wp","href":"https:\/\/api.w.org\/{rel}","templated":true}]}}