{"id":22294,"date":"2021-10-10T04:34:51","date_gmt":"2021-10-09T21:34:51","guid":{"rendered":"https:\/\/mouldking.store\/shop\/moc-56697-episode-vi-modular-display-series-star-wars-by-mon-mocma-moc-factory\/"},"modified":"2025-12-25T09:21:28","modified_gmt":"2025-12-25T02:21:28","slug":"moc-56697-episode-vi-modular-display-series-star-wars-by-mon-mocma-moc-factory","status":"publish","type":"product","link":"https:\/\/mouldking.store\/es\/shop\/moc-56697-episode-vi-modular-display-series-star-wars-by-mon-mocma-moc-factory\/","title":{"rendered":"MOC-56697 Episodio VI Modular Display Series Star Wars de Mon Mocma MOC FACTORY"},"content":{"rendered":"<p style=\"text-align: left\">MOC-56697 Episodio VI Modular Display Series Star Wars de Mon Mocma MOC FACTORY es un set de la colecci\u00f3n Star Wars, dise\u00f1ado por Mon Mocma. Este MOC 56697 viene con instrucciones en PDF que son f\u00e1ciles de construir y encontrar las piezas que faltan. El conjunto contiene 2219 piezas, lanzado por primera vez en 2020.<\/p>\n<p><a href=\"https:\/\/pay.lpwstore.com\/wp-content\/uploads\/2020\/12\/MOC-56697-Episode-VI-Modular-Display-Series-Star-Wars-by-Mon-Mocma-MOC-FACTORY.jpg\" target=\"_blank\" rel=\"noopener\"><img fetchpriority=\"high\" decoding=\"async\" class=\"aligncenter wp-image-200225 size-full\" title=\"MOC-56697 Episodio VI Modular Display Series Star Wars de Mon Mocma MOC FACTORY\" src=\"https:\/\/pay.lpwstore.com\/wp-content\/uploads\/2020\/12\/MOC-56697-Episode-VI-Modular-Display-Series-Star-Wars-by-Mon-Mocma-MOC-FACTORY.jpg\" alt=\"MOC-56697-Episode-VI-Modular-Display-Series-Star-Wars-by-Mon-Mocma-MOC-FACTORY\" width=\"800\" height=\"800\" \/><\/a> <img decoding=\"async\" class=\"alignnone size-full wp-image-200226 aligncenter\" src=\"https:\/\/pay.lpwstore.com\/wp-content\/uploads\/2020\/12\/MOC-56697-Episode-VI-Modular-Display-Series-Star-Wars-by-Mon-Mocma-MOC-FACTORY-2.jpg\" alt=\"-\" width=\"800\" height=\"800\" title=\"-\"><\/p>","protected":false},"excerpt":{"rendered":"<ul>\n<li>Incluir <strong>2219+<\/strong> piezas<\/li>\n<li>Instrucci\u00f3n PDF en l\u00ednea<\/li>\n<li>Bloque ABS de alta calidad.<\/li>\n<\/ul>","protected":false},"featured_media":22293,"comment_status":"open","ping_status":"closed","template":"","meta":{"_acf_changed":false},"product_cat":[415],"product_tag":[],"class_list":["product","first","instock","shipping-taxable","purchasable","product-type-simple"],"acf":[],"_links":{"self":[{"href":"https:\/\/mouldking.store\/es\/wp-json\/wp\/v2\/product\/22294","targetHints":{"allow":["GET"]}}],"collection":[{"href":"https:\/\/mouldking.store\/es\/wp-json\/wp\/v2\/product"}],"about":[{"href":"https:\/\/mouldking.store\/es\/wp-json\/wp\/v2\/types\/product"}],"replies":[{"embeddable":true,"href":"https:\/\/mouldking.store\/es\/wp-json\/wp\/v2\/comments?post=22294"}],"wp:featuredmedia":[{"embeddable":true,"href":"https:\/\/mouldking.store\/es\/wp-json\/wp\/v2\/media\/22293"}],"wp:attachment":[{"href":"https:\/\/mouldking.store\/es\/wp-json\/wp\/v2\/media?parent=22294"}],"wp:term":[{"taxonomy":"product_cat","embeddable":true,"href":"https:\/\/mouldking.store\/es\/wp-json\/wp\/v2\/product_cat?post=22294"},{"taxonomy":"product_tag","embeddable":true,"href":"https:\/\/mouldking.store\/es\/wp-json\/wp\/v2\/product_tag?post=22294"}],"curies":[{"name":"wp","href":"https:\/\/api.w.org\/{rel}","templated":true}]}}