{"id":22303,"date":"2021-10-10T04:35:00","date_gmt":"2021-10-09T21:35:00","guid":{"rendered":"https:\/\/mouldking.store\/shop\/moc-35252-halo-wars-2-banished-locust-creator-by-wookieecookies-moc-factory\/"},"modified":"2025-12-25T09:21:28","modified_gmt":"2025-12-25T02:21:28","slug":"moc-35252-halo-wars-2-banished-locust-creator-by-wookieecookies-moc-factory","status":"publish","type":"product","link":"https:\/\/mouldking.store\/es\/shop\/moc-35252-halo-wars-2-banished-locust-creator-by-wookieecookies-moc-factory\/","title":{"rendered":"MOC-35252 Creador de langostas desterradas de Halo Wars 2 por WookieeCookies MOC FACTORY"},"content":{"rendered":"<p style=\"text-align: left\">MOC-35252 Halo Wars 2 Banished Locust Creator de WookieeCookies MOC FACTORY es un conjunto de la colecci\u00f3n Creator, dise\u00f1ado por WookieeCookies. Este MOC 35252 viene con instrucciones en PDF que son f\u00e1ciles de construir y encontrar las piezas que faltan. El conjunto contiene 1049 piezas, lanzado por primera vez en 2020.<\/p>\n<p><a href=\"https:\/\/pay.lpwstore.com\/wp-content\/uploads\/2021\/01\/MOC-35252-Halo-Wars-2-Banished-Locust-Creator-by-WookieeCookies-MOC-FACTORY.jpg\" target=\"_blank\" rel=\"noopener\"><img fetchpriority=\"high\" decoding=\"async\" class=\"aligncenter wp-image-200241 size-full\" title=\"MOC-35252 Creador de langostas desterradas de Halo Wars 2 por WookieeCookies MOC FACTORY\" src=\"https:\/\/pay.lpwstore.com\/wp-content\/uploads\/2021\/01\/MOC-35252-Halo-Wars-2-Banished-Locust-Creator-by-WookieeCookies-MOC-FACTORY.jpg\" alt=\"MOC-35252 Halo Wars 2 Banished Locust Creator by WookieeCookies MOC FACTORY\" width=\"800\" height=\"800\" \/><\/a> <img decoding=\"async\" class=\"alignnone size-full wp-image-200242 aligncenter\" src=\"https:\/\/pay.lpwstore.com\/wp-content\/uploads\/2021\/01\/MOC-35252-Halo-Wars-2-Banished-Locust-Creator-by-WookieeCookies-MOC-FACTORY-2.jpg\" alt=\"MOC-35252-Halo-Wars-2-Banished-Locust-Creator-by-WookieeCookies-MOC-FACTORY-2\" width=\"800\" height=\"800\" title=\"-\"><\/p>","protected":false},"excerpt":{"rendered":"<ul>\n<li>Incluir\u00a0<strong>1049+<\/strong>\u00a0piezas<\/li>\n<li>Instrucci\u00f3n PDF en l\u00ednea<\/li>\n<li>Bloque ABS de alta calidad.<\/li>\n<\/ul>","protected":false},"featured_media":22301,"comment_status":"open","ping_status":"closed","template":"","meta":{"_acf_changed":false},"product_cat":[371],"product_tag":[],"class_list":["product","first","instock","shipping-taxable","purchasable","product-type-simple"],"acf":[],"_links":{"self":[{"href":"https:\/\/mouldking.store\/es\/wp-json\/wp\/v2\/product\/22303","targetHints":{"allow":["GET"]}}],"collection":[{"href":"https:\/\/mouldking.store\/es\/wp-json\/wp\/v2\/product"}],"about":[{"href":"https:\/\/mouldking.store\/es\/wp-json\/wp\/v2\/types\/product"}],"replies":[{"embeddable":true,"href":"https:\/\/mouldking.store\/es\/wp-json\/wp\/v2\/comments?post=22303"}],"wp:featuredmedia":[{"embeddable":true,"href":"https:\/\/mouldking.store\/es\/wp-json\/wp\/v2\/media\/22301"}],"wp:attachment":[{"href":"https:\/\/mouldking.store\/es\/wp-json\/wp\/v2\/media?parent=22303"}],"wp:term":[{"taxonomy":"product_cat","embeddable":true,"href":"https:\/\/mouldking.store\/es\/wp-json\/wp\/v2\/product_cat?post=22303"},{"taxonomy":"product_tag","embeddable":true,"href":"https:\/\/mouldking.store\/es\/wp-json\/wp\/v2\/product_tag?post=22303"}],"curies":[{"name":"wp","href":"https:\/\/api.w.org\/{rel}","templated":true}]}}