{"id":22342,"date":"2021-10-10T04:35:39","date_gmt":"2021-10-09T21:35:39","guid":{"rendered":"https:\/\/mouldking.store\/shop\/moc-58042-the-three-broomsticks-hogsmeade-winter-village-modular-building-by-benbuildslego-moc-factory\/"},"modified":"2025-12-25T09:21:25","modified_gmt":"2025-12-25T02:21:25","slug":"moc-58042-the-three-broomsticks-hogsmeade-winter-village-modular-building-by-benbuildslego-moc-factory","status":"publish","type":"product","link":"https:\/\/mouldking.store\/es\/shop\/moc-58042-the-three-broomsticks-hogsmeade-winter-village-modular-building-by-benbuildslego-moc-factory\/","title":{"rendered":"MOC-58042 Las tres escobas (Pueblo invernal de Hogsmeade) Edificio modular de benbuildslego MOC FACTORY"},"content":{"rendered":"<p style=\"text-align: left\">MOC-58042 El edificio modular Three Broomsticks (Hogsmeade Winter Village) de benbuildslego MOC FACTORY es un conjunto de la colecci\u00f3n Modular Buildinge, dise\u00f1ado por benbuildslego. Este MOC 58042 viene con instrucciones en PDF que es f\u00e1cil de construir y encontrar las piezas que faltan. El conjunto contiene 1180 piezas, lanzado por primera vez en 2020.<\/p>\n<figure id=\"attachment_28526\" aria-describedby=\"caption-attachment-28526\" style=\"width: 800px\" class=\"wp-caption aligncenter\"><img fetchpriority=\"high\" decoding=\"async\" class=\"wp-image-28526 size-full\" src=\"https:\/\/mocfactory.com\/wp-content\/uploads\/2021\/01\/MOC-58042-The-Three-Broomsticks-Hogsmeade-Winter-Village-Modular-Building-by-benbuildslego-MOC-FACTORY.jpg\" alt=\"MOC-58042 Modular Building The Three Broomsticks (Hogsmeade Winter Village) Designer benbuildslego MOC FACTORY\" width=\"800\" height=\"800\" title=\"-\"><figcaption id=\"caption-attachment-28526\" class=\"wp-caption-text\">MOC-58042 Edificio modular Las tres escobas (Hogsmeade Winter Village) Dise\u00f1ador benbuildslego MOC FACTORY<\/figcaption><\/figure>\n<figure id=\"attachment_28525\" aria-describedby=\"caption-attachment-28525\" style=\"width: 800px\" class=\"wp-caption aligncenter\"><img decoding=\"async\" class=\"wp-image-28525 size-full\" src=\"https:\/\/mocfactory.com\/wp-content\/uploads\/2021\/01\/MOC-58042-The-Three-Broomsticks-Hogsmeade-Winter-Village-Modular-Building-by-benbuildslego-MOC-FACTORY-2.jpg\" alt=\"MOC-58042 Modular Building The Three Broomsticks (Hogsmeade Winter Village) Designer benbuildslego MOC FACTORY\" width=\"800\" height=\"800\" title=\"-\"><figcaption id=\"caption-attachment-28525\" class=\"wp-caption-text\">MOC-58042 Edificio modular Las tres escobas (Hogsmeade Winter Village) Dise\u00f1ador benbuildslego MOC FACTORY<\/figcaption><\/figure>\n<figure id=\"attachment_28524\" aria-describedby=\"caption-attachment-28524\" style=\"width: 800px\" class=\"wp-caption aligncenter\"><img decoding=\"async\" class=\"wp-image-28524 size-full\" src=\"https:\/\/mocfactory.com\/wp-content\/uploads\/2021\/01\/MOC-58042-The-Three-Broomsticks-Hogsmeade-Winter-Village-Modular-Building-by-benbuildslego-MOC-FACTORY-3.jpg\" alt=\"MOC-58042 Modular Building The Three Broomsticks (Hogsmeade Winter Village) Designer benbuildslego MOC FACTORY\" width=\"800\" height=\"800\" title=\"-\"><figcaption id=\"caption-attachment-28524\" class=\"wp-caption-text\">MOC-58042 Edificio modular Las tres escobas (Hogsmeade Winter Village) Dise\u00f1ador benbuildslego MOC FACTORY<\/figcaption><\/figure>\n<figure id=\"attachment_28523\" aria-describedby=\"caption-attachment-28523\" style=\"width: 800px\" class=\"wp-caption aligncenter\"><img loading=\"lazy\" decoding=\"async\" class=\"wp-image-28523 size-full\" src=\"https:\/\/mocfactory.com\/wp-content\/uploads\/2021\/01\/MOC-58042-The-Three-Broomsticks-Hogsmeade-Winter-Village-Modular-Building-by-benbuildslego-MOC-FACTORY-4.jpg\" alt=\"MOC-58042 Modular Building The Three Broomsticks (Hogsmeade Winter Village) Designer benbuildslego MOC FACTORY\" width=\"800\" height=\"800\" title=\"-\"><figcaption id=\"caption-attachment-28523\" class=\"wp-caption-text\">MOC-58042 Edificio modular Las tres escobas (Hogsmeade Winter Village) Dise\u00f1ador benbuildslego MOC FACTORY<\/figcaption><\/figure>","protected":false},"excerpt":{"rendered":"<ul>\n<li>Incluir\u00a0<b>1180<\/b><strong>+<\/strong>\u00a0piezas<\/li>\n<li>Instrucci\u00f3n PDF en l\u00ednea<\/li>\n<li>Bloque ABS de alta calidad.<\/li>\n<li>Organizar tiempo: 4-8 semanas<\/li>\n<\/ul>","protected":false},"featured_media":22338,"comment_status":"open","ping_status":"closed","template":"","meta":{"_acf_changed":false},"product_cat":[390],"product_tag":[10508,10510,3687,430,461,10507,10514,10506,392,10509,10512,10513,6373,10511],"class_list":["product","first","instock","shipping-taxable","purchasable","product-type-simple"],"acf":[],"_links":{"self":[{"href":"https:\/\/mouldking.store\/es\/wp-json\/wp\/v2\/product\/22342","targetHints":{"allow":["GET"]}}],"collection":[{"href":"https:\/\/mouldking.store\/es\/wp-json\/wp\/v2\/product"}],"about":[{"href":"https:\/\/mouldking.store\/es\/wp-json\/wp\/v2\/types\/product"}],"replies":[{"embeddable":true,"href":"https:\/\/mouldking.store\/es\/wp-json\/wp\/v2\/comments?post=22342"}],"wp:featuredmedia":[{"embeddable":true,"href":"https:\/\/mouldking.store\/es\/wp-json\/wp\/v2\/media\/22338"}],"wp:attachment":[{"href":"https:\/\/mouldking.store\/es\/wp-json\/wp\/v2\/media?parent=22342"}],"wp:term":[{"taxonomy":"product_cat","embeddable":true,"href":"https:\/\/mouldking.store\/es\/wp-json\/wp\/v2\/product_cat?post=22342"},{"taxonomy":"product_tag","embeddable":true,"href":"https:\/\/mouldking.store\/es\/wp-json\/wp\/v2\/product_tag?post=22342"}],"curies":[{"name":"wp","href":"https:\/\/api.w.org\/{rel}","templated":true}]}}