{"id":22353,"date":"2021-10-10T04:35:47","date_gmt":"2021-10-09T21:35:47","guid":{"rendered":"https:\/\/mouldking.store\/shop\/moc-28267-u-s-s-enterprise-ncc-1701-b-excelsior-class-refit-star-trek-generations-space-by-startrekdesigns-moc-factory\/"},"modified":"2025-12-25T09:21:24","modified_gmt":"2025-12-25T02:21:24","slug":"moc-28267-u-s-s-enterprise-ncc-1701-b-excelsior-class-refit-star-trek-generations-space-by-startrekdesigns-moc-factory","status":"publish","type":"product","link":"https:\/\/mouldking.store\/es\/shop\/moc-28267-u-s-s-enterprise-ncc-1701-b-excelsior-class-refit-star-trek-generations-space-by-startrekdesigns-moc-factory\/","title":{"rendered":"MOC-28267 USS Enterprise NCC-1701-B Excelsior Class Refit - Star Trek Generations Space de StarTrekDesigns MOC FACTORY"},"content":{"rendered":"<p style=\"text-align: left\">MOC-28267 USS Enterprise NCC-1701-B Excelsior Class Refit - Star Trek Generations Space de StarTrekDesigns MOC FACTORY es un conjunto de la colecci\u00f3n Space, dise\u00f1ado por StarTrekDesigns. Este MOC 28267 viene con instrucciones en PDF que son f\u00e1ciles de construir y encontrar las piezas que faltan. El conjunto contiene 531 piezas, lanzado por primera vez en 2020.<\/p>\n<figure id=\"attachment_200303\" aria-describedby=\"caption-attachment-200303\" style=\"width: 800px\" class=\"wp-caption aligncenter\"><a href=\"https:\/\/pay.lpwstore.com\/wp-content\/uploads\/2021\/01\/MOC-28267-U.S.S-Enterprise-NCC-1701-B-Excelsior-Class-Refit-Star-Trek-Generations-Space-by-StarTrekDesigns-MOC-FACTORY.jpg\" target=\"_blank\" rel=\"noopener\"><img fetchpriority=\"high\" decoding=\"async\" class=\"wp-image-200303 size-full\" title=\"MOC-28267 USS Enterprise NCC-1701-B Excelsior Class Refit - Star Trek Generations Space de StarTrekDesigns MOC FACTORY\" src=\"https:\/\/pay.lpwstore.com\/wp-content\/uploads\/2021\/01\/MOC-28267-U.S.S-Enterprise-NCC-1701-B-Excelsior-Class-Refit-Star-Trek-Generations-Space-by-StarTrekDesigns-MOC-FACTORY.jpg\" alt=\"MOC-28267 U.S.S Enterprise NCC-1701-B Excelsior Class Refit - Star Trek Generations Space by StarTrekDesigns MOC FACTORY\" width=\"800\" height=\"800\" \/><\/a><figcaption id=\"caption-attachment-200303\" class=\"wp-caption-text\">MOC-28267 USS Enterprise NCC-1701-B Excelsior Class Refit - Star Trek Generations Space de StarTrekDesigns MOC FACTORY<\/figcaption><\/figure>\n<p><img decoding=\"async\" class=\"alignnone size-full wp-image-200304 aligncenter\" src=\"https:\/\/pay.lpwstore.com\/wp-content\/uploads\/2021\/01\/MOC-28267-U.S-2.jpg\" alt=\"-\" width=\"800\" height=\"800\" title=\"-\"> <img decoding=\"async\" class=\"alignnone size-full wp-image-200305 aligncenter\" src=\"https:\/\/pay.lpwstore.com\/wp-content\/uploads\/2021\/01\/MOC-28267-U-3.jpg\" alt=\"-\" width=\"800\" height=\"800\" title=\"-\"> <img loading=\"lazy\" decoding=\"async\" class=\"alignnone size-full wp-image-200306 aligncenter\" src=\"https:\/\/pay.lpwstore.com\/wp-content\/uploads\/2021\/01\/MOC-28267-U-4.jpg\" alt=\"-\" width=\"800\" height=\"800\" title=\"-\"> <img loading=\"lazy\" decoding=\"async\" class=\"alignnone size-full wp-image-200307 aligncenter\" src=\"https:\/\/pay.lpwstore.com\/wp-content\/uploads\/2021\/01\/MOC-28267-U-5.jpg\" alt=\"-\" width=\"800\" height=\"800\" title=\"-\"> <img loading=\"lazy\" decoding=\"async\" class=\"alignnone size-full wp-image-200308 aligncenter\" src=\"https:\/\/pay.lpwstore.com\/wp-content\/uploads\/2021\/01\/MOC-28267-U-6.jpg\" alt=\"-\" width=\"800\" height=\"800\" title=\"-\"><\/p>","protected":false},"excerpt":{"rendered":"<ul>\n<li>Incluir\u00a0<b>531<\/b><strong>+<\/strong>\u00a0piezas<\/li>\n<li>Instrucci\u00f3n PDF en l\u00ednea<\/li>\n<li>Bloque ABS de alta calidad.<\/li>\n<\/ul>","protected":false},"featured_media":22347,"comment_status":"open","ping_status":"closed","template":"","meta":{"_acf_changed":false},"product_cat":[371],"product_tag":[],"class_list":["product","first","instock","shipping-taxable","purchasable","product-type-simple"],"acf":[],"_links":{"self":[{"href":"https:\/\/mouldking.store\/es\/wp-json\/wp\/v2\/product\/22353","targetHints":{"allow":["GET"]}}],"collection":[{"href":"https:\/\/mouldking.store\/es\/wp-json\/wp\/v2\/product"}],"about":[{"href":"https:\/\/mouldking.store\/es\/wp-json\/wp\/v2\/types\/product"}],"replies":[{"embeddable":true,"href":"https:\/\/mouldking.store\/es\/wp-json\/wp\/v2\/comments?post=22353"}],"wp:featuredmedia":[{"embeddable":true,"href":"https:\/\/mouldking.store\/es\/wp-json\/wp\/v2\/media\/22347"}],"wp:attachment":[{"href":"https:\/\/mouldking.store\/es\/wp-json\/wp\/v2\/media?parent=22353"}],"wp:term":[{"taxonomy":"product_cat","embeddable":true,"href":"https:\/\/mouldking.store\/es\/wp-json\/wp\/v2\/product_cat?post=22353"},{"taxonomy":"product_tag","embeddable":true,"href":"https:\/\/mouldking.store\/es\/wp-json\/wp\/v2\/product_tag?post=22353"}],"curies":[{"name":"wp","href":"https:\/\/api.w.org\/{rel}","templated":true}]}}