{"id":22378,"date":"2021-10-10T04:36:09","date_gmt":"2021-10-10T04:36:09","guid":{"rendered":"https:\/\/mouldking.store\/shop\/moc-22534-breaking-bad-brickheadz-collection-walter-white-jesse-pinkman-creator-by-mkibs-moc-factory\/"},"modified":"2025-12-25T09:21:24","modified_gmt":"2025-12-25T02:21:24","slug":"moc-22534-breaking-bad-brickheadz-collection-walter-white-jesse-pinkman-creator-by-mkibs-moc-factory","status":"publish","type":"product","link":"https:\/\/mouldking.store\/es\/shop\/moc-22534-breaking-bad-brickheadz-collection-walter-white-jesse-pinkman-creator-by-mkibs-moc-factory\/","title":{"rendered":"MOC-22534 Colecci\u00f3n Breaking Bad Brickheadz \u2013 Creador de Walter White y Jesse Pinkman por mkibs MOC FACTORY"},"content":{"rendered":"<p style=\"text-align: left\">MOC-22534 Colecci\u00f3n Breaking Bad Brickheadz: creador de Walter White y Jesse Pinkman de mkibs MOC FACTORY es un conjunto de la colecci\u00f3n Creator, dise\u00f1ado por mkibs. Este MOC 22534 viene con instrucciones en PDF que es f\u00e1cil de construir y encontrar las piezas que faltan. El conjunto contiene 240 piezas, lanzado por primera vez en 2020.<\/p>\n<p><a href=\"https:\/\/pay.lpwstore.com\/wp-content\/uploads\/2021\/01\/MOC-22534-Breaking-Bad-Brickheadz-Collection-Walter-White-Jesse-Pinkman-Creator-by-mkibs-MOC-FACTORY.jpg\" target=\"_blank\" rel=\"noopener\"><img fetchpriority=\"high\" decoding=\"async\" class=\"aligncenter wp-image-200512 size-full\" src=\"https:\/\/pay.lpwstore.com\/wp-content\/uploads\/2021\/01\/MOC-22534-Breaking-Bad-Brickheadz-Collection-Walter-White-Jesse-Pinkman-Creator-by-mkibs-MOC-FACTORY.jpg\" alt=\"MOC-22534-Breaking-Bad-Brickheadz-Collection---Walter-White-&amp;-Jesse-Pinkman-Creator-by-mkibs-MOC-FACTORY\" width=\"800\" height=\"800\" title=\"-\"><\/a> <img decoding=\"async\" class=\"alignnone size-full wp-image-200513 aligncenter\" src=\"https:\/\/pay.lpwstore.com\/wp-content\/uploads\/2021\/01\/MOC-22534-Breaking-Bad-Brickheadz-Collection-Walter-White-Jesse-Pinkman-Creator-by-mkibs-MOC-FACTORY-2.jpg\" alt=\"-\" width=\"800\" height=\"800\" title=\"-\"><\/p>","protected":false},"excerpt":{"rendered":"<ul>\n<li>Incluir <strong>240+<\/strong> piezas<\/li>\n<li>Instrucci\u00f3n PDF en l\u00ednea<\/li>\n<li>Bloque ABS de alta calidad.<\/li>\n<\/ul>","protected":false},"featured_media":22376,"comment_status":"open","ping_status":"closed","template":"","meta":{"_acf_changed":false},"product_cat":[371],"product_tag":[],"class_list":["product","first","instock","shipping-taxable","purchasable","product-type-simple"],"acf":[],"_links":{"self":[{"href":"https:\/\/mouldking.store\/es\/wp-json\/wp\/v2\/product\/22378","targetHints":{"allow":["GET"]}}],"collection":[{"href":"https:\/\/mouldking.store\/es\/wp-json\/wp\/v2\/product"}],"about":[{"href":"https:\/\/mouldking.store\/es\/wp-json\/wp\/v2\/types\/product"}],"replies":[{"embeddable":true,"href":"https:\/\/mouldking.store\/es\/wp-json\/wp\/v2\/comments?post=22378"}],"wp:featuredmedia":[{"embeddable":true,"href":"https:\/\/mouldking.store\/es\/wp-json\/wp\/v2\/media\/22376"}],"wp:attachment":[{"href":"https:\/\/mouldking.store\/es\/wp-json\/wp\/v2\/media?parent=22378"}],"wp:term":[{"taxonomy":"product_cat","embeddable":true,"href":"https:\/\/mouldking.store\/es\/wp-json\/wp\/v2\/product_cat?post=22378"},{"taxonomy":"product_tag","embeddable":true,"href":"https:\/\/mouldking.store\/es\/wp-json\/wp\/v2\/product_tag?post=22378"}],"curies":[{"name":"wp","href":"https:\/\/api.w.org\/{rel}","templated":true}]}}