{"id":22389,"date":"2021-10-10T04:36:21","date_gmt":"2021-10-09T21:36:21","guid":{"rendered":"https:\/\/mouldking.store\/shop\/moc-56034-the-mandalorian-speeder-bike-star-wars-by-johndierocks-moc-factory\/"},"modified":"2025-12-25T09:21:24","modified_gmt":"2025-12-25T02:21:24","slug":"moc-56034-the-mandalorian-speeder-bike-star-wars-by-johndierocks-moc-factory","status":"publish","type":"product","link":"https:\/\/mouldking.store\/es\/shop\/moc-56034-the-mandalorian-speeder-bike-star-wars-by-johndierocks-moc-factory\/","title":{"rendered":"MOC-56034 The Mandalorian Speeder Bike Star Wars de JohndieRocks MOC FACTORY"},"content":{"rendered":"<p style=\"text-align: left\">MOC-56034 The Mandalorian Speeder Bike Star Wars de JohndieRocks MOC FACTORY es un conjunto de la colecci\u00f3n Star Wars, dise\u00f1ado por JohndieRocks. Este MOC 56034 viene con instrucciones en PDF que son f\u00e1ciles de construir y encontrar las piezas que faltan. El conjunto contiene 43 piezas, lanzado por primera vez en 2020.<\/p>\n<p><a href=\"https:\/\/pay.lpwstore.com\/wp-content\/uploads\/2021\/01\/MOC-56034-The-Mandalorian-Speeder-Bike-Star-Wars-by-JohndieRocks-MOC-FACTORY.jpg\" target=\"_blank\" rel=\"noopener\"><img fetchpriority=\"high\" decoding=\"async\" class=\"aligncenter wp-image-200520 size-full\" src=\"https:\/\/pay.lpwstore.com\/wp-content\/uploads\/2021\/01\/MOC-56034-The-Mandalorian-Speeder-Bike-Star-Wars-by-JohndieRocks-MOC-FACTORY.jpg\" alt=\"MOC-56034-The-Mandalorian-Speeder-Bike-Star-Wars-by-JohndieRocks-MOC-FACTORY\" width=\"800\" height=\"800\" title=\"-\"><\/a> <img decoding=\"async\" class=\"alignnone size-full wp-image-200521 aligncenter\" src=\"https:\/\/pay.lpwstore.com\/wp-content\/uploads\/2021\/01\/MOC-56034-The-Mandalorian-Speeder-Bike-Star-Wars-by-JohndieRocks-MOC-FACTORY-2.jpg\" alt=\"-\" width=\"800\" height=\"800\" title=\"-\"> <img decoding=\"async\" class=\"alignnone size-full wp-image-200522 aligncenter\" src=\"https:\/\/pay.lpwstore.com\/wp-content\/uploads\/2021\/01\/MOC-56034-The-Mandalorian-Speeder-Bike-Star-Wars-by-JohndieRocks-MOC-FACTORY-3.jpg\" alt=\"-\" width=\"800\" height=\"800\" title=\"-\"> <img loading=\"lazy\" decoding=\"async\" class=\"alignnone size-full wp-image-200523 aligncenter\" src=\"https:\/\/pay.lpwstore.com\/wp-content\/uploads\/2021\/01\/MOC-56034-The-Mandalorian-Speeder-Bike-Star-Wars-by-JohndieRocks-MOC-FACTORY-4.jpg\" alt=\"-\" width=\"800\" height=\"800\" title=\"-\"> <img loading=\"lazy\" decoding=\"async\" class=\"alignnone size-full wp-image-200524 aligncenter\" src=\"https:\/\/pay.lpwstore.com\/wp-content\/uploads\/2021\/01\/MOC-56034-The-Mandalorian-Speeder-Bike-Star-Wars-by-JohndieRocks-MOC-FACTORY-5.jpg\" alt=\"-\" width=\"800\" height=\"800\" title=\"-\"><\/p>","protected":false},"excerpt":{"rendered":"<ul>\n<li>Incluir\u00a0<strong>43+<\/strong>\u00a0piezas<\/li>\n<li>Instrucci\u00f3n PDF en l\u00ednea<\/li>\n<li>Bloque ABS de alta calidad.<\/li>\n<\/ul>","protected":false},"featured_media":22384,"comment_status":"open","ping_status":"closed","template":"","meta":{"_acf_changed":false},"product_cat":[415],"product_tag":[],"class_list":["product","first","instock","shipping-taxable","purchasable","product-type-simple"],"acf":[],"_links":{"self":[{"href":"https:\/\/mouldking.store\/es\/wp-json\/wp\/v2\/product\/22389","targetHints":{"allow":["GET"]}}],"collection":[{"href":"https:\/\/mouldking.store\/es\/wp-json\/wp\/v2\/product"}],"about":[{"href":"https:\/\/mouldking.store\/es\/wp-json\/wp\/v2\/types\/product"}],"replies":[{"embeddable":true,"href":"https:\/\/mouldking.store\/es\/wp-json\/wp\/v2\/comments?post=22389"}],"wp:featuredmedia":[{"embeddable":true,"href":"https:\/\/mouldking.store\/es\/wp-json\/wp\/v2\/media\/22384"}],"wp:attachment":[{"href":"https:\/\/mouldking.store\/es\/wp-json\/wp\/v2\/media?parent=22389"}],"wp:term":[{"taxonomy":"product_cat","embeddable":true,"href":"https:\/\/mouldking.store\/es\/wp-json\/wp\/v2\/product_cat?post=22389"},{"taxonomy":"product_tag","embeddable":true,"href":"https:\/\/mouldking.store\/es\/wp-json\/wp\/v2\/product_tag?post=22389"}],"curies":[{"name":"wp","href":"https:\/\/api.w.org\/{rel}","templated":true}]}}