{"id":22464,"date":"2021-10-10T04:37:38","date_gmt":"2021-10-09T21:37:38","guid":{"rendered":"https:\/\/mouldking.store\/shop\/moc-33499-fallen-order-bd-1-star-wars-by-brickboyz-custom-designs-moc-factory\/"},"modified":"2025-12-25T09:21:22","modified_gmt":"2025-12-25T02:21:22","slug":"moc-33499-fallen-order-bd-1-star-wars-by-brickboyz-custom-designs-moc-factory","status":"publish","type":"product","link":"https:\/\/mouldking.store\/es\/shop\/moc-33499-fallen-order-bd-1-star-wars-by-brickboyz-custom-designs-moc-factory\/","title":{"rendered":"MOC-33499 Fallen Order BD-1 Star Wars por BrickBoyz Custom Designs MOC FACTORY"},"content":{"rendered":"<p style=\"text-align: left\">MOC-33499 Fallen Order BD-1 Star Wars de BrickBoyz Custom Designs MOC FACTORY es un set de la colecci\u00f3n Star Wars, dise\u00f1ado por BrickBoyz Custom Designs. Este MOC 33499 viene con instrucciones en PDF que son f\u00e1ciles de construir y encontrar las piezas que faltan. El conjunto contiene 414 piezas, lanzado por primera vez en 2020.<\/p>\n<p><a href=\"https:\/\/pay.lpwstore.com\/wp-content\/uploads\/2021\/01\/MOC-33499-Fallen-Order-BD-1-Star-Wars-by-BrickBoyz-Custom-Designs-MOC-FACTORY.jpg\" target=\"_blank\" rel=\"noopener\"><img fetchpriority=\"high\" decoding=\"async\" class=\"aligncenter wp-image-200673 size-full\" src=\"https:\/\/pay.lpwstore.com\/wp-content\/uploads\/2021\/01\/MOC-33499-Fallen-Order-BD-1-Star-Wars-by-BrickBoyz-Custom-Designs-MOC-FACTORY.jpg\" alt=\"MOC-33499-Fallen-Order-BD-1-Star-Wars-by-BrickBoyz-Custom-Designs-MOC-FACTORY\" width=\"800\" height=\"800\" title=\"-\"><\/a> <img decoding=\"async\" class=\"alignnone size-full wp-image-200674 aligncenter\" src=\"https:\/\/pay.lpwstore.com\/wp-content\/uploads\/2021\/01\/MOC-33499-Fallen-Order-BD-1-Star-Wars-by-BrickBoyz-Custom-Designs-MOC-FACTORY-2.jpg\" alt=\"-\" width=\"800\" height=\"800\" title=\"-\"> <img decoding=\"async\" class=\"alignnone size-full wp-image-200675 aligncenter\" src=\"https:\/\/pay.lpwstore.com\/wp-content\/uploads\/2021\/01\/MOC-33499-Fallen-Order-BD-1-Star-Wars-by-BrickBoyz-Custom-Designs-MOC-FACTORY-3.jpg\" alt=\"-\" width=\"800\" height=\"800\" title=\"-\"> <img loading=\"lazy\" decoding=\"async\" class=\"alignnone size-full wp-image-200676 aligncenter\" src=\"https:\/\/pay.lpwstore.com\/wp-content\/uploads\/2021\/01\/MOC-33499-Fallen-Order-BD-1-Star-Wars-by-BrickBoyz-Custom-Designs-MOC-FACTORY-4.jpg\" alt=\"-\" width=\"800\" height=\"800\" title=\"-\"><\/p>","protected":false},"excerpt":{"rendered":"<ul>\n<li>Incluir <strong>414+<\/strong> piezas<\/li>\n<li>instrucci\u00f3n de archivo 3D<\/li>\n<li>Bloque ABS de alta calidad.<\/li>\n<\/ul>","protected":false},"featured_media":22460,"comment_status":"open","ping_status":"closed","template":"","meta":{"_acf_changed":false},"product_cat":[415],"product_tag":[],"class_list":["product","first","instock","shipping-taxable","purchasable","product-type-simple"],"acf":[],"_links":{"self":[{"href":"https:\/\/mouldking.store\/es\/wp-json\/wp\/v2\/product\/22464","targetHints":{"allow":["GET"]}}],"collection":[{"href":"https:\/\/mouldking.store\/es\/wp-json\/wp\/v2\/product"}],"about":[{"href":"https:\/\/mouldking.store\/es\/wp-json\/wp\/v2\/types\/product"}],"replies":[{"embeddable":true,"href":"https:\/\/mouldking.store\/es\/wp-json\/wp\/v2\/comments?post=22464"}],"wp:featuredmedia":[{"embeddable":true,"href":"https:\/\/mouldking.store\/es\/wp-json\/wp\/v2\/media\/22460"}],"wp:attachment":[{"href":"https:\/\/mouldking.store\/es\/wp-json\/wp\/v2\/media?parent=22464"}],"wp:term":[{"taxonomy":"product_cat","embeddable":true,"href":"https:\/\/mouldking.store\/es\/wp-json\/wp\/v2\/product_cat?post=22464"},{"taxonomy":"product_tag","embeddable":true,"href":"https:\/\/mouldking.store\/es\/wp-json\/wp\/v2\/product_tag?post=22464"}],"curies":[{"name":"wp","href":"https:\/\/api.w.org\/{rel}","templated":true}]}}