{"id":22479,"date":"2021-10-10T04:37:49","date_gmt":"2021-10-10T04:37:49","guid":{"rendered":"https:\/\/mouldking.store\/shop\/moc-44637-lamborghini-huracan-evo-rwd-technic-by-limelegolambos-moc-factory\/"},"modified":"2025-12-25T09:21:22","modified_gmt":"2025-12-25T02:21:22","slug":"moc-44637-lamborghini-huracan-evo-rwd-technic-by-limelegolambos-moc-factory","status":"publish","type":"product","link":"https:\/\/mouldking.store\/es\/shop\/moc-44637-lamborghini-huracan-evo-rwd-technic-by-limelegolambos-moc-factory\/","title":{"rendered":"MOC-44637 Lamborghini Hurac\u00e0n Evo RWD Technic by LimeLegoLambos MOC FACTORY"},"content":{"rendered":"<p style=\"text-align: left\">MOC-44637 Lamborghini Hurac\u00e0n Evo RWD Technic by LimeLegoLambos MOC FACTORY is a set in Technic collection, designed by LimeLegoLambos. This MOC 44637 comes with PDF instruction which is easy to build and find the missing pieces. The set contains 2131 pieces, first released in 2021.<\/p>\n<p><strong>NOTA:<\/strong><\/p>\n<ul>\n<li><strong>El color de las partes individuales no se corresponde con el de las partes del dibujo, lo que no afecta la apariencia.<\/strong><\/li>\n<li><strong>Compre con cuidado para aquellos que no est\u00e1n preocupados por la precisi\u00f3n, la diferencia de color de las piezas dom\u00e9sticas.<\/strong><\/li>\n<\/ul>\n<p>&nbsp;<\/p>\n<p><a href=\"https:\/\/pay.lpwstore.com\/wp-content\/uploads\/2021\/01\/MOC-44637-Lamborghini-Hurac\u00e0n-Evo-RWD-Technic-by-LimeLegoLambos-MOC-FACTORY.jpg\" target=\"_blank\" rel=\"noopener\"><img fetchpriority=\"high\" decoding=\"async\" class=\"aligncenter wp-image-200831 size-full\" title=\"MOC-44637-Lamborghini-Hurac\u00e0n-Evo-RWD-Technic-by-LimeLegoLambos-MOC-FACTORY\" src=\"https:\/\/pay.lpwstore.com\/wp-content\/uploads\/2021\/01\/MOC-44637-Lamborghini-Hurac\u00e0n-Evo-RWD-Technic-by-LimeLegoLambos-MOC-FACTORY.jpg\" alt=\"MOC-44637-Lamborghini-Hurac\u00e0n-Evo-RWD-Technic-by-LimeLegoLambos-MOC-FACTORY\" width=\"800\" height=\"800\" \/><\/a> <img decoding=\"async\" class=\"alignnone size-full wp-image-200834 aligncenter\" src=\"https:\/\/pay.lpwstore.com\/wp-content\/uploads\/2021\/01\/MOC-44637-Lamborghini-Hurac\u00e0n-Evo-RWD-Technic-by-LimeLegoLambos-MOC-FACTORY-4.jpg\" alt=\"-\" width=\"800\" height=\"800\" title=\"-\"> <img decoding=\"async\" class=\"alignnone size-full wp-image-200832 aligncenter\" src=\"https:\/\/pay.lpwstore.com\/wp-content\/uploads\/2021\/01\/MOC-44637-Lamborghini-Hurac\u00e0n-Evo-RWD-Technic-by-LimeLegoLambos-MOC-FACTORY-2.jpg\" alt=\"-\" width=\"800\" height=\"800\" title=\"-\"> <img loading=\"lazy\" decoding=\"async\" class=\"alignnone size-full wp-image-200833 aligncenter\" src=\"https:\/\/pay.lpwstore.com\/wp-content\/uploads\/2021\/01\/MOC-44637-Lamborghini-Hurac\u00e0n-Evo-RWD-Technic-by-LimeLegoLambos-MOC-FACTORY-3.jpg\" alt=\"-\" width=\"800\" height=\"800\" title=\"-\"> <img loading=\"lazy\" decoding=\"async\" class=\"alignnone size-full wp-image-200835 aligncenter\" src=\"https:\/\/pay.lpwstore.com\/wp-content\/uploads\/2021\/01\/MOC-44637-Lamborghini-Hurac\u00e0n-Evo-RWD-Technic-by-LimeLegoLambos-MOC-FACTORY-5.jpg\" alt=\"-\" width=\"800\" height=\"800\" title=\"-\"> <img loading=\"lazy\" decoding=\"async\" class=\"alignnone size-full wp-image-200836 aligncenter\" src=\"https:\/\/pay.lpwstore.com\/wp-content\/uploads\/2021\/01\/MOC-44637-Lamborghini-Hurac\u00e0n-Evo-RWD-Technic-by-LimeLegoLambos-MOC-FACTORY-6.jpg\" alt=\"-\" width=\"800\" height=\"800\" title=\"-\"><\/p>","protected":false},"excerpt":{"rendered":"<ul>\n<li>Incluir <strong>2131+<\/strong> piezas<\/li>\n<li>Instrucci\u00f3n PDF en l\u00ednea<\/li>\n<li>Bloque ABS de alta calidad.<\/li>\n<li>with motor<\/li>\n<\/ul>","protected":false},"featured_media":22473,"comment_status":"open","ping_status":"closed","template":"","meta":{"_acf_changed":false},"product_cat":[364],"product_tag":[],"class_list":["product","first","outofstock","shipping-taxable","purchasable","product-type-simple"],"acf":[],"_links":{"self":[{"href":"https:\/\/mouldking.store\/es\/wp-json\/wp\/v2\/product\/22479","targetHints":{"allow":["GET"]}}],"collection":[{"href":"https:\/\/mouldking.store\/es\/wp-json\/wp\/v2\/product"}],"about":[{"href":"https:\/\/mouldking.store\/es\/wp-json\/wp\/v2\/types\/product"}],"replies":[{"embeddable":true,"href":"https:\/\/mouldking.store\/es\/wp-json\/wp\/v2\/comments?post=22479"}],"wp:featuredmedia":[{"embeddable":true,"href":"https:\/\/mouldking.store\/es\/wp-json\/wp\/v2\/media\/22473"}],"wp:attachment":[{"href":"https:\/\/mouldking.store\/es\/wp-json\/wp\/v2\/media?parent=22479"}],"wp:term":[{"taxonomy":"product_cat","embeddable":true,"href":"https:\/\/mouldking.store\/es\/wp-json\/wp\/v2\/product_cat?post=22479"},{"taxonomy":"product_tag","embeddable":true,"href":"https:\/\/mouldking.store\/es\/wp-json\/wp\/v2\/product_tag?post=22479"}],"curies":[{"name":"wp","href":"https:\/\/api.w.org\/{rel}","templated":true}]}}