{"id":22631,"date":"2021-10-10T04:40:54","date_gmt":"2021-10-10T04:40:54","guid":{"rendered":"https:\/\/mouldking.store\/shop\/moc-22067-sea-plane-cessna-caravan-technic-by-moclego-moc-factory\/"},"modified":"2025-12-25T09:21:15","modified_gmt":"2025-12-25T02:21:15","slug":"moc-22067-sea-plane-cessna-caravan-technic-by-moclego-moc-factory","status":"publish","type":"product","link":"https:\/\/mouldking.store\/es\/shop\/moc-22067-sea-plane-cessna-caravan-technic-by-moclego-moc-factory\/","title":{"rendered":"MOC-22067 Hidroavi\u00f3n (Cessna Caravan) Technic de Moclego MOC FACTORY"},"content":{"rendered":"<p style=\"text-align: left\">MOC-22067 Hidroavi\u00f3n (Cessna Caravan) Technic de Moclego MOC FACTORY es un conjunto de la colecci\u00f3n Technic, dise\u00f1ado por Moclego. Este MOC 22067 viene con instrucciones en PDF que son f\u00e1ciles de construir y encontrar las piezas que faltan. El conjunto contiene 220 piezas, lanzado por primera vez en 2021.<\/p>\n<p style=\"text-align: center\">\n<figure id=\"attachment_201130\" aria-describedby=\"caption-attachment-201130\" style=\"width: 800px\" class=\"wp-caption aligncenter\"><a href=\"https:\/\/pay.lpwstore.com\/wp-content\/uploads\/2021\/01\/MOC-22067-Sea-Plane-Cessna-Caravan-Technic-by-Moclego-MOC-FACTORY.jpg\" target=\"_blank\" rel=\"noopener\"><img fetchpriority=\"high\" decoding=\"async\" class=\"wp-image-201130 size-full\" title=\"MOC-22067 Hidroavi\u00f3n (Cessna Caravan) Technic de Moclego MOC FACTORY\" src=\"https:\/\/pay.lpwstore.com\/wp-content\/uploads\/2021\/01\/MOC-22067-Sea-Plane-Cessna-Caravan-Technic-by-Moclego-MOC-FACTORY.jpg\" alt=\"MOC-22067 Sea Plane (Cessna Caravan) Technic by Moclego MOC FACTORY\" width=\"800\" height=\"800\" \/><\/a><figcaption id=\"caption-attachment-201130\" class=\"wp-caption-text\">MOC-22067 Hidroavi\u00f3n (Cessna Caravan) Technic de Moclego MOC FACTORY<\/figcaption><\/figure>\n<p><img decoding=\"async\" class=\"alignnone size-full wp-image-201131 aligncenter\" src=\"https:\/\/pay.lpwstore.com\/wp-content\/uploads\/2021\/01\/MOC-22067-Sea-Plane-Cessna-Caravan-Technic-by-Moclego-MOC-FACTORY-2.jpg\" alt=\"-\" width=\"800\" height=\"800\" title=\"-\"> <img decoding=\"async\" class=\"alignnone size-full wp-image-201132 aligncenter\" src=\"https:\/\/pay.lpwstore.com\/wp-content\/uploads\/2021\/01\/MOC-22067-Sea-Plane-Cessna-Caravan-Technic-by-Moclego-MOC-FACTORY-3jpg.jpg\" alt=\"-\" width=\"800\" height=\"800\" title=\"-\"> <img loading=\"lazy\" decoding=\"async\" class=\"alignnone size-full wp-image-201133 aligncenter\" src=\"https:\/\/pay.lpwstore.com\/wp-content\/uploads\/2021\/01\/MOC-22067-Sea-Plane-Cessna-Caravan-Technic-by-Moclego-MOC-FACTORY-4.jpg\" alt=\"-\" width=\"800\" height=\"800\" title=\"-\"><\/p>","protected":false},"excerpt":{"rendered":"<ul>\n<li>Incluir\u00a0<strong>220+<\/strong>\u00a0piezas<\/li>\n<li>Instrucci\u00f3n PDF en l\u00ednea<\/li>\n<li>Bloque ABS de alta calidad.<\/li>\n<\/ul>","protected":false},"featured_media":22627,"comment_status":"open","ping_status":"closed","template":"","meta":{"_acf_changed":false},"product_cat":[364],"product_tag":[],"class_list":["product","first","instock","shipping-taxable","purchasable","product-type-simple"],"acf":[],"_links":{"self":[{"href":"https:\/\/mouldking.store\/es\/wp-json\/wp\/v2\/product\/22631","targetHints":{"allow":["GET"]}}],"collection":[{"href":"https:\/\/mouldking.store\/es\/wp-json\/wp\/v2\/product"}],"about":[{"href":"https:\/\/mouldking.store\/es\/wp-json\/wp\/v2\/types\/product"}],"replies":[{"embeddable":true,"href":"https:\/\/mouldking.store\/es\/wp-json\/wp\/v2\/comments?post=22631"}],"wp:featuredmedia":[{"embeddable":true,"href":"https:\/\/mouldking.store\/es\/wp-json\/wp\/v2\/media\/22627"}],"wp:attachment":[{"href":"https:\/\/mouldking.store\/es\/wp-json\/wp\/v2\/media?parent=22631"}],"wp:term":[{"taxonomy":"product_cat","embeddable":true,"href":"https:\/\/mouldking.store\/es\/wp-json\/wp\/v2\/product_cat?post=22631"},{"taxonomy":"product_tag","embeddable":true,"href":"https:\/\/mouldking.store\/es\/wp-json\/wp\/v2\/product_tag?post=22631"}],"curies":[{"name":"wp","href":"https:\/\/api.w.org\/{rel}","templated":true}]}}