{"id":22704,"date":"2021-10-10T04:42:41","date_gmt":"2021-10-09T21:42:41","guid":{"rendered":"https:\/\/mouldking.store\/shop\/moc-30204-sw-rogue-one-star-wars-by-benbuildslego-moc-factory\/"},"modified":"2025-12-25T09:21:08","modified_gmt":"2025-12-25T02:21:08","slug":"moc-30204-sw-rogue-one-star-wars-by-benbuildslego-moc-factory","status":"publish","type":"product","link":"https:\/\/mouldking.store\/es\/shop\/moc-30204-sw-rogue-one-star-wars-by-benbuildslego-moc-factory\/","title":{"rendered":"MOC-30204 SW - Rogue One Star Wars de benbuildslego MOC FACTORY"},"content":{"rendered":"<p style=\"text-align: left\">MOC-30204 SW \u2013 Rogue One Star Wars de benbuildslego MOC FACTORY es un set de la colecci\u00f3n Star Wars, dise\u00f1ado por benbuildslego. Este MOC 30204 viene con instrucciones en PDF que son f\u00e1ciles de construir y encontrar las piezas que faltan. El conjunto contiene 601 piezas, lanzado por primera vez en 2021.<\/p>\n<figure id=\"attachment_201248\" aria-describedby=\"caption-attachment-201248\" style=\"width: 800px\" class=\"wp-caption aligncenter\"><a href=\"https:\/\/pay.lpwstore.com\/wp-content\/uploads\/2021\/01\/MOC-30204-SW-Rogue-One-Star-Wars-by-benbuildslego-MOC-FACTORY.jpg\" target=\"_blank\" rel=\"noopener\"><img fetchpriority=\"high\" decoding=\"async\" class=\"wp-image-201248 size-full\" title=\"MOC-30204 SW - Rogue One Star Wars de benbuildslego MOC FACTORY\" src=\"https:\/\/pay.lpwstore.com\/wp-content\/uploads\/2021\/01\/MOC-30204-SW-Rogue-One-Star-Wars-by-benbuildslego-MOC-FACTORY.jpg\" alt=\"MOC-30204 SW - Rogue One Star Wars by benbuildslego MOC FACTORY\" width=\"800\" height=\"800\" \/><\/a><figcaption id=\"caption-attachment-201248\" class=\"wp-caption-text\">MOC-30204 SW - Rogue One Star Wars de benbuildslego MOC FACTORY<\/figcaption><\/figure>\n<p><img decoding=\"async\" class=\"alignnone size-full wp-image-201249 aligncenter\" src=\"https:\/\/pay.lpwstore.com\/wp-content\/uploads\/2021\/01\/MOC-30204-SW-Rogue-One-Star-Wars-by-benbuildslego-MOC-FACTORY-2.jpg\" alt=\"-\" width=\"800\" height=\"800\" title=\"-\"><\/p>","protected":false},"excerpt":{"rendered":"<ul>\n<li>Incluir\u00a0<strong>601<\/strong>+ piezas<\/li>\n<li>Instrucci\u00f3n PDF en l\u00ednea<\/li>\n<li>Bloque ABS de alta calidad.<\/li>\n<\/ul>","protected":false},"featured_media":22702,"comment_status":"open","ping_status":"closed","template":"","meta":{"_acf_changed":false},"product_cat":[415],"product_tag":[],"class_list":["product","first","instock","shipping-taxable","purchasable","product-type-simple"],"acf":[],"_links":{"self":[{"href":"https:\/\/mouldking.store\/es\/wp-json\/wp\/v2\/product\/22704","targetHints":{"allow":["GET"]}}],"collection":[{"href":"https:\/\/mouldking.store\/es\/wp-json\/wp\/v2\/product"}],"about":[{"href":"https:\/\/mouldking.store\/es\/wp-json\/wp\/v2\/types\/product"}],"replies":[{"embeddable":true,"href":"https:\/\/mouldking.store\/es\/wp-json\/wp\/v2\/comments?post=22704"}],"wp:featuredmedia":[{"embeddable":true,"href":"https:\/\/mouldking.store\/es\/wp-json\/wp\/v2\/media\/22702"}],"wp:attachment":[{"href":"https:\/\/mouldking.store\/es\/wp-json\/wp\/v2\/media?parent=22704"}],"wp:term":[{"taxonomy":"product_cat","embeddable":true,"href":"https:\/\/mouldking.store\/es\/wp-json\/wp\/v2\/product_cat?post=22704"},{"taxonomy":"product_tag","embeddable":true,"href":"https:\/\/mouldking.store\/es\/wp-json\/wp\/v2\/product_tag?post=22704"}],"curies":[{"name":"wp","href":"https:\/\/api.w.org\/{rel}","templated":true}]}}